{"id":14675,"date":"2015-12-28T01:00:39","date_gmt":"2015-12-28T01:00:39","guid":{"rendered":"https:\/\/vitavia.ee\/kasvuhoone\/toode\/siltumnica-vitavia-sirius-h\/"},"modified":"2024-05-15T10:21:22","modified_gmt":"2024-05-15T07:21:22","slug":"siltumnica-vitavia-sirius-h","status":"publish","type":"product","link":"https:\/\/vitavia.lv\/kasvuhoone\/toode\/siltumnica-vitavia-sirius-h\/","title":{"rendered":"Siltumn\u012bca Vitavia Sirius H"},"content":{"rendered":"<h3><strong>Vitavia SIRIUS \u2013 d\u0101rza paviljons vai siltumn\u012bca ar piem\u0113rotu formu, kas bag\u0101tin\u0101s j\u016bsu d\u0101rzu.<\/strong><\/h3>\n<p>Ide\u0101la vieta atp\u016btai, viesu uz\u0146em\u0161anai vai augu audz\u0113\u0161anai.<strong><br \/>\n<\/strong><strong><br \/>\nPlat\u012bba: 13,0 m2.<\/strong><br \/>\n<strong>Garums: 3,84 m<\/strong><br \/>\n<strong>Platums: 3,84 m<br \/>\nS\u0101nu augstums 1,56 m<\/strong><br \/>\n<strong>Maksim\u0101lais augstums: 2,52 m<\/strong><br \/>\n<strong>Pla\u0161a ieeja ar div\u0101m b\u012bd\u0101m\u0101m durv\u012bm priek\u0161pus\u0113, kuru izm\u0113ri ir 1,22 m x 1,99 m.<\/strong><\/p>\n<h3><strong>Cen\u0101 ietilpst karkass, pamatne, jumts un \u010detri jumta logi.<\/strong><\/h3>\n<div class=\"wpb_text_column wpb_content_element wpb_animate_when_almost_visible wpb_bottom-to-top wpb_start_animation\">\n<div class=\"wpb_wrapper\">\n<ul>\n<li>p\u0101rkl\u0101ts ar 3 mm r\u016bd\u012btu stiklu<\/li>\n<li>anod\u0113ta alum\u012bnija korpuss<\/li>\n<li>pieejam\u0101s kr\u0101sas:<br \/>\n&#8211; anod\u0113ts alum\u012bnija pel\u0113ks<br \/>\n&#8211; za\u013c\u0161 pulverkr\u0101sas p\u0101rkl\u0101jums<br \/>\n&#8211; melns pulverkr\u0101sas p\u0101rkl\u0101jums<\/li>\n<li>met\u0101la pamatnes r\u0101mis<\/li>\n<li>gumijas bl\u012bves<\/li>\n<li>lietus \u016bdens caurules<\/li>\n<li>4 jumta logi<\/li>\n<li>2 b\u012bd\u0101m\u0101s b\u012bd\u0101m\u0101s durvis, kas atveras pret\u0113jos virzienos<\/li>\n<\/ul>\n<\/div>\n<\/div>\n<p>R\u0101mis ir izgatavots no anod\u0113ta alum\u012bnija (ilgsto\u0161i skaistam izskatam un alum\u012bnija iztur\u012bbai), un tas ir pieejams ar\u012b pulverkr\u0101sojuma kr\u0101sojum\u0101.<\/p>\n<p>Var pas\u016bt\u012bt da\u017e\u0101dus piederumus:<br \/>\n\u2013 jumta birste za\u013ca un melna <strong>240 eur<\/strong><br \/>\n\u2013 jumta logs: pel\u0113ks <strong>45 eur<\/strong> , melns un za\u013c\u0161 <strong>60 eur<\/strong><br \/>\n\u2013 autom\u0101tiskais logu atv\u0113r\u0113js <strong>45 eur<\/strong><br \/>\n&#8211; da\u017e\u0101di iek\u0161\u0113jie plaukti un palikt\u0146i, lietus\u016bdens caurules, ap\u016bde\u0146o\u0161anas sist\u0113ma, siltuma sist\u0113mas, augu stiprin\u0101jumi u. c.<\/p>\n<h4><strong><a href=\"https:\/\/vitavia.ee\/kasvuhoone\/tootekategooria\/kasvuhoone-lisavarustus\/\" target=\"_blank\" rel=\"noopener noreferrer\">Skatiet pieejamos piederumus<\/a><\/strong><\/h4>\n<p><em>Fonds noteikti nav nepiecie\u0161ams, bet ir v\u0113lams. Cen\u0101 nav iek\u013cauta pamatu izb\u016bve un uzst\u0101d\u012b\u0161ana.<br \/>\nIzstr\u0101d\u0101juma cen\u0101 ir iek\u013cauts pamatnes r\u0101mis, lai to piestiprin\u0101tu pie z\u0101liena vai jebkuras citas sagatavotas virsmas.<br \/>\nNB! Lab\u0101k\u0101 pieg\u0101des pasta s\u016bt\u012bjuma cena tiks apr\u0113\u0137in\u0101ta, pamatojoties uz j\u016bsu nor\u0101d\u012bto adresi, un jums tiks nos\u016bt\u012bta pa e-pastu.<\/em><\/p>\n<h3><a href=\"https:\/\/youtu.be\/-4zXyeMetnM\" target=\"_blank\" rel=\"noopener noreferrer\">Vitavia iepaz\u012b\u0161an\u0101s video<\/a><\/h3>\n","protected":false},"excerpt":{"rendered":"<p><span title=\"Skat\u012bt visus izm\u0113rus zem\u0101k redzamaj\u0101 tabul\u0101\">3,84 m x 3,84 m = 13m\u00b2<\/span><br \/>\n<a class=\"alus_rm\" href=\"https:\/\/vitavia.ee\/wp-content\/uploads\/2017\/10\/Kasvuhoone-Sirius-paigaldusjuhend.pdf#page=14\" target=\"blanc\" rel=\"noopener\">NB! Siltumn\u012bcas pamatnes r\u0101mja \u0101r\u0113jos izm\u0113rus skatiet \u0161eit<\/a><br \/>\n<span style=\"color: #f5bd2f;\"><strong>Ikm\u0113ne\u0161a maks\u0101jums al. 265,83 eiro<\/strong><\/span><\/p>\n","protected":false},"featured_media":12035,"comment_status":"closed","ping_status":"closed","template":"","meta":[],"product_brand":[],"product_cat":[435],"product_tag":[1621,385,386,444,387,472,388,473,389],"class_list":{"0":"post-14675","1":"product","2":"type-product","3":"status-publish","4":"has-post-thumbnail","6":"product_cat-sirius-lv","7":"product_tag-rudits-stikls","8":"product_tag-siltumnica","9":"product_tag-siltumnicas","10":"product_tag-stikla-paviljons","11":"product_tag-siltumnica-lv","12":"product_tag-vitavia-lv","13":"product_tag-siltumnica-lv-2","14":"product_tag-sirius-lv","15":"product_tag-siltumnicas-lv","16":"pa_kattematerjal-rudits-stikls","17":"pa_kulje-korgus-156-m-lv","18":"pa_laius-384-m-lv","19":"pa_pikkus-384-m-lv","20":"pa_pindala-13-m2-lv","21":"pa_pindala_vahemik-12-16-m-lv","22":"pa_tipu-korgus-252-m-lv","23":"pa_varv-zale","24":"infinite-scroll-item","25":"no-featured-image-padding","26":"sales-flash-overlay","27":"woocommerce-text-align-left","28":"woocommerce-image-align-center","29":"do-quantity-buttons","31":"first","32":"instock","33":"sale","34":"shipping-taxable","35":"purchasable","36":"product-type-simple"},"_links":{"self":[{"href":"https:\/\/vitavia.lv\/kasvuhoone\/wp-json\/wp\/v2\/product\/14675","targetHints":{"allow":["GET"]}}],"collection":[{"href":"https:\/\/vitavia.lv\/kasvuhoone\/wp-json\/wp\/v2\/product"}],"about":[{"href":"https:\/\/vitavia.lv\/kasvuhoone\/wp-json\/wp\/v2\/types\/product"}],"replies":[{"embeddable":true,"href":"https:\/\/vitavia.lv\/kasvuhoone\/wp-json\/wp\/v2\/comments?post=14675"}],"wp:featuredmedia":[{"embeddable":true,"href":"https:\/\/vitavia.lv\/kasvuhoone\/wp-json\/wp\/v2\/media\/12035"}],"wp:attachment":[{"href":"https:\/\/vitavia.lv\/kasvuhoone\/wp-json\/wp\/v2\/media?parent=14675"}],"wp:term":[{"taxonomy":"product_brand","embeddable":true,"href":"https:\/\/vitavia.lv\/kasvuhoone\/wp-json\/wp\/v2\/product_brand?post=14675"},{"taxonomy":"product_cat","embeddable":true,"href":"https:\/\/vitavia.lv\/kasvuhoone\/wp-json\/wp\/v2\/product_cat?post=14675"},{"taxonomy":"product_tag","embeddable":true,"href":"https:\/\/vitavia.lv\/kasvuhoone\/wp-json\/wp\/v2\/product_tag?post=14675"}],"curies":[{"name":"wp","href":"https:\/\/api.w.org\/{rel}","templated":true}]}}