{"id":16439,"date":"2023-04-10T11:34:11","date_gmt":"2023-05-15T11:02:41","guid":{"rendered":"https:\/\/vitavia.ee\/kasvuhoone\/toode\/pie-sienas-piekaramais-balkons-vitavia-ida-3300\/"},"modified":"2025-02-11T23:04:43","modified_gmt":"2025-02-11T20:04:43","slug":"wall-rhodocoon-vitavia-ida-3300","status":"publish","type":"product","link":"https:\/\/vitavia.lv\/kasvuhoone\/toode\/wall-rhodocoon-vitavia-ida-3300\/","title":{"rendered":"Sienas balkona siltumn\u012bca Vitavia Ida 3300"},"content":{"rendered":"<h3><strong>Vitavia IDA &#8211; pie sienas stiprin\u0101ma siltumn\u012bca ar div\u0101m b\u012bd\u0101m\u0101m durv\u012bm \/ 1,3 mx 2,57 m.<\/strong><\/h3>\n<p>Pie sienas stiprin\u0101ma siltumn\u012bca ir ide\u0101li piem\u0113rota tiem, kam ir maz\u0101k vietas.<\/p>\n<p>Maz\u0101kus mode\u013cus var novietot pat uz balkona vai verandas, \u013caujot r\u016bp\u0113ties par augiem pat pils\u0113tas dz\u012bvok\u013cos.<br \/>\n Maz\u0101kos d\u0101rzos siltumn\u012bcu var vienk\u0101r\u0161i novietot pie m\u0101jas sienas un tai nav nepiecie\u0161ama liela plat\u012bba.<\/p>\n<p>Sienas mode\u013ci ir pieejami se\u0161os da\u017e\u0101dos izm\u0113ros.<\/p>\n<p>Visiem mode\u013ciem atkar\u012bb\u0101 no izm\u0113ra ir 1 l\u012bdz 2 jumta logi un 1 vai 2 b\u012bd\u0101m\u0101s durvis.<\/p>\n<p><strong>Izm\u0113ru tabula da\u017e\u0101diem Ida siltumn\u012bcas mode\u013ciem:<\/strong><\/p>\n<div class=\"tabel-scroll-x\">\n<table class=\"spec\" border=\"0\">\n<tbody>\n<tr>\n<th style=\"text-align: left;\" width=\"90\">Modelis<\/th>\n<th style=\"text-align: left;\" width=\"72\">Plat\u012bba<\/th>\n<th style=\"text-align: left;\" width=\"72\">Garums<\/th>\n<th style=\"text-align: left;\" width=\"72\">Platums<\/th>\n<th style=\"text-align: left;\" width=\"72\">S\u0101nu<\/th>\n<th style=\"text-align: left;\" width=\"72\">Augstums<\/th>\n<th style=\"text-align: left;\" width=\"50\">Logi<\/th>\n<\/tr>\n<tr>\n<td>Ida&nbsp;900<\/td>\n<td>0<sup>.9m2<\/sup><\/td>\n<td>1.32m<\/td>\n<td>0.69m<\/td>\n<td>1.52m<\/td>\n<td>1.84m<\/td>\n<td>1<\/td>\n<\/tr>\n<tr>\n<td>Ida 1300<\/td>\n<td>1<sup>.34m2<\/sup><\/td>\n<td>1.94m<\/td>\n<td>0.69m<\/td>\n<td>1.52m<\/td>\n<td>1.84m<\/td>\n<td>1<\/td>\n<\/tr>\n<tr>\n<td>Ida 3300<\/td>\n<td>3<sup>.3m2<\/sup><\/td>\n<td>2.57m<\/td>\n<td>1.3m<\/td>\n<td>1.65m<\/td>\n<td>2.22m<\/td>\n<td>1<\/td>\n<\/tr>\n<tr>\n<td>Ida 5200<\/td>\n<td>5<sup>.2m2<\/sup><\/td>\n<td>2.62m<\/td>\n<td>2.01m<\/td>\n<td>1.69m<\/td>\n<td>2.21m<\/td>\n<td>1<\/td>\n<\/tr>\n<tr>\n<td>Ida 6500<\/td>\n<td>6<sup>.5m2<\/sup><\/td>\n<td>3.24m<\/td>\n<td>2.01m<\/td>\n<td>1.69m<\/td>\n<td>2.21m<\/td>\n<td>2<\/td>\n<\/tr>\n<tr>\n<td>Ida&nbsp;7800<\/td>\n<td>7<sup>.8m2<\/sup><\/td>\n<td>3.87m<\/td>\n<td>2.01m<\/td>\n<td>1.69m<\/td>\n<td>2.21m<\/td>\n<td>2<\/td>\n<\/tr>\n<\/tbody>\n<\/table>\n<\/div>\n<p><em>&#8211; Kr\u0101su opcijas ietver pel\u0113ku un pulverkr\u0101sotu za\u013cu vai melnu. Tr\u012bs liel\u0101ki mode\u013ci ir pieejami tikai pel\u0113k\u0101 un meln\u0101 pulverkr\u0101sot\u0101 kr\u0101s\u0101.<br \/>\n &#8211; K\u0101 p\u0101rsegu varat izv\u0113l\u0113ties 3 mm stiklu vai 4 mm polikarbon\u0101tu<br \/>\n &#8211; 1 vai 2 b\u012bd\u0101m\u0101s durvis priek\u0161\u0101 atkar\u012bb\u0101 no izm\u0113ra<br \/>\n &#8211; 1 l\u012bdz 2 jumta logi<br \/>\n &#8211; Pamata r\u0101mis pieejams visiem mode\u013ciem<br \/>\n<\/em><\/p>\n<p>R\u0101mis ir izgatavots no anod\u0113ta alum\u012bnija (nodro\u0161inot ilgsto\u0161u skaistu alum\u012bnija izskatu un iztur\u012bbu) un ir pieejams ar\u012b pulvera p\u0101rkl\u0101jum\u0101.<\/p>\n<p>Var pas\u016bt\u012bt da\u017e\u0101dus papildu piederumus: logu, apak\u0161\u0113jo ventil\u0101cijas l\u016bkas atveri, autom\u0101tisko logu atv\u0113r\u0161anas meh\u0101nismu, pamatnes r\u0101mi, iek\u0161\u0113jos plauktus u. c.<\/p>\n<p><strong><a href=\"http:\/\/mwlconstruct.eu\/e-pood\/tootekategooria\/kasvuhoone-lisavarustus\/\" target=\"_blank\" rel=\"noopener noreferrer\">Skat\u012bt piederumus<\/a><\/strong><\/p>\n<p><em>Ton\u0101lais kr\u0113ms nav oblig\u0101ti nepiecie\u0161ams, bet ieteicams.<br \/>\n Ja siltumn\u012bcai ir pamatnes karkass, to var piestiprin\u0101t tie\u0161i pie zemes vai uz citas sagatavotas virsmas (koka kl\u0101ja vai akmens virsmas).<br \/>\n Preces cen\u0101 nav iek\u013cauts b\u0101zes r\u0101mis.<\/em><\/p>\n<h3><a href=\"https:\/\/youtu.be\/-4zXyeMetnM\" target=\"_blank\" rel=\"noopener noreferrer\">Vitavia demonstr\u0101cijas video  <\/a><\/h3>\n<h3><a href=\"https:\/\/youtu.be\/Lfgc5DIekdY\" target=\"_blank\" rel=\"noopener noreferrer\">Sienas siltumn\u012bcas demonstr\u0101cijas video<\/a><\/h3>\n","protected":false},"excerpt":{"rendered":"<p><span title=\"Skat\u012bt visus izm\u0113rus zem\u0101k redzamaj\u0101 tabul\u0101\">1,3&nbsp;m x 2,57&nbsp;m = 3,3&nbsp;m\u00b2<\/span><br \/>\n <a class=\"alus_rm\" href=\"https:\/\/vitavia.ee\/kasvuhoone\/wp-content\/uploads\/2021\/06\/Kasvuhoone_IDA_paigaldusjuhend_3300__007.01.1703_-_dansk_tekst.pdf#page=6\" target=\"blanc\" rel=\"noopener\"><span class=\"alus_rm_bold\">NB!<\/span> Siltumn\u012bcas pamatnes r\u0101mja \u0101r\u0113jos izm\u0113rus skat\u012bt \u0161eit.<\/a><br \/>\n <span style=\"color: #f5bd2f;\"><strong>Ikm\u0113ne\u0161a maks\u0101jums s\u0101kot. 52,08 \u20ac<\/strong><\/span><\/p>\n","protected":false},"featured_media":13045,"comment_status":"closed","ping_status":"closed","template":"","meta":[],"product_brand":[],"product_cat":[1195],"product_tag":[385,386,1082,1087,472],"class_list":{"0":"post-16439","1":"product","2":"type-product","3":"status-publish","4":"has-post-thumbnail","6":"product_cat-balkonu-ekas","7":"product_tag-siltumnica","8":"product_tag-siltumnicas","9":"product_tag-pie-sienas-stiprinama-siltumnica","10":"product_tag-sienas-siltumnica","11":"product_tag-vitavia-lv","12":"pa_kattematerjal-stikls","13":"pa_kattematerjal-polikarbonats-4-mm","14":"pa_kulje-korgus-165-m-lv","15":"pa_laius-130-m-lv","16":"pa_pikkus-258-m-lv","17":"pa_pindala-33-m2-lv","18":"pa_pindala_vahemik-09-5-m-lv","19":"pa_tipu-korgus-222-m-lv","20":"pa_varv-melns","21":"pa_varv-zale","22":"infinite-scroll-item","23":"no-featured-image-padding","24":"sales-flash-overlay","25":"woocommerce-text-align-left","26":"woocommerce-image-align-center","27":"do-quantity-buttons","29":"first","30":"instock","31":"shipping-taxable","32":"purchasable","33":"product-type-variable"},"_links":{"self":[{"href":"https:\/\/vitavia.lv\/kasvuhoone\/wp-json\/wp\/v2\/product\/16439","targetHints":{"allow":["GET"]}}],"collection":[{"href":"https:\/\/vitavia.lv\/kasvuhoone\/wp-json\/wp\/v2\/product"}],"about":[{"href":"https:\/\/vitavia.lv\/kasvuhoone\/wp-json\/wp\/v2\/types\/product"}],"replies":[{"embeddable":true,"href":"https:\/\/vitavia.lv\/kasvuhoone\/wp-json\/wp\/v2\/comments?post=16439"}],"wp:featuredmedia":[{"embeddable":true,"href":"https:\/\/vitavia.lv\/kasvuhoone\/wp-json\/wp\/v2\/media\/13045"}],"wp:attachment":[{"href":"https:\/\/vitavia.lv\/kasvuhoone\/wp-json\/wp\/v2\/media?parent=16439"}],"wp:term":[{"taxonomy":"product_brand","embeddable":true,"href":"https:\/\/vitavia.lv\/kasvuhoone\/wp-json\/wp\/v2\/product_brand?post=16439"},{"taxonomy":"product_cat","embeddable":true,"href":"https:\/\/vitavia.lv\/kasvuhoone\/wp-json\/wp\/v2\/product_cat?post=16439"},{"taxonomy":"product_tag","embeddable":true,"href":"https:\/\/vitavia.lv\/kasvuhoone\/wp-json\/wp\/v2\/product_tag?post=16439"}],"curies":[{"name":"wp","href":"https:\/\/api.w.org\/{rel}","templated":true}]}}