{"id":16492,"date":"2023-01-14T14:08:14","date_gmt":"2023-05-15T14:50:58","guid":{"rendered":"https:\/\/vitavia.ee\/kasvuhoone\/toode\/siltumnica-vitavia-mars-9900\/"},"modified":"2023-05-15T17:50:58","modified_gmt":"2023-05-15T14:50:58","slug":"siltumnicas-vitavia-mars-9900","status":"publish","type":"product","link":"https:\/\/vitavia.lv\/kasvuhoone\/toode\/siltumnicas-vitavia-mars-9900\/","title":{"rendered":"Siltumn\u012bca Vitavia Mars 9900"},"content":{"rendered":"<h3><strong>Vitavia MARS &#8211; eleganta siltumn\u012bca stabilam d\u0101rzam.<\/strong><\/h3>\n<p>2,57 m plat\u0101 siltumn\u012bca ir pieejama \u010detros da\u017e\u0101dos garumos.<br \/>\nPietiekami augsta un plata siltumn\u012bca nodro\u0161ina pietiekami daudz vietas augu aug\u0161anai un att\u012bst\u012bbai.<\/p>\n<p>Ar\u012b Marsa siltumn\u012bc\u0101s ir pietiekami daudz vietas, lai t\u0101s b\u016btu ori\u0123in\u0101las un interesantas.<\/p>\n<p>Siltumn\u012bcai ir 2 b\u012bd\u0101m\u0101s durvis.<\/p>\n<p>Mars siltumn\u012bc\u0101m ir divi jumta logi.<\/p>\n<p><strong>Da\u017e\u0101du Mars siltumn\u012bcu mode\u013cu izm\u0113ru tabula:<\/strong><\/p>\n<div class=\"tabel-scroll-x\">\n<table class=\"spec\" border=\"0\">\n<tbody>\n<tr>\n<th style=\"text-align: left;\" width=\"90\">Modelis<\/th>\n<th style=\"text-align: left;\" width=\"72\">Plat\u012bba<\/th>\n<th style=\"text-align: left;\" width=\"72\">Garums<\/th>\n<th style=\"text-align: left;\" width=\"72\">Platums<\/th>\n<th style=\"text-align: left;\" width=\"72\">S\u0101nu<\/th>\n<th style=\"text-align: left;\" width=\"72\">Augstums<\/th>\n<th style=\"text-align: left;\" width=\"50\">Aknaid<\/th>\n<\/tr>\n<tr>\n<td>Mars 6700<\/td>\n<td>6<sup>.7m2<\/sup><\/td>\n<td>2.58m<\/td>\n<td>2.57m<\/td>\n<td>1.37m<\/td>\n<td>2.32m<\/td>\n<td>2<\/td>\n<\/tr>\n<tr>\n<td>Mars 8300<\/td>\n<td>8<sup>.3m2<\/sup><\/td>\n<td>3.21m<\/td>\n<td>2.57m<\/td>\n<td>1.37m<\/td>\n<td>2.32m<\/td>\n<td>2<\/td>\n<\/tr>\n<tr>\n<td>Mars 9900<\/td>\n<td>9<sup>.9m2<\/sup><\/td>\n<td>3.84m<\/td>\n<td>2.57m<\/td>\n<td>1.37m<\/td>\n<td>2.32m<\/td>\n<td>2<\/td>\n<\/tr>\n<tr>\n<td>Mars 11500<\/td>\n<td>11<sup>.5m2<\/sup><\/td>\n<td>4.46m<\/td>\n<td>2.57m<\/td>\n<td>1.37m<\/td>\n<td>2.32m<\/td>\n<td>2<\/td>\n<\/tr>\n<\/tbody>\n<\/table>\n<\/div>\n<p><em>&#8211; pieejams pel\u0113k\u0101, meln\u0101 un za\u013c\u0101 kr\u0101s\u0101<br \/>\n&#8211; 3 mm stikla, r\u016bd\u012bta stikla vai 6 mm polikarbon\u0101ta p\u0101rkl\u0101jums.<br \/>\n&#8211; priek\u0161\u0101 2 b\u012bd\u0101m\u0101s durvis<br \/>\n&#8211; 2 jumta logi<br \/>\n&#8211; visiem mode\u013ciem pieejams papildu pamatnes r\u0101mis ar k\u0101j\u0101m<\/em><\/p>\n<p>R\u0101mis ir izgatavots no anod\u0113ta alum\u012bnija (kas pie\u0161\u0137ir alum\u012bnijam ilgm\u016b\u017e\u012bgu, skaistu izskatu un iztur\u012bbu), un tas ir pieejams ar\u012b pulverkr\u0101sojuma kr\u0101sojum\u0101.<\/p>\n<p>Var pas\u016bt\u012bt da\u017e\u0101dus papildu piederumus: logu, apak\u0161\u0113jo ventil\u0101cijas l\u016bkas atveri, autom\u0101tisko logu atv\u0113r\u0161anas meh\u0101nismu, pamatnes r\u0101mi, iek\u0161\u0113jos plauktus u. c.<\/p>\n<p><strong><a href=\"http:\/\/mwlconstruct.eu\/e-pood\/tootekategooria\/kasvuhoone-lisavarustus\/\" target=\"_blank\" rel=\"noopener noreferrer\">Skat\u012bt piederumus<\/a><\/strong><\/p>\n<p><em>Fonds noteikti nav nepiecie\u0161ams, bet ir v\u0113lams.<br \/>\nJa siltumn\u012bcai ir pamatne, to var piestiprin\u0101t pie z\u0101les vai jebkuras citas sagatavotas virsmas.<br \/>\nCen\u0101 nav iek\u013cauts b\u0101zes r\u0101mis.<\/em><\/p>\n<h3><a href=\"https:\/\/youtu.be\/-4zXyeMetnM\" target=\"_blank\" rel=\"noopener noreferrer\">Vitavia demonstr\u0101cijas video  <\/a><\/h3>\n","protected":false},"excerpt":{"rendered":"<p><span title=\"Skat\u012bt visus izm\u0113rus zem\u0101k redzamaj\u0101 tabul\u0101\">2,57m x 3,84m = 9,9m\u00b2<\/span><br \/>\n<span style=\"color: #f5bd2f;\"><strong>Ikm\u0113ne\u0161a maksa no 78,67 \u20ac<\/strong><\/span><\/p>\n","protected":false},"featured_media":15369,"comment_status":"closed","ping_status":"closed","template":"","meta":[],"product_brand":[],"product_cat":[1203],"product_tag":[1623,386,387,388,389,390,391,472,554,1622,385],"class_list":{"0":"post-16492","1":"product","2":"type-product","3":"status-publish","4":"has-post-thumbnail","6":"product_cat-mars-lv","7":"product_tag-polikarbonats","8":"product_tag-siltumnicas","9":"product_tag-siltumnica-lv","10":"product_tag-siltumnica-lv-2","11":"product_tag-siltumnicas-lv","12":"product_tag-triiphone-lv","13":"product_tag-triplex-lv","14":"product_tag-vitavia-lv","15":"product_tag-neptun-lv","16":"product_tag-stikls","17":"product_tag-siltumnica","18":"pa_kattematerjal-stikls","19":"pa_kattematerjal-rudits-stikls","20":"pa_kulje-korgus-135-m-lv","21":"pa_laius-257-m-lv","22":"pa_pikkus-384-m-lv","23":"pa_pindala-99-m2-lv","24":"pa_pindala_vahemik-9-12-m-lv","25":"pa_tipu-korgus-230-m-lv","26":"pa_varv-melns","27":"infinite-scroll-item","28":"no-featured-image-padding","29":"sales-flash-overlay","30":"woocommerce-text-align-left","31":"woocommerce-image-align-center","32":"do-quantity-buttons","34":"first","35":"instock","36":"shipping-taxable","37":"purchasable","38":"product-type-variable","39":"has-default-attributes"},"_links":{"self":[{"href":"https:\/\/vitavia.lv\/kasvuhoone\/wp-json\/wp\/v2\/product\/16492","targetHints":{"allow":["GET"]}}],"collection":[{"href":"https:\/\/vitavia.lv\/kasvuhoone\/wp-json\/wp\/v2\/product"}],"about":[{"href":"https:\/\/vitavia.lv\/kasvuhoone\/wp-json\/wp\/v2\/types\/product"}],"replies":[{"embeddable":true,"href":"https:\/\/vitavia.lv\/kasvuhoone\/wp-json\/wp\/v2\/comments?post=16492"}],"wp:featuredmedia":[{"embeddable":true,"href":"https:\/\/vitavia.lv\/kasvuhoone\/wp-json\/wp\/v2\/media\/15369"}],"wp:attachment":[{"href":"https:\/\/vitavia.lv\/kasvuhoone\/wp-json\/wp\/v2\/media?parent=16492"}],"wp:term":[{"taxonomy":"product_brand","embeddable":true,"href":"https:\/\/vitavia.lv\/kasvuhoone\/wp-json\/wp\/v2\/product_brand?post=16492"},{"taxonomy":"product_cat","embeddable":true,"href":"https:\/\/vitavia.lv\/kasvuhoone\/wp-json\/wp\/v2\/product_cat?post=16492"},{"taxonomy":"product_tag","embeddable":true,"href":"https:\/\/vitavia.lv\/kasvuhoone\/wp-json\/wp\/v2\/product_tag?post=16492"}],"curies":[{"name":"wp","href":"https:\/\/api.w.org\/{rel}","templated":true}]}}