{"id":16900,"date":"2021-02-25T12:37:53","date_gmt":"2021-02-25T09:37:53","guid":{"rendered":"https:\/\/vitavia.ee\/kasvuhoone\/toode\/automatiskais-sanu-logu-atverejs\/"},"modified":"2023-05-17T11:03:28","modified_gmt":"2023-05-17T08:03:28","slug":"automatiskais-logu-atverejs","status":"publish","type":"product","link":"https:\/\/vitavia.lv\/kasvuhoone\/toode\/automatiskais-logu-atverejs\/","title":{"rendered":"Autom\u0101tiskais s\u0101nu logu atv\u0113r\u0113js"},"content":{"rendered":"<p><strong>Autom\u0101tiskais s\u0101nu logu atv\u0113r\u0113js Hera 9000 un Freya mode\u013ciem<\/strong><\/p>\n<p>Autom\u0101tisk\u0101 logu atv\u0113r\u0113ja darb\u012bbai nav nepiecie\u0161ama elektr\u012bba.<\/p>\n<p>Autom\u0101tisk\u0101 celtsp\u0113ja ir 8 kg, un atv\u0113r\u0161anas augstums ir 40 cm.<\/p>\n<p><a href=\"https:\/\/www.pinterest.com\/mwlconstruct\/kasvuhoone\/\">Pinterest<\/a><br \/>\n<a href=\"http:\/\/www.vitavia.ee\/\" rel=\"nofollow\">Vitavia<\/a><\/p>\n","protected":false},"excerpt":{"rendered":"<p>Autom\u0101tiskais s\u0101nu logu atv\u0113r\u0113js Hera 9000 un Freya mode\u013ciem Autom\u0101tisk\u0101 logu atv\u0113r\u0113ja darb\u012bbai nav nepiecie\u0161ama elektr\u012bba. Autom\u0101tisk\u0101 celtsp\u0113ja ir 8 kg, un atv\u0113r\u0161anas augstums ir 40 cm. Pinterest Vitavia<\/p>\n","protected":false},"featured_media":14569,"comment_status":"closed","ping_status":"closed","template":"","meta":[],"product_brand":[],"product_cat":[992],"product_tag":[],"class_list":{"0":"post-16900","1":"product","2":"type-product","3":"status-publish","4":"has-post-thumbnail","6":"product_cat-siltumnicas-aksesuars","7":"infinite-scroll-item","8":"no-featured-image-padding","9":"sales-flash-overlay","10":"woocommerce-text-align-left","11":"woocommerce-image-align-center","12":"do-quantity-buttons","14":"first","15":"instock","16":"shipping-taxable","17":"purchasable","18":"product-type-simple"},"_links":{"self":[{"href":"https:\/\/vitavia.lv\/kasvuhoone\/wp-json\/wp\/v2\/product\/16900","targetHints":{"allow":["GET"]}}],"collection":[{"href":"https:\/\/vitavia.lv\/kasvuhoone\/wp-json\/wp\/v2\/product"}],"about":[{"href":"https:\/\/vitavia.lv\/kasvuhoone\/wp-json\/wp\/v2\/types\/product"}],"replies":[{"embeddable":true,"href":"https:\/\/vitavia.lv\/kasvuhoone\/wp-json\/wp\/v2\/comments?post=16900"}],"wp:featuredmedia":[{"embeddable":true,"href":"https:\/\/vitavia.lv\/kasvuhoone\/wp-json\/wp\/v2\/media\/14569"}],"wp:attachment":[{"href":"https:\/\/vitavia.lv\/kasvuhoone\/wp-json\/wp\/v2\/media?parent=16900"}],"wp:term":[{"taxonomy":"product_brand","embeddable":true,"href":"https:\/\/vitavia.lv\/kasvuhoone\/wp-json\/wp\/v2\/product_brand?post=16900"},{"taxonomy":"product_cat","embeddable":true,"href":"https:\/\/vitavia.lv\/kasvuhoone\/wp-json\/wp\/v2\/product_cat?post=16900"},{"taxonomy":"product_tag","embeddable":true,"href":"https:\/\/vitavia.lv\/kasvuhoone\/wp-json\/wp\/v2\/product_tag?post=16900"}],"curies":[{"name":"wp","href":"https:\/\/api.w.org\/{rel}","templated":true}]}}