{"id":16913,"date":"2023-02-17T17:50:39","date_gmt":"2023-05-17T08:03:29","guid":{"rendered":"https:\/\/vitavia.ee\/kasvuhoone\/toode\/siltumnica-bora-bora-ar-platumu-306-m\/"},"modified":"2023-05-17T11:03:29","modified_gmt":"2023-05-17T08:03:29","slug":"siltumnicas-bora-bora-platums-306-m","status":"publish","type":"product","link":"https:\/\/vitavia.lv\/kasvuhoone\/toode\/siltumnicas-bora-bora-platums-306-m\/","title":{"rendered":"Siltumn\u012bca Bora-Bora ar platumu 3,06 m"},"content":{"rendered":"<p style=\"text-align: left;\">Ide\u0101ls risin\u0101jums visiem d\u0101rzkop\u012bbas entuziastiem, kuri ne tikai nodarbojas ar d\u0101rzkop\u012bbu, bet ar\u012b vienk\u0101r\u0161i izbauda uztur\u0113\u0161anos d\u0101rz\u0101 kop\u0101 ar augiem &#8211; neatkar\u012bgi no laikapst\u0101k\u013ciem.<br \/>\nM\u016bsu Be\u013c\u0123ij\u0101 ra\u017eot\u0101s ACD augst\u0101k\u0101s klases siltumn\u012bcas un d\u0101rza nojumes ir ide\u0101li piem\u0113rotas gan d\u0101rze\u0146u audz\u0113\u0161anai, gan d\u0101rza paviljoniem, lai paildzin\u0101tu laiku \u0101r\u0101.<br \/>\nUn tas viss par vislab\u0101ko cenas un kvalit\u0101tes attiec\u012bbu!<\/p>\n<p><strong>IZM\u0112RI UN INFORM\u0100CIJA:<\/strong><\/p>\n<ul>\n<li>\u012apa\u0161as formas siltumn\u012bca vai d\u0101rza paviljons sast\u0101v no div\u0101m da\u013c\u0101m &#8211; no sl\u0113gtas siltumn\u012bcas aizmugur\u0113 un atkl\u0101tas, ar jumtu segtas atp\u016btas zonas priek\u0161pus\u0113. Siltumn\u012bcas platums ir 306 cm, bet garums &#8211; 445 cm.<\/li>\n<li>Siltumn\u012bcas sl\u0113gt\u0101s da\u013cas plat\u012bba ir 6,73 m\u00b2 (306 cm x 220 cm).<\/li>\n<li>Atp\u016btas zona ir 6,73 m\u00b2 (306 cm x 220 cm).<\/li>\n<li>Jumta kores augstums, ieskaitot pamatni, ir 283 cm, un s\u0101nu sienas augstums, ieskaitot pamatni, ir 203 cm.<\/li>\n<li>Melns alum\u012bnija r\u0101mis ar pulverkr\u0101sas p\u0101rkl\u0101jumu un 4 mm r\u016bd\u012bta stikla v\u0101ks.<\/li>\n<li>Liels jumta atv\u0113rums siltumn\u012bcas sl\u0113gtaj\u0101 da\u013c\u0101 ar izm\u0113riem 78 cm x 73 cm.<\/li>\n<li>Starp atp\u016btas zonu un siltumn\u012bcu ir 1 b\u012bd\u0101m\u0101s durvis 68 cm x 185 cm.<\/li>\n<li>Siltumn\u012bcai ir divas alum\u012bnija lietus\u016bdens caurules, kas kr\u0101sotas pulverkr\u0101sas meln\u0101 kr\u0101s\u0101.<\/li>\n<\/ul>\n<p><strong>Siltumn\u012bcai ir nepiecie\u0161ams pamats vai iepriek\u0161 sagatavota akmens virsma, vai koka z\u0101liens.<\/strong><br \/>\nIztur\u012bgais alum\u012bnija pamatnes r\u0101mis nodro\u0161ina siltumn\u012bcai liel\u0101ku stabilit\u0101ti un atvieglo mont\u0101\u017eu. Pamatnes r\u0101mis ir izgatavots no iztur\u012bga kapara un ir divkameru, kas nodro\u0161ina \u012bpa\u0161i lielu stingr\u012bbu, piem\u0113ram, pret salu. Pamatnes r\u0101mim ir pievienotas enkurviru virves, ko var ierakt zem\u0113 vai izliet mais\u012bjum\u0101. T\u0101d\u0113j\u0101di apak\u0161r\u0101mis var aizst\u0101t ar\u012b atsevi\u0161\u0137u pamatu.<\/p>\n<p>Siltumn\u012bcas <strong>4 mm r\u016bd\u012btais stikls<\/strong> ir l\u012bdz pat 7 reiz\u0113m iztur\u012bg\u0101ks par parasto siltumn\u012bcas stiklu. Tas noz\u012bm\u0113 liel\u0101ku dro\u0161\u012bbu mont\u0101\u017eas un v\u0113l\u0101kas lieto\u0161anas laik\u0101. Ja stikls sapl\u012bst, no t\u0101 neveidojas b\u012bstamas asas \u0161\u0137embas, bet tikai stikla lauskas, l\u012bdz\u012bgi k\u0101 tad, ja sapl\u012bst automa\u0161\u012bnas logs. \u0160\u012b \u0161\u0137elda neboj\u0101 un netrauc\u0113 siltumn\u012bcas augsni.<\/p>\n","protected":false},"excerpt":{"rendered":"<p>Platums 3,06 m x garums 4,45 m = 13,46 m\u00b2<\/p>\n","protected":false},"featured_media":15963,"comment_status":"closed","ping_status":"closed","template":"","meta":[],"product_brand":[],"product_cat":[394],"product_tag":[386,387,388,389,390,391,1621,385],"class_list":{"0":"post-16913","1":"product","2":"type-product","3":"status-publish","4":"has-post-thumbnail","6":"product_cat-star","7":"product_tag-siltumnicas","8":"product_tag-siltumnica-lv","9":"product_tag-siltumnica-lv-2","10":"product_tag-siltumnicas-lv","11":"product_tag-triiphone-lv","12":"product_tag-triplex-lv","13":"product_tag-rudits-stikls","14":"product_tag-siltumnica","15":"pa_varv-pulverkrasa-melna-krasa-ral-9005","16":"pa_varv-pulverkrasojums-citas-ral-krasas","17":"infinite-scroll-item","18":"no-featured-image-padding","19":"sales-flash-overlay","20":"woocommerce-text-align-left","21":"woocommerce-image-align-center","22":"do-quantity-buttons","24":"first","25":"instock","26":"sale","27":"shipping-taxable","28":"purchasable","29":"product-type-variable","30":"has-default-attributes"},"_links":{"self":[{"href":"https:\/\/vitavia.lv\/kasvuhoone\/wp-json\/wp\/v2\/product\/16913","targetHints":{"allow":["GET"]}}],"collection":[{"href":"https:\/\/vitavia.lv\/kasvuhoone\/wp-json\/wp\/v2\/product"}],"about":[{"href":"https:\/\/vitavia.lv\/kasvuhoone\/wp-json\/wp\/v2\/types\/product"}],"replies":[{"embeddable":true,"href":"https:\/\/vitavia.lv\/kasvuhoone\/wp-json\/wp\/v2\/comments?post=16913"}],"wp:featuredmedia":[{"embeddable":true,"href":"https:\/\/vitavia.lv\/kasvuhoone\/wp-json\/wp\/v2\/media\/15963"}],"wp:attachment":[{"href":"https:\/\/vitavia.lv\/kasvuhoone\/wp-json\/wp\/v2\/media?parent=16913"}],"wp:term":[{"taxonomy":"product_brand","embeddable":true,"href":"https:\/\/vitavia.lv\/kasvuhoone\/wp-json\/wp\/v2\/product_brand?post=16913"},{"taxonomy":"product_cat","embeddable":true,"href":"https:\/\/vitavia.lv\/kasvuhoone\/wp-json\/wp\/v2\/product_cat?post=16913"},{"taxonomy":"product_tag","embeddable":true,"href":"https:\/\/vitavia.lv\/kasvuhoone\/wp-json\/wp\/v2\/product_tag?post=16913"}],"curies":[{"name":"wp","href":"https:\/\/api.w.org\/{rel}","templated":true}]}}