{"id":17667,"date":"2023-01-29T16:04:08","date_gmt":"2023-05-18T17:08:46","guid":{"rendered":"https:\/\/vitavia.ee\/kasvuhoone\/toode\/siltumnica-vitavia-urban\/"},"modified":"2023-05-18T20:08:46","modified_gmt":"2023-05-18T17:08:46","slug":"siltumnicas-vitavija-pilsetu","status":"publish","type":"product","link":"https:\/\/vitavia.lv\/kasvuhoone\/toode\/siltumnicas-vitavija-pilsetu\/","title":{"rendered":"Siltumn\u012bca Vitavia Urban"},"content":{"rendered":"<h3><strong>Siltumn\u012bca &#8211; Vitavia URBAN \/ b\u012bd\u0101m\u0101 b\u012bd\u0101m\u0101 nojume \/ 0,43 m x 0,81 m.<\/strong><\/h3>\n<p>Siltumn\u012bca, kas ir \u012bpa\u0161i piem\u0113rota k\u0101 pils\u0113tas siltumn\u012bca un balkona siltumn\u012bca, \u013caujot audz\u0113t nelielus d\u0101rze\u0146us, gar\u0161augus vai pu\u0137es ierobe\u017eot\u0101k\u0101s telp\u0101s.<br \/>\nPils\u0113tas siltumn\u012bcai priek\u0161pus\u0113 ir b\u012bd\u0101m\u0101s durvis &#8211; 4 stikli, no kuriem apak\u0161\u0113j\u0101 tre\u0161da\u013c\u0101 ir apak\u0161\u0113jie, bet aug\u0161\u0113j\u0101 da\u013c\u0101 &#8211; aug\u0161\u0113jie.<br \/>\nApak\u0161\u0101 siltumn\u012bcai ir iztur\u012bgi rite\u0146i ar gumijas p\u0101rkl\u0101jumu, kas vajadz\u012bbas gad\u012bjum\u0101 \u013cauj to viegli p\u0101rvietot. Rite\u0146i ir apr\u012bkoti ar bremz\u0113m, lai nostiprin\u0101tu siltumn\u012bcu viet\u0101.<br \/>\nIztur\u012bgais melnais alum\u012bnija r\u0101mis ar pulverkr\u0101sas p\u0101rkl\u0101jumu un 3 mm biezais r\u016bd\u012bta stikla v\u0101ks nodro\u0161ina gaismas piepild\u012bjumu.<br \/>\nSiltumn\u012bcas augstums ir 1,68 m.<br \/>\nSiltumn\u012bcai ir plaukts, kas \u013cauj to sadal\u012bt da\u013c\u0101s: piem\u0113ram, 40 cm aug\u0161\u0101 un 1 m apak\u0161\u0101. Siltumn\u012bca ir veidota no atsevi\u0161\u0137iem no\u0146emamiem pane\u013ciem, un, tos no\u0146emot, j\u016bs varat audz\u0113t augus vis\u0101 siltumn\u012bc\u0101.<br \/>\n\u0160ai siltumn\u012bcai ir ar\u012b 4 augu piekaramie maisi.<\/p>\n<p>Pils\u0113tas siltumn\u012bcai ir 1 jumta logs.<\/p>\n<p><strong>Pils\u0113tas siltumn\u012bcu izm\u0113ru tabula:<\/strong><\/p>\n<div class=\"tabel-scroll-x\">\n<table class=\"spec\" border=\"0\">\n<tbody>\n<tr>\n<th style=\"text-align: left;\" width=\"90\">Modelis<\/th>\n<th style=\"text-align: left;\" width=\"72\">Plat\u012bba<\/th>\n<th style=\"text-align: left;\" width=\"72\">Garums<\/th>\n<th style=\"text-align: left;\" width=\"72\">Platums<\/th>\n<th style=\"text-align: left;\" width=\"72\">S\u0101nu<\/th>\n<th style=\"text-align: left;\" width=\"72\">Augstums<\/th>\n<th style=\"text-align: left;\" width=\"50\">Logi<\/th>\n<\/tr>\n<tr>\n<td>Urban<\/td>\n<td>0<sup>.35m2<\/sup><\/td>\n<td>0.43m<\/td>\n<td>0.81m<\/td>\n<td>1.58m<\/td>\n<td>1.68m<\/td>\n<td>1<\/td>\n<\/tr>\n<\/tbody>\n<\/table>\n<\/div>\n<p><em>&#8211; Kr\u0101sas opcija: pulverkr\u0101sots melns alum\u012bnija profila r\u0101mis<br \/>\n&#8211; P\u0101rkl\u0101ts ar 3 mm r\u016bd\u012btu stiklu<br \/>\n&#8211; 4 b\u012bd\u0101m\u0101s stikla durvis<br \/>\n&#8211; 1 aug\u0161\u0113j\u0101 ventil\u0101cijas atvere<br \/>\n&#8211; Pamatnes r\u0101mis ar blo\u0137\u0113\u0161anas rite\u0146iem<br \/>\n&#8211; Iek\u0161\u0113jais plaukts un augu piekaramie stiprin\u0101jumi<\/em><\/p>\n<p>R\u0101mis ir izgatavots no alum\u012bnija ar pulverkr\u0101sas p\u0101rkl\u0101jumu meln\u0101 kr\u0101s\u0101.<\/p>\n<p><strong><a href=\"http:\/\/mwlconstruct.eu\/e-pood\/tootekategooria\/kasvuhoone-lisavarustus\/\" target=\"_blank\" rel=\"noopener noreferrer\">Skat\u012bt piederumus<\/a><\/strong><\/p>\n<h3><a href=\"https:\/\/youtu.be\/-4zXyeMetnM\" target=\"_blank\" rel=\"noopener noreferrer\">Vitavia demonstr\u0101cijas video  <\/a><\/h3>\n","protected":false},"excerpt":{"rendered":"<p><span title=\"Skat\u012bt visus izm\u0113rus zem\u0101k redzamaj\u0101 tabul\u0101\">0,91 m x 0,43 m = 0,35 m\u00b2<\/span><br \/>\n<span style=\"color: #f5bd2f;\"><strong>Ikm\u0113ne\u0161a maksa no 63,25 \u20ac<\/strong><\/span><\/p>\n","protected":false},"featured_media":15755,"comment_status":"closed","ping_status":"closed","template":"","meta":[],"product_brand":[],"product_cat":[1415],"product_tag":[472,385,1217,386,387,388,389,390,391],"class_list":{"0":"post-17667","1":"product","2":"type-product","3":"status-publish","4":"has-post-thumbnail","6":"product_cat-urban-lv","7":"product_tag-vitavia-lv","8":"product_tag-siltumnica","9":"product_tag-urban-lv","10":"product_tag-siltumnicas","11":"product_tag-siltumnica-lv","12":"product_tag-siltumnica-lv-2","13":"product_tag-siltumnicas-lv","14":"product_tag-triiphone-lv","15":"product_tag-triplex-lv","16":"pa_kattematerjal-rudits-stikls","17":"pa_kulje-korgus-1-58-m-lv","18":"pa_laius-081-m-lv","19":"pa_pikkus-043m-lv","20":"pa_pindala-032-m-lv","21":"pa_pindala_vahemik-01-09-m-lv","22":"pa_tipu-korgus-168-m-lv","23":"pa_varv-melns","24":"infinite-scroll-item","25":"no-featured-image-padding","26":"sales-flash-overlay","27":"woocommerce-text-align-left","28":"woocommerce-image-align-center","29":"do-quantity-buttons","31":"first","32":"instock","33":"shipping-taxable","34":"purchasable","35":"product-type-simple"},"_links":{"self":[{"href":"https:\/\/vitavia.lv\/kasvuhoone\/wp-json\/wp\/v2\/product\/17667","targetHints":{"allow":["GET"]}}],"collection":[{"href":"https:\/\/vitavia.lv\/kasvuhoone\/wp-json\/wp\/v2\/product"}],"about":[{"href":"https:\/\/vitavia.lv\/kasvuhoone\/wp-json\/wp\/v2\/types\/product"}],"replies":[{"embeddable":true,"href":"https:\/\/vitavia.lv\/kasvuhoone\/wp-json\/wp\/v2\/comments?post=17667"}],"wp:featuredmedia":[{"embeddable":true,"href":"https:\/\/vitavia.lv\/kasvuhoone\/wp-json\/wp\/v2\/media\/15755"}],"wp:attachment":[{"href":"https:\/\/vitavia.lv\/kasvuhoone\/wp-json\/wp\/v2\/media?parent=17667"}],"wp:term":[{"taxonomy":"product_brand","embeddable":true,"href":"https:\/\/vitavia.lv\/kasvuhoone\/wp-json\/wp\/v2\/product_brand?post=17667"},{"taxonomy":"product_cat","embeddable":true,"href":"https:\/\/vitavia.lv\/kasvuhoone\/wp-json\/wp\/v2\/product_cat?post=17667"},{"taxonomy":"product_tag","embeddable":true,"href":"https:\/\/vitavia.lv\/kasvuhoone\/wp-json\/wp\/v2\/product_tag?post=17667"}],"curies":[{"name":"wp","href":"https:\/\/api.w.org\/{rel}","templated":true}]}}