{"id":17933,"date":"2020-03-20T16:00:09","date_gmt":"2023-05-18T17:55:46","guid":{"rendered":"https:\/\/vitavia.ee\/kasvuhoone\/toode\/darza-paviljons-vitavia-sirius-m\/"},"modified":"2023-05-18T20:55:46","modified_gmt":"2023-05-18T17:55:46","slug":"aiapavilion-vitavia-sirius-m","status":"publish","type":"product","link":"https:\/\/vitavia.lv\/kasvuhoone\/toode\/aiapavilion-vitavia-sirius-m\/","title":{"rendered":"D\u0101rza paviljons Vitavia Sirius M"},"content":{"rendered":"<h3><strong>Vitavia SIRIUS &#8211; d\u0101rza paviljons vai siltumn\u012bca ar sopilisku formu, kas bag\u0101tina un izdai\u013co jebkuru d\u0101rzu.<\/strong><\/h3>\n<p>Ide\u0101la vieta atp\u016btai, viesu uz\u0146em\u0161anai vai augu audz\u0113\u0161anai.<strong><br \/>\n<\/strong><strong><br \/>\nPlat\u012bba: 13,0 m2.<\/strong><br \/>\n<strong>Garums: 3,84 m<\/strong><br \/>\n<strong>Platums: 3,84 m<br \/>\nS\u0101nu augstums 1,56 m<\/strong><br \/>\n<strong>Maksim\u0101lais augstums: 2,52 m<\/strong><\/p>\n<h3><strong>Cen\u0101 ietilpst karkass, pamatne, jumts un \u010detri jumta logi.<\/strong><\/h3>\n<div class=\"wpb_text_column wpb_content_element wpb_animate_when_almost_visible wpb_bottom-to-top wpb_start_animation\">\n<div class=\"wpb_wrapper\">\n<ul>\n<li>p\u0101rkl\u0101ts ar 3 mm r\u016bd\u012btu stiklu<\/li>\n<li>anod\u0113ta alum\u012bnija korpuss<\/li>\n<li>pieejam\u0101s kr\u0101sas:<br \/>\n&#8211; anod\u0113ts alum\u012bnija pel\u0113ks<br \/>\n&#8211; za\u013c\u0161 pulverkr\u0101sas p\u0101rkl\u0101jums<br \/>\n&#8211; melns pulverkr\u0101sas p\u0101rkl\u0101jums<\/li>\n<li>met\u0101la pamatnes r\u0101mis<\/li>\n<li>gumijas bl\u012bves starp stiklu un r\u0101mi<\/li>\n<li>lietus \u016bdens notekcaurules un 3 garas lietus \u016bdens caurules.<\/li>\n<li>4 jumta logi<\/li>\n<li>2 b\u012bd\u0101m\u0101s b\u012bd\u0101m\u0101s durvis, kas atveras pret\u0113jos virzienos<\/li>\n<\/ul>\n<\/div>\n<\/div>\n<p>R\u0101mis ir izgatavots no anod\u0113ta alum\u012bnija (ilgsto\u0161i skaistam izskatam un alum\u012bnija iztur\u012bbai), un tas ir pieejams ar\u012b pulverkr\u0101sojuma kr\u0101sojum\u0101.<\/p>\n<p>Var pas\u016bt\u012bt da\u017e\u0101dus piederumus:<br \/>\n&#8211; za\u013c\u0161 un melns kupols <strong>199 eur<\/strong><br \/>\n&#8211; jumta logs: pel\u0113ks <strong>35 eur<\/strong>, melns un za\u013c\u0161 <strong>50 eur<\/strong><br \/>\n&#8211; autom\u0101tiskais logu atv\u0113r\u0113js <strong>39 eur<\/strong><br \/>\n&#8211; da\u017e\u0101di iek\u0161\u0113jie plaukti un palikt\u0146i, lietus\u016bdens caurules, ap\u016bde\u0146o\u0161anas sist\u0113ma, siltuma sist\u0113mas, augu stiprin\u0101jumi u. c.<\/p>\n<h4><strong><a href=\"https:\/\/vitavia.ee\/kasvuhoone\/tootekategooria\/kasvuhoone-lisavarustus\/\" target=\"_blank\" rel=\"noopener noreferrer\">Skatiet pieejamos piederumus<\/a><\/strong><\/h4>\n<p><em>Fonds noteikti nav nepiecie\u0161ams, bet ir v\u0113lams. Cen\u0101 nav iek\u013cauta pamatu izb\u016bve un uzst\u0101d\u012b\u0161ana.<br \/>\nIzstr\u0101d\u0101juma cen\u0101 ir iek\u013cauts pamatnes r\u0101mis, lai to piestiprin\u0101tu pie z\u0101liena vai jebkuras citas sagatavotas virsmas.<br \/>\nNB! Lab\u0101k\u0101 pieg\u0101des pasta s\u016bt\u012bjuma cena tiks apr\u0113\u0137in\u0101ta, pamatojoties uz j\u016bsu nor\u0101d\u012bto adresi, un jums tiks nos\u016bt\u012bta pa e-pastu.<\/em><\/p>\n<h3><a href=\"https:\/\/youtu.be\/-4zXyeMetnM\" target=\"_blank\" rel=\"noopener noreferrer\">Vitavia demonstr\u0101cijas video<\/a><\/h3>\n","protected":false},"excerpt":{"rendered":"<p><span title=\"Skat\u012bt visus izm\u0113rus zem\u0101k redzamaj\u0101 tabul\u0101\">3,84 m x 3,84 m = 13m\u00b2<\/span><br \/>\n<span style=\"color: #f5bd2f;\"><strong>Ikm\u0113ne\u0161a maksa no 245,83 \u20ac<\/strong><\/span><\/p>\n","protected":false},"featured_media":12080,"comment_status":"closed","ping_status":"closed","template":"","meta":[],"product_brand":[],"product_cat":[492],"product_tag":[442,443,444,472,473,1621],"class_list":{"0":"post-17933","1":"product","2":"type-product","3":"status-publish","4":"has-post-thumbnail","6":"product_cat-darza-paviljoni","7":"product_tag-darza-maja","8":"product_tag-aiapaviljons","9":"product_tag-stikla-paviljons","10":"product_tag-vitavia-lv","11":"product_tag-sirius-lv","12":"product_tag-rudits-stikls","13":"pa_kulje-korgus-156-m-lv","14":"pa_laius-384-m-lv","15":"pa_pindala-13-m2-lv","16":"pa_pindala_vahemik-12-16-m-lv","17":"pa_tipu-korgus-252-m-lv","18":"pa_varv-melns","19":"infinite-scroll-item","20":"no-featured-image-padding","21":"sales-flash-overlay","22":"woocommerce-text-align-left","23":"woocommerce-image-align-center","24":"do-quantity-buttons","26":"first","27":"instock","28":"sale","29":"shipping-taxable","30":"purchasable","31":"product-type-simple"},"_links":{"self":[{"href":"https:\/\/vitavia.lv\/kasvuhoone\/wp-json\/wp\/v2\/product\/17933","targetHints":{"allow":["GET"]}}],"collection":[{"href":"https:\/\/vitavia.lv\/kasvuhoone\/wp-json\/wp\/v2\/product"}],"about":[{"href":"https:\/\/vitavia.lv\/kasvuhoone\/wp-json\/wp\/v2\/types\/product"}],"replies":[{"embeddable":true,"href":"https:\/\/vitavia.lv\/kasvuhoone\/wp-json\/wp\/v2\/comments?post=17933"}],"wp:featuredmedia":[{"embeddable":true,"href":"https:\/\/vitavia.lv\/kasvuhoone\/wp-json\/wp\/v2\/media\/12080"}],"wp:attachment":[{"href":"https:\/\/vitavia.lv\/kasvuhoone\/wp-json\/wp\/v2\/media?parent=17933"}],"wp:term":[{"taxonomy":"product_brand","embeddable":true,"href":"https:\/\/vitavia.lv\/kasvuhoone\/wp-json\/wp\/v2\/product_brand?post=17933"},{"taxonomy":"product_cat","embeddable":true,"href":"https:\/\/vitavia.lv\/kasvuhoone\/wp-json\/wp\/v2\/product_cat?post=17933"},{"taxonomy":"product_tag","embeddable":true,"href":"https:\/\/vitavia.lv\/kasvuhoone\/wp-json\/wp\/v2\/product_tag?post=17933"}],"curies":[{"name":"wp","href":"https:\/\/api.w.org\/{rel}","templated":true}]}}