{"id":18185,"date":"2015-12-30T13:19:49","date_gmt":"2015-12-30T13:19:49","guid":{"rendered":"https:\/\/vitavia.ee\/kasvuhoone\/toode\/siltumnica-vitavia-venus-5000\/"},"modified":"2023-05-18T21:06:10","modified_gmt":"2023-05-18T18:06:10","slug":"kasvuhoone-vitavia-venus-5000-5-m2","status":"publish","type":"product","link":"https:\/\/vitavia.lv\/kasvuhoone\/toode\/kasvuhoone-vitavia-venus-5000-5-m2\/","title":{"rendered":"Siltumn\u012bca Vitavia Venus 5000"},"content":{"rendered":"<h3><strong>Vitavia VENUS &#8211; ide\u0101la siltumn\u012bca vairumam d\u0101rzkopju \/ 1,93 m x 2,57 m.<\/strong><\/h3>\n<p>1,93 m plat\u0101 siltumn\u012bca ir pieejama piecos da\u017e\u0101dos garumos.<br \/>\nT\u0101p\u0113c t\u0101 ir piem\u0113rota gan ies\u0101c\u0113jiem mazos izm\u0113ros, gan pieredz\u0113ju\u0161iem d\u0101rzkopjiem liel\u0101kos izm\u0113ros.<\/p>\n<p>Siltumn\u012bcai ir vienas b\u012bd\u0101m\u0101s durvis, kuras var p\u0101rvietot pa labi vai pa kreisi, lai t\u0101s atv\u0113rtu. Atv\u0113rt\u0101s durvis var ar\u012b fiks\u0113t da\u017e\u0101dos atv\u0113rtos st\u0101vok\u013cos.<\/p>\n<p>Atkar\u012bb\u0101 no lieluma Venus siltumn\u012bc\u0101s ir viens vai divi jumta logi.<\/p>\n<p><strong>Ven\u0113ras siltumn\u012bcu izm\u0113ru tabula da\u017e\u0101diem mode\u013ciem:<\/strong><\/p>\n<div class=\"tabel-scroll-x\">\n<table class=\"spec\" border=\"0\">\n<tbody>\n<tr>\n<th style=\"text-align: left;\" width=\"90\">Modelis<\/th>\n<th style=\"text-align: left;\" width=\"72\">Plat\u012bba<\/th>\n<th style=\"text-align: left;\" width=\"72\">Garums<\/th>\n<th style=\"text-align: left;\" width=\"72\">Platums<\/th>\n<th style=\"text-align: left;\" width=\"72\">S\u0101nu<\/th>\n<th style=\"text-align: left;\" width=\"72\">Augstums<\/th>\n<th style=\"text-align: left;\" width=\"50\">Logi<\/th>\n<\/tr>\n<tr>\n<td>Ven\u0113ra 2500<\/td>\n<td>2<sup>.5m2<\/sup><\/td>\n<td>1.31m<\/td>\n<td>1.93m<\/td>\n<td>1.24m<\/td>\n<td>1.97m<\/td>\n<td>1<\/td>\n<\/tr>\n<tr>\n<td>Venus 3800<\/td>\n<td>3<sup>.8m2<\/sup><\/td>\n<td>1.95m<\/td>\n<td>1.93m<\/td>\n<td>1.24m<\/td>\n<td>1.97m<\/td>\n<td>1<\/td>\n<\/tr>\n<tr>\n<td>Venus 5000<\/td>\n<td>5<sup>.0m2<\/sup><\/td>\n<td>2.57m<\/td>\n<td>1.93m<\/td>\n<td>1.24m<\/td>\n<td>1.97m<\/td>\n<td>1<\/td>\n<\/tr>\n<tr>\n<td>Venus 6200<\/td>\n<td>6<sup>.2m2<\/sup><\/td>\n<td>3.21m<\/td>\n<td>1.93m<\/td>\n<td>1.24m<\/td>\n<td>1.97m<\/td>\n<td>2<\/td>\n<\/tr>\n<tr>\n<td>Venus 7500<\/td>\n<td>7<sup>.5m2<\/sup><\/td>\n<td>3.84m<\/td>\n<td>1.93m<\/td>\n<td>1.24m<\/td>\n<td>1.97m<\/td>\n<td>2<\/td>\n<\/tr>\n<\/tbody>\n<\/table>\n<\/div>\n<p><em>&#8211; pieejams pel\u0113k\u0101 un za\u013c\u0101 kr\u0101s\u0101<br \/>\n&#8211; 3 mm stikla, r\u016bd\u012bta stikla vai 4 mm polikarbon\u0101ta p\u0101rkl\u0101jums.<br \/>\n&#8211; priek\u0161\u0113j\u0101s b\u012bd\u0101m\u0101s durvis<br \/>\n&#8211; 1 vai 2 jumta logi atkar\u012bb\u0101 no izm\u0113ra<br \/>\n&#8211; visu mode\u013cu b\u0101zes r\u0101mis<\/em><\/p>\n<p>R\u0101mis ir izgatavots no anod\u0113ta alum\u012bnija (kas pie\u0161\u0137ir alum\u012bnijam ilgm\u016b\u017e\u012bgu, skaistu izskatu un iztur\u012bbu), un tas ir pieejams ar\u012b pulverkr\u0101sojuma kr\u0101sojum\u0101.<\/p>\n<p>Var pas\u016bt\u012bt da\u017e\u0101dus papildu piederumus: logu, apak\u0161\u0113jo ventil\u0101cijas l\u016bkas atveri, autom\u0101tisko logu atv\u0113r\u0161anas meh\u0101nismu, pamatnes r\u0101mi, iek\u0161\u0113jos plauktus u. c.<\/p>\n<h4><strong><a href=\"http:\/\/mwlconstruct.eu\/e-pood\/tootekategooria\/kasvuhoone-lisavarustus\/\" target=\"_blank\" rel=\"noopener noreferrer\">Skat\u012bt piederumus<\/a><\/strong><\/h4>\n<p><em>Fonds noteikti nav nepiecie\u0161ams, bet ir v\u0113lams.<br \/>\nJa siltumn\u012bcai ir pamatne, to var piestiprin\u0101t pie z\u0101les vai jebkuras citas sagatavotas virsmas.<br \/>\nCen\u0101 nav iek\u013cauts b\u0101zes r\u0101mis.<\/em><\/p>\n<h3><a href=\"https:\/\/youtu.be\/-4zXyeMetnM\" target=\"_blank\" rel=\"noopener noreferrer\">Vitavia demonstr\u0101cijas video  <\/a><\/h3>\n","protected":false},"excerpt":{"rendered":"<p><span title=\"Skat\u012bt visus izm\u0113rus zem\u0101k redzamaj\u0101 tabul\u0101\">1,93 m x 2,57 m = 5m\u00b2<\/span><br \/>\n<a class=\"alus_rm\" href=\"https:\/\/vitavia.ee\/wp-content\/uploads\/2018\/04\/Paigaldusjuhend_venus-2500-5000.pdf#page=42\" target=\"blanc\" rel=\"noopener\">NB! Siltumn\u012bcas pamatnes r\u0101mja \u0101r\u0113jos izm\u0113rus skatiet \u0161eit<\/a><br \/>\n<span style=\"color: #f5bd2f;\"><strong>Ikm\u0113ne\u0161a maksa no 41,33 \u20ac<\/strong><\/span><\/p>\n","protected":false},"featured_media":11690,"comment_status":"open","ping_status":"closed","template":"","meta":[],"product_brand":[],"product_cat":[983],"product_tag":[385,386,1621,387,1622,388,1623,389,996],"class_list":{"0":"post-18185","1":"product","2":"type-product","3":"status-publish","4":"has-post-thumbnail","6":"product_cat-venus-lv","7":"product_tag-siltumnica","8":"product_tag-siltumnicas","9":"product_tag-rudits-stikls","10":"product_tag-siltumnica-lv","11":"product_tag-stikls","12":"product_tag-siltumnica-lv-2","13":"product_tag-polikarbonats","14":"product_tag-siltumnicas-lv","15":"product_tag-venus-lv","16":"pa_kattematerjal-polikarbonats","17":"pa_kattematerjal-stikls","18":"pa_kattematerjal-rudits-stikls","19":"pa_kulje-korgus-124-m-lv","20":"pa_laius-193-m-lv","21":"pa_pikkus-258-m-lv","22":"pa_pindala-5-m2-lv","23":"pa_pindala_vahemik-09-5-m-lv","24":"pa_tipu-korgus-197-m-lv","25":"pa_varv-melns","26":"pa_varv-zals","27":"pa_varv-zale","28":"infinite-scroll-item","29":"no-featured-image-padding","30":"sales-flash-overlay","31":"woocommerce-text-align-left","32":"woocommerce-image-align-center","33":"do-quantity-buttons","35":"first","36":"instock","37":"shipping-taxable","38":"purchasable","39":"product-type-variable"},"_links":{"self":[{"href":"https:\/\/vitavia.lv\/kasvuhoone\/wp-json\/wp\/v2\/product\/18185","targetHints":{"allow":["GET"]}}],"collection":[{"href":"https:\/\/vitavia.lv\/kasvuhoone\/wp-json\/wp\/v2\/product"}],"about":[{"href":"https:\/\/vitavia.lv\/kasvuhoone\/wp-json\/wp\/v2\/types\/product"}],"replies":[{"embeddable":true,"href":"https:\/\/vitavia.lv\/kasvuhoone\/wp-json\/wp\/v2\/comments?post=18185"}],"wp:featuredmedia":[{"embeddable":true,"href":"https:\/\/vitavia.lv\/kasvuhoone\/wp-json\/wp\/v2\/media\/11690"}],"wp:attachment":[{"href":"https:\/\/vitavia.lv\/kasvuhoone\/wp-json\/wp\/v2\/media?parent=18185"}],"wp:term":[{"taxonomy":"product_brand","embeddable":true,"href":"https:\/\/vitavia.lv\/kasvuhoone\/wp-json\/wp\/v2\/product_brand?post=18185"},{"taxonomy":"product_cat","embeddable":true,"href":"https:\/\/vitavia.lv\/kasvuhoone\/wp-json\/wp\/v2\/product_cat?post=18185"},{"taxonomy":"product_tag","embeddable":true,"href":"https:\/\/vitavia.lv\/kasvuhoone\/wp-json\/wp\/v2\/product_tag?post=18185"}],"curies":[{"name":"wp","href":"https:\/\/api.w.org\/{rel}","templated":true}]}}