{"id":18196,"date":"2015-12-30T19:31:14","date_gmt":"2023-05-18T18:06:13","guid":{"rendered":"https:\/\/vitavia.ee\/kasvuhoone\/toode\/siltumnica-vitavia-venus-7500\/"},"modified":"2025-03-19T23:19:28","modified_gmt":"2025-03-19T20:19:28","slug":"siltumnicas-vitavija-venus","status":"publish","type":"product","link":"https:\/\/vitavia.lv\/kasvuhoone\/toode\/siltumnicas-vitavija-venus\/","title":{"rendered":"Siltumn\u012bca Vitavia Venus 7500"},"content":{"rendered":"<h3><strong>Vitavia VENUS &#8211; ide\u0101la siltumn\u012bca, kas piem\u0113rota liel\u0101kajai da\u013cai d\u0101rznieku \/ 1,93 mx 3,84 m.<\/strong><\/h3>\n<p>1,93 m plat\u0101 siltumn\u012bca ir pieejama piecos da\u017e\u0101dos garumos.<br \/>\nT\u0101p\u0113c t\u0101 ir piem\u0113rota gan ies\u0101c\u0113jiem mazos izm\u0113ros, gan pieredz\u0113ju\u0161iem d\u0101rzkopjiem liel\u0101kos izm\u0113ros.<\/p>\n<p><em>&#8211; Pieejams 3 mm stikls, r\u016bd\u012bts stikls un 4 mm polikarbon\u0101ts.<\/em><br \/>\n<em>  &#8211; Pieejam\u0101s kr\u0101sas: anod\u0113ta pel\u0113ka un pulverkr\u0101sota za\u013ca vai melna<\/em><br \/>\n<em>  &#8211; Pieejami pieci da\u017e\u0101di izm\u0113ri.<br \/>\n&#8211; Ir iesp\u0113jams ar\u012b atsevi\u0161\u0137i pas\u016bt\u012bt r\u0101mi, p\u0101rsegu un pamatnes r\u0101mi. Ja jums ir interese, l\u016bdzam izteikt pied\u0101v\u0101jumu.<\/em><\/p>\n<p>Siltumn\u012bcai ir vienas b\u012bd\u0101m\u0101s durvis, kuras var uzst\u0101d\u012bt vai nu labaj\u0101, vai kreisaj\u0101 pus\u0113, lai t\u0101s atv\u0113rtu. Atv\u0113rt\u0101s durvis var ar\u012b fiks\u0113t da\u017e\u0101dos atv\u0113rtos st\u0101vok\u013cos.<\/p>\n<p>Atkar\u012bb\u0101 no izm\u0113ra Venus siltumn\u012bc\u0101m ir viens vai divi jumta logi.<\/p>\n<p><strong>Izm\u0113ru tabula da\u017e\u0101diem Venus siltumn\u012bcu mode\u013ciem:<\/strong><\/p>\n<div class=\"tabel-scroll-x\">\n<table class=\"spec\" border=\"0\">\n<tbody>\n<tr>\n<th style=\"text-align: left;\" width=\"90\">Modelis<\/th>\n<th style=\"text-align: left;\" width=\"72\">Plat\u012bba<\/th>\n<th style=\"text-align: left;\" width=\"72\">Garums<\/th>\n<th style=\"text-align: left;\" width=\"72\">Platums<\/th>\n<th style=\"text-align: left;\" width=\"72\">S\u0101nu<\/th>\n<th style=\"text-align: left;\" width=\"72\">Augstums<\/th>\n<th style=\"text-align: left;\" width=\"50\">Logi<\/th>\n<\/tr>\n<tr>\n<td>Venus 2500<\/td>\n<td>2<sup>.5m2<\/sup><\/td>\n<td>1.31m<\/td>\n<td>1.93m<\/td>\n<td>1.24m<\/td>\n<td>1.97m<\/td>\n<td>1<\/td>\n<\/tr>\n<tr>\n<td>Venus 3800<\/td>\n<td>3<sup>.8m2<\/sup><\/td>\n<td>1.95m<\/td>\n<td>1.93m<\/td>\n<td>1.24m<\/td>\n<td>1.97m<\/td>\n<td>1<\/td>\n<\/tr>\n<tr>\n<td>Venus 5000<\/td>\n<td>5<sup>.0m2<\/sup><\/td>\n<td>2.57m<\/td>\n<td>1.93m<\/td>\n<td>1.24m<\/td>\n<td>1.97m<\/td>\n<td>1<\/td>\n<\/tr>\n<tr>\n<td>Venus 6200<\/td>\n<td>6<sup>.2m2<\/sup><\/td>\n<td>3.21m<\/td>\n<td>1.93m<\/td>\n<td>1.24m<\/td>\n<td>1.97m<\/td>\n<td>2<\/td>\n<\/tr>\n<tr>\n<td>Venus 7500<\/td>\n<td>7<sup>.5m2<\/sup><\/td>\n<td>3.84m<\/td>\n<td>1.93m<\/td>\n<td>1.24m<\/td>\n<td>1.97m<\/td>\n<td>2<\/td>\n<\/tr>\n<\/tbody>\n<\/table>\n<\/div>\n<p><em>&#8211; kr\u0101su opcijas ietver pel\u0113ku un pulverkr\u0101sotu melnu vai za\u013cu kr\u0101su<br \/>\n &#8211; k\u0101 v\u0101ku varat izv\u0113l\u0113ties 3 mm stiklu, r\u016bd\u012btu stiklu vai 4 mm polikarbon\u0101tu<br \/>\n &#8211; priek\u0161\u0101 vienas b\u012bd\u0101m\u0101s durvis<br \/>\n &#8211; 1 vai 2 jumta logi atkar\u012bb\u0101 no izm\u0113ra<br \/>\n &#8211; b\u0101zes r\u0101mis visiem mode\u013ciem<\/em><\/p>\n<p>R\u0101mis ir izgatavots no anod\u0113ta alum\u012bnija (ilgsto\u0161i skaistam izskatam un alum\u012bnija iztur\u012bbai), un tas ir pieejams ar\u012b pulverkr\u0101sojuma kr\u0101sojum\u0101.<\/p>\n<p>Var pas\u016bt\u012bt da\u017e\u0101dus papildu piederumus: logu, apak\u0161\u0113jo ventil\u0101cijas l\u016bkas atveri, autom\u0101tisko logu atv\u0113r\u0161anas meh\u0101nismu, pamatnes r\u0101mi, iek\u0161\u0113jos plauktus u. c.<\/p>\n<h4><strong><a href=\"http:\/\/mwlconstruct.eu\/e-pood\/tootekategooria\/kasvuhoone-lisavarustus\/\" target=\"_blank\" rel=\"noopener noreferrer\">Skat\u012bt piederumus<\/a><\/strong><\/h4>\n<p><em>Ton\u0101lais kr\u0113ms nav oblig\u0101ti nepiecie\u0161ams, bet ieteicams.<br \/>\n Ja siltumn\u012bcai ir pamatnes karkass, to var piestiprin\u0101t pie zemes vai pie citas sagatavotas virsmas (koka terases vai akmens virsmas).<br \/>\n Preces cen\u0101 nav iek\u013cauts b\u0101zes r\u0101mis.<\/em><\/p>\n<h3><a href=\"https:\/\/youtu.be\/-4zXyeMetnM\" target=\"_blank\" rel=\"noopener noreferrer\">Vitavia demonstr\u0101cijas video  <\/a><\/h3>\n","protected":false},"excerpt":{"rendered":"<p><span title=\"Skat\u012bt visus izm\u0113rus zem\u0101k redzamaj\u0101 tabul\u0101\">1,93&nbsp;m x 3,84&nbsp;m = 7,5&nbsp;m\u00b2<\/span><br \/>\n <a class=\"alus_rm\" href=\"https:\/\/vitavia.ee\/wp-content\/uploads\/2020\/05\/Kasvuhoone-Venus-6200-7500-paigaldusjuhend.pdf#page=42\" target=\"blanc\" rel=\"noopener\"><span class=\"alus_rm_bold\">NB!<\/span> Siltumn\u012bcas pamatnes r\u0101mja \u0101r\u0113jos izm\u0113rus skat\u012bt \u0161eit.<\/a><br \/>\n <span style=\"color: #f5bd2f;\"><strong>Ikm\u0113ne\u0161a maks\u0101jums s\u0101kot. 82,17 \u20ac<\/strong><\/span><\/p>\n","protected":false},"featured_media":11521,"comment_status":"closed","ping_status":"closed","template":"","meta":[],"product_brand":[],"product_cat":[983],"product_tag":[388,389,996,1621,385,1622,386,1623,387],"class_list":{"0":"post-18196","1":"product","2":"type-product","3":"status-publish","4":"has-post-thumbnail","6":"product_cat-venus-lv","7":"product_tag-siltumnica-lv-2","8":"product_tag-siltumnicas-lv","9":"product_tag-venus-lv","10":"product_tag-rudits-stikls","11":"product_tag-siltumnica","12":"product_tag-stikls","13":"product_tag-siltumnicas","14":"product_tag-polikarbonats","15":"product_tag-siltumnica-lv","16":"pa_kattematerjal-polikarbonats","17":"pa_kattematerjal-stikls","18":"pa_kattematerjal-rudits-stikls","19":"pa_kulje-korgus-124-m-lv","20":"pa_laius-193-m-lv","21":"pa_pikkus-384-m-lv","22":"pa_pindala-75-m2-lv","23":"pa_pindala_vahemik-5-9-m-lv","24":"pa_tipu-korgus-197-m-lv","25":"pa_varv-melns","26":"pa_varv-zale","27":"infinite-scroll-item","28":"no-featured-image-padding","29":"sales-flash-overlay","30":"woocommerce-text-align-left","31":"woocommerce-image-align-center","32":"do-quantity-buttons","34":"first","35":"instock","36":"shipping-taxable","37":"purchasable","38":"product-type-variable"},"_links":{"self":[{"href":"https:\/\/vitavia.lv\/kasvuhoone\/wp-json\/wp\/v2\/product\/18196","targetHints":{"allow":["GET"]}}],"collection":[{"href":"https:\/\/vitavia.lv\/kasvuhoone\/wp-json\/wp\/v2\/product"}],"about":[{"href":"https:\/\/vitavia.lv\/kasvuhoone\/wp-json\/wp\/v2\/types\/product"}],"replies":[{"embeddable":true,"href":"https:\/\/vitavia.lv\/kasvuhoone\/wp-json\/wp\/v2\/comments?post=18196"}],"wp:featuredmedia":[{"embeddable":true,"href":"https:\/\/vitavia.lv\/kasvuhoone\/wp-json\/wp\/v2\/media\/11521"}],"wp:attachment":[{"href":"https:\/\/vitavia.lv\/kasvuhoone\/wp-json\/wp\/v2\/media?parent=18196"}],"wp:term":[{"taxonomy":"product_brand","embeddable":true,"href":"https:\/\/vitavia.lv\/kasvuhoone\/wp-json\/wp\/v2\/product_brand?post=18196"},{"taxonomy":"product_cat","embeddable":true,"href":"https:\/\/vitavia.lv\/kasvuhoone\/wp-json\/wp\/v2\/product_cat?post=18196"},{"taxonomy":"product_tag","embeddable":true,"href":"https:\/\/vitavia.lv\/kasvuhoone\/wp-json\/wp\/v2\/product_tag?post=18196"}],"curies":[{"name":"wp","href":"https:\/\/api.w.org\/{rel}","templated":true}]}}