{"id":18861,"date":"2016-01-02T17:47:58","date_gmt":"2016-01-02T17:47:58","guid":{"rendered":"https:\/\/vitavia.ee\/kasvuhoone\/toode\/siltumnica-vitavia-saturn-6700\/"},"modified":"2023-05-20T08:31:52","modified_gmt":"2023-05-20T05:31:52","slug":"siltumnica-vitavia-saturn-6700","status":"publish","type":"product","link":"https:\/\/vitavia.lv\/kasvuhoone\/toode\/siltumnica-vitavia-saturn-6700\/","title":{"rendered":"Siltumn\u012bca Vitavia Saturn 6700"},"content":{"rendered":"<h3><strong>Vitavia SATURN &#8211; siltumn\u012bca ar pievilc\u012bgu dizainu un austrumniecisku un pasaku saj\u016btu.<\/strong><\/h3>\n<p>2,64 m plat\u0101 un 2,55 m augst\u0101 siltumn\u012bca pieejama piecos da\u017e\u0101dos garumos.<br \/>\nM\u0101j\u012bg\u0101 un gaismas pies\u0101tin\u0101taj\u0101 siltumn\u012bc\u0101 ir pietiekami daudz vietas augu audz\u0113\u0161anai, k\u0101 ar\u012b atp\u016btas st\u016br\u012btis ar \u0123imeni un draugiem.<\/p>\n<p>Siltumn\u012bcai priek\u0161\u0101 ir dubult\u0101s b\u012bd\u0101m\u0101s durvis, kuras var nostiprin\u0101t da\u017e\u0101d\u0101s atv\u0113rt\u0101s poz\u012bcij\u0101s.<\/p>\n<p>Atkar\u012bb\u0101 no izm\u0113ra Satrun siltumn\u012bc\u0101m ir viens l\u012bdz \u010detri jumta logi.<br \/>\nStandarta apr\u012bkojum\u0101 ietilpst ar\u012b lietus \u016bdens caurules.<\/p>\n<p><strong>Saturn siltumn\u012bcas da\u017e\u0101du mode\u013cu izm\u0113ru tabula:<\/strong><\/p>\n<div class=\"tabel-scroll-x\">\n<table class=\"spec\" border=\"0\">\n<tbody>\n<tr>\n<th style=\"text-align: left;\" width=\"90\">Modelis<\/th>\n<th style=\"text-align: left;\" width=\"72\">Plat\u012bba<\/th>\n<th style=\"text-align: left;\" width=\"72\">Garums<\/th>\n<th style=\"text-align: left;\" width=\"72\">Platums<\/th>\n<th style=\"text-align: left;\" width=\"72\">S\u0101nu<\/th>\n<th style=\"text-align: left;\" width=\"72\">Augstums<\/th>\n<th style=\"text-align: left;\" width=\"50\">Logi<\/th>\n<\/tr>\n<tr>\n<td>Saturns 5000<\/td>\n<td>5<sup>.0m2<\/sup><\/td>\n<td>1.95m<\/td>\n<td>2,64 m<\/td>\n<td><\/td>\n<td>2,55 m<\/td>\n<td>1<\/td>\n<\/tr>\n<tr>\n<td>Saturns 6700<\/td>\n<td>6<sup>.7m2<\/sup><\/td>\n<td>2.58m<\/td>\n<td>2,64 m<\/td>\n<td><\/td>\n<td>2,55 m<\/td>\n<td>2<\/td>\n<\/tr>\n<tr>\n<td>Saturns 8300<\/td>\n<td>8<sup>.3m2<\/sup><\/td>\n<td>3.21m<\/td>\n<td>2,64 m<\/td>\n<td><\/td>\n<td>2,55 m<\/td>\n<td>2<\/td>\n<\/tr>\n<tr>\n<td>Saturns 9900<\/td>\n<td>9<sup>.9m2<\/sup><\/td>\n<td>3,83 m<\/td>\n<td>2,64 m<\/td>\n<td><\/td>\n<td>2,55 m<\/td>\n<td>4<\/td>\n<\/tr>\n<tr>\n<td>Saturns 11500<\/td>\n<td>11<sup>.5m2<\/sup><\/td>\n<td>4,45 m<\/td>\n<td>2,64 m<\/td>\n<td><\/td>\n<td>2,55 m<\/td>\n<td>4<\/td>\n<\/tr>\n<\/tbody>\n<\/table>\n<\/div>\n<p><em>&#8211; pieejams pel\u0113k\u0101 un za\u013c\u0101 kr\u0101s\u0101<br \/>\n&#8211; atkar\u012bb\u0101 no mode\u013ca k\u0101 v\u0101ku iesp\u0113jams izv\u0113l\u0113ties 3 mm stiklu vai r\u016bd\u012btu stiklu<br \/>\n&#8211; priek\u0161\u0101 divas b\u012bd\u0101m\u0101s durvis<br \/>\n&#8211; atkar\u012bb\u0101 no izm\u0113ra, no 1 l\u012bdz 4 jumta logiem<br \/>\n&#8211; visu mode\u013cu b\u0101zes r\u0101mis<\/em><\/p>\n<p>R\u0101mis ir izgatavots no anod\u0113ta alum\u012bnija (kas pie\u0161\u0137ir alum\u012bnijam ilgm\u016b\u017e\u012bgu, skaistu izskatu un iztur\u012bbu), un tas ir pieejams ar\u012b pulverkr\u0101sojuma kr\u0101sojum\u0101.<\/p>\n<p>Var pas\u016bt\u012bt da\u017e\u0101dus papildu piederumus: logu, apak\u0161\u0113jo ventil\u0101cijas l\u016bkas atveri, autom\u0101tisko logu atv\u0113r\u0161anas meh\u0101nismu, pamatnes r\u0101mi, iek\u0161\u0113jos plauktus u. c.<\/p>\n<p><strong><a href=\"http:\/\/mwlconstruct.eu\/e-pood\/tootekategooria\/kasvuhoone-lisavarustus\/\" target=\"_blank\" rel=\"noopener noreferrer\">Skat\u012bt piederumus<\/a><\/strong><\/p>\n<p><em>Fonds noteikti nav nepiecie\u0161ams, bet ir v\u0113lams.<br \/>\nJa siltumn\u012bcai ir pamatne, to var piestiprin\u0101t pie z\u0101les vai jebkuras citas sagatavotas virsmas.<br \/>\nCen\u0101 nav iek\u013cauts b\u0101zes r\u0101mis.<\/em><\/p>\n<h3><a href=\"https:\/\/youtu.be\/-4zXyeMetnM\" target=\"_blank\" rel=\"noopener noreferrer\">Vitavia demonstr\u0101cijas video  <\/a><\/h3>\n","protected":false},"excerpt":{"rendered":"<p><span title=\"Skat\u012bt visus izm\u0113rus zem\u0101k redzamaj\u0101 tabul\u0101\">2,64&nbsp;m x 2,58&nbsp;m = 6,7&nbsp;m\u00b2<\/span><br \/>\n<span><a href=\"https:\/\/vitavia.ee\/wp-content\/uploads\/2017\/10\/Kasvuhoone-Saturn-paigaldusjuhend.pdf#page=18\" class=\"alus_rm\" target=\"blanc\" rel=\"noopener\"><span class=\"alus_rm_bold\">NB!<\/span> Siltumn\u012bcas pamatnes r\u0101mja \u0101r\u0113jos izm\u0113rus skatiet \u0161eit<\/a><\/span><br \/>\n<span style=\"color: #f5bd2f;\"><strong>Ikm\u0113ne\u0161a maks\u0101jums al. 99,17 \u20ac<\/strong><\/span><\/p>\n","protected":false},"featured_media":13105,"comment_status":"closed","ping_status":"closed","template":"","meta":[],"product_brand":[],"product_cat":[981],"product_tag":[386,387,388,389,472,558,1621,1622,385],"class_list":{"0":"post-18861","1":"product","2":"type-product","3":"status-publish","4":"has-post-thumbnail","6":"product_cat-saturn-lv","7":"product_tag-siltumnicas","8":"product_tag-siltumnica-lv","9":"product_tag-siltumnica-lv-2","10":"product_tag-siltumnicas-lv","11":"product_tag-vitavia-lv","12":"product_tag-saturn-lv","13":"product_tag-rudits-stikls","14":"product_tag-stikls","15":"product_tag-siltumnica","16":"pa_kattematerjal-stikls","17":"pa_kattematerjal-rudits-stikls","18":"pa_kulje-korgus-182-m-lv","19":"pa_laius-264-m-lv","20":"pa_pikkus-258-m-lv","21":"pa_pindala-67-m2-lv","22":"pa_pindala_vahemik-5-9-m-lv","23":"pa_tipu-korgus-255-m-lv","24":"pa_varv-zale","25":"infinite-scroll-item","26":"no-featured-image-padding","27":"sales-flash-overlay","28":"woocommerce-text-align-left","29":"woocommerce-image-align-center","30":"do-quantity-buttons","32":"first","33":"instock","34":"shipping-taxable","35":"purchasable","36":"product-type-variable","37":"has-default-attributes"},"_links":{"self":[{"href":"https:\/\/vitavia.lv\/kasvuhoone\/wp-json\/wp\/v2\/product\/18861","targetHints":{"allow":["GET"]}}],"collection":[{"href":"https:\/\/vitavia.lv\/kasvuhoone\/wp-json\/wp\/v2\/product"}],"about":[{"href":"https:\/\/vitavia.lv\/kasvuhoone\/wp-json\/wp\/v2\/types\/product"}],"replies":[{"embeddable":true,"href":"https:\/\/vitavia.lv\/kasvuhoone\/wp-json\/wp\/v2\/comments?post=18861"}],"wp:featuredmedia":[{"embeddable":true,"href":"https:\/\/vitavia.lv\/kasvuhoone\/wp-json\/wp\/v2\/media\/13105"}],"wp:attachment":[{"href":"https:\/\/vitavia.lv\/kasvuhoone\/wp-json\/wp\/v2\/media?parent=18861"}],"wp:term":[{"taxonomy":"product_brand","embeddable":true,"href":"https:\/\/vitavia.lv\/kasvuhoone\/wp-json\/wp\/v2\/product_brand?post=18861"},{"taxonomy":"product_cat","embeddable":true,"href":"https:\/\/vitavia.lv\/kasvuhoone\/wp-json\/wp\/v2\/product_cat?post=18861"},{"taxonomy":"product_tag","embeddable":true,"href":"https:\/\/vitavia.lv\/kasvuhoone\/wp-json\/wp\/v2\/product_tag?post=18861"}],"curies":[{"name":"wp","href":"https:\/\/api.w.org\/{rel}","templated":true}]}}