{"id":19153,"date":"2015-12-27T22:01:18","date_gmt":"2023-05-20T08:21:12","guid":{"rendered":"https:\/\/vitavia.ee\/kasvuhoone\/toode\/siltumnica-darza-paviljons-vitavia-hera-9000-m\/"},"modified":"2023-05-20T11:21:12","modified_gmt":"2023-05-20T08:21:12","slug":"siltumnica-darza-paviljons-vitavia-hera-9000-m","status":"publish","type":"product","link":"https:\/\/vitavia.lv\/kasvuhoone\/toode\/siltumnica-darza-paviljons-vitavia-hera-9000-m\/","title":{"rendered":"Siltumn\u012bca\/d\u0101rza paviljons Vitavia Hera 9000 M"},"content":{"rendered":"<h3><strong>Vitavia HERA 9000 &#8211; pievilc\u012bga siltumn\u012bca\/d\u0101rza m\u0101ja izce\u013c, rot\u0101 un papildina jebkuru d\u0101rzu.<\/strong><\/h3>\n<p>Ide\u0101la vieta atp\u016btai, viesu uz\u0146em\u0161anai vai augu audz\u0113\u0161anai.<\/p>\n<p><strong>Plat\u012bba: 9,0 m2.<\/strong><br \/>\n<strong>Garums: 3,3 m<\/strong><br \/>\n<strong>Platums: 3,8 m<br \/>\nS\u0101nu augstums 1,82 m nodro\u0161ina pietiekami daudz vietas, lai br\u012bvi st\u0101v\u0113tu.<\/strong><br \/>\n<strong>Smailes augstums: 2,88 m<\/strong><\/p>\n<h3><strong>Cen\u0101 iek\u013cauts r\u0101mis, v\u0101ks un tr\u012bs s\u0101nu logi.<\/strong><\/h3>\n<ul>\n<li>anod\u0113ta alum\u012bnija korpuss<\/li>\n<li>malas 3mm r\u016bd\u012bts stikls<\/li>\n<li>jumts 6mm polikarbon\u0101ts<\/li>\n<li>pieejam\u0101s kr\u0101sas:<br \/>\n&#8211; anod\u0113ts alum\u012bnija pel\u0113ks<br \/>\n&#8211; za\u013c\u0161 pulverkr\u0101sas p\u0101rkl\u0101jums<br \/>\n&#8211; melns pulverkr\u0101sas p\u0101rkl\u0101jums<br \/>\n\u2013 balts pulverkr\u0101sots<\/li>\n<li>lietus \u016bdens caurules<\/li>\n<li>3 s\u0101nu logi<\/li>\n<li>2 sl\u0113dzamas un savstarp\u0113ji atveramas b\u012bd\u0101m\u0101s durvis<\/li>\n<\/ul>\n<p>R\u0101mis ir izgatavots no anod\u0113ta alum\u012bnija (garant\u0113 ilgsto\u0161u skaistu alum\u012bnija izskatu un iztur\u012bbu).<\/p>\n<p>Iesp\u0113jams pas\u016bt\u012bt da\u017e\u0101du papildus apr\u012bkojumu: iek\u0161\u0113jos plauktus, autom\u0101tiku, termometrus u.c.<br \/>\nPreces cen\u0101 nav iek\u013cauts apbalvojuma r\u0101mis, tas ir par papildus samaksu un maks\u0101 210 eur.<\/p>\n<h4><strong><a href=\"https:\/\/vitavia.ee\/kasvuhoone\/tootekategooria\/kasvuhoone-lisavarustus\/\" target=\"_blank\" rel=\"noopener noreferrer\">Skat\u012bt piederumus<\/a><\/strong><\/h4>\n<p><em>Fonds noteikti nav nepiecie\u0161ams, bet ir v\u0113lams. Cen\u0101 nav iek\u013cauta pamatu izb\u016bve un uzst\u0101d\u012b\u0161ana.<br \/>\nPas\u016btot pamatnes karkasu paviljonam, to var piestiprin\u0101t pie z\u0101liena vai jebkuras citas sagatavotas virsmas.<br \/>\n<\/em><\/p>\n<p>NB! Lab\u0101k\u0101 pieg\u0101des pasta s\u016bt\u012bjuma cena tiks apr\u0113\u0137in\u0101ta, pamatojoties uz j\u016bsu nor\u0101d\u012bto adresi, un jums tiks nos\u016bt\u012bta pa e-pastu.<\/p>\n<h3><a href=\"https:\/\/youtu.be\/-4zXyeMetnM\" target=\"_blank\" rel=\"noopener noreferrer\">Vitavia demonstr\u0101cijas video<\/a><\/h3>\n","protected":false},"excerpt":{"rendered":"<p><span title=\"Skat\u012bt visus izm\u0113rus zem\u0101k redzamaj\u0101 tabul\u0101\">3,3&nbsp;m x 3,8&nbsp;m = 9&nbsp;m\u00b2<\/span><br \/>\n<a class=\"alus_rm\" href=\"https:\/\/vitavia.ee\/wp-content\/uploads\/2017\/10\/Kasvuhoone-Hera-9000-paigaldusjuhend.pdf#page=12\" target=\"blanc\" rel=\"noopener\"><span class=\"alus_rm_bold\">NB!<\/span> Siltumn\u012bcas pamatnes r\u0101mja \u0101r\u0113jos izm\u0113rus skatiet \u0161eit<\/a><br \/>\n<span style=\"color: #f5bd2f;\"><strong>Ikm\u0113ne\u0161a maks\u0101jums al. 229,17 eiro<\/strong><\/span><\/p>\n","protected":false},"featured_media":11610,"comment_status":"closed","ping_status":"closed","template":"","meta":[],"product_brand":[],"product_cat":[499],"product_tag":[387,388,389,442,443,444,1621,472,385,546,1653,386],"class_list":{"0":"post-19153","1":"product","2":"type-product","3":"status-publish","4":"has-post-thumbnail","6":"product_cat-hera-lv","7":"product_tag-siltumnica-lv","8":"product_tag-siltumnica-lv-2","9":"product_tag-siltumnicas-lv","10":"product_tag-darza-maja","11":"product_tag-aiapaviljons","12":"product_tag-stikla-paviljons","13":"product_tag-rudits-stikls","14":"product_tag-vitavia-lv","15":"product_tag-siltumnica","16":"product_tag-hera-lv","17":"product_tag-sani-no-rudita-stikla-un-jumts-no-polikarbonata","18":"product_tag-siltumnicas","19":"pa_kattematerjal-jumts-6-mm-polikarbonata-sani-3-mm-stikls","20":"pa_kulje-korgus-188-m-lv","21":"pa_laius-33-m-lv","22":"pa_pikkus-383-m-lv","23":"pa_pindala-9-m2-lv","24":"pa_pindala_vahemik-5-9-m-lv","25":"pa_tipu-korgus-283-m-lv","26":"pa_varv-melns","27":"infinite-scroll-item","28":"no-featured-image-padding","29":"sales-flash-overlay","30":"woocommerce-text-align-left","31":"woocommerce-image-align-center","32":"do-quantity-buttons","34":"first","35":"instock","36":"sale","37":"featured","38":"shipping-taxable","39":"purchasable","40":"product-type-variable"},"_links":{"self":[{"href":"https:\/\/vitavia.lv\/kasvuhoone\/wp-json\/wp\/v2\/product\/19153","targetHints":{"allow":["GET"]}}],"collection":[{"href":"https:\/\/vitavia.lv\/kasvuhoone\/wp-json\/wp\/v2\/product"}],"about":[{"href":"https:\/\/vitavia.lv\/kasvuhoone\/wp-json\/wp\/v2\/types\/product"}],"replies":[{"embeddable":true,"href":"https:\/\/vitavia.lv\/kasvuhoone\/wp-json\/wp\/v2\/comments?post=19153"}],"wp:featuredmedia":[{"embeddable":true,"href":"https:\/\/vitavia.lv\/kasvuhoone\/wp-json\/wp\/v2\/media\/11610"}],"wp:attachment":[{"href":"https:\/\/vitavia.lv\/kasvuhoone\/wp-json\/wp\/v2\/media?parent=19153"}],"wp:term":[{"taxonomy":"product_brand","embeddable":true,"href":"https:\/\/vitavia.lv\/kasvuhoone\/wp-json\/wp\/v2\/product_brand?post=19153"},{"taxonomy":"product_cat","embeddable":true,"href":"https:\/\/vitavia.lv\/kasvuhoone\/wp-json\/wp\/v2\/product_cat?post=19153"},{"taxonomy":"product_tag","embeddable":true,"href":"https:\/\/vitavia.lv\/kasvuhoone\/wp-json\/wp\/v2\/product_tag?post=19153"}],"curies":[{"name":"wp","href":"https:\/\/api.w.org\/{rel}","templated":true}]}}