{"id":19156,"date":"2015-12-27T20:17:14","date_gmt":"2015-12-27T20:17:14","guid":{"rendered":"https:\/\/vitavia.ee\/kasvuhoone\/toode\/siltumnica-darza-paviljons-vitavia-hera-4500-h\/"},"modified":"2024-01-24T15:40:13","modified_gmt":"2024-01-24T12:40:13","slug":"siltumnica-darza-paviljons-hera-4500-h","status":"publish","type":"product","link":"https:\/\/vitavia.lv\/kasvuhoone\/toode\/siltumnica-darza-paviljons-hera-4500-h\/","title":{"rendered":"Siltumn\u012bca\/d\u0101rza paviljons Vitavia Hera 4500 H"},"content":{"rendered":"<h3><strong>Vitavia HERA 4500 &#8211; siltumn\u012bcas\/d\u0101rza paviljons, gan atp\u016btai, gan augu audz\u0113\u0161anai.<\/strong><\/h3>\n<p>Hera \u2013 pievilc\u012bga d\u0101rza nojume izce\u013c, rot\u0101 un papildina jebkuru d\u0101rzu.<br \/>\nIde\u0101la vieta atp\u016btai, viesu uz\u0146em\u0161anai vai augu audz\u0113\u0161anai.<\/p>\n<p><strong>Plat\u012bba: 4,5 m2<\/strong><br \/>\n<strong>Garums: 2,19 m<\/strong><br \/>\n<strong>Platums: 2,69 m<\/strong><br \/>\n<strong>Smailes augstums: 2,57 m<br \/>\nS\u0101nu augstums 1,82 m nodro\u0161ina pietiekami daudz vietas, lai br\u012bvi st\u0101v\u0113tu.<br \/>\n<\/strong><\/p>\n<h3><strong>Cen\u0101 iek\u013cauts r\u0101mis, v\u0101ks un divas apak\u0161\u0113j\u0101s ventil\u0101cijas l\u016bkas.<\/strong><\/h3>\n<div class=\"wpb_text_column wpb_content_element wpb_animate_when_almost_visible wpb_bottom-to-top wpb_start_animation\">\n<div class=\"wpb_wrapper\">\n<ul>\n<li>anod\u0113ta alum\u012bnija korpuss<\/li>\n<li>v\u0101ks 3mm stikls<\/li>\n<li>pieejam\u0101s kr\u0101sas<br \/>\n&#8211; anod\u0113ts alum\u012bnija pel\u0113ks<br \/>\n\u2013 kr\u0101sots ar za\u013cu un melnu pulveri<\/li>\n<li>2 apak\u0161\u0113j\u0101s ventil\u0101cijas l\u016bkas<\/li>\n<li>1 b\u012bd\u0101m\u0101s durvis<\/li>\n<\/ul>\n<\/div>\n<\/div>\n<p>R\u0101mis ir izgatavots no anod\u0113ta alum\u012bnija (ilgsto\u0161i skaistam izskatam un alum\u012bnija iztur\u012bbai), un tas ir pieejams ar\u012b pulverkr\u0101sojuma kr\u0101sojum\u0101.<\/p>\n<p>Iesp\u0113jams pas\u016bt\u012bt da\u017e\u0101du papildus apr\u012bkojumu: autom\u0101tisko apak\u0161\u0113jo ventil\u0101cijas l\u016bku attais\u012bt\u0101ju, pamatnes r\u0101mi, iek\u0161\u0113jos plauktus, termometrus u.c.<\/p>\n<h4><strong><a href=\"https:\/\/vitavia.ee\/kasvuhoone\/tootekategooria\/kasvuhoone-lisavarustus\/\" target=\"_blank\" rel=\"noopener noreferrer\">Skat\u012bt piederumus<\/a><\/strong><\/h4>\n<p><em>Fonds noteikti nav nepiecie\u0161ams, bet ir v\u0113lams. Cen\u0101 nav iek\u013cauta pamatu izb\u016bve un uzst\u0101d\u012b\u0161ana.<\/em><br \/>\n<em>Pas\u016btot pamatnes karkasu paviljonam, to var piestiprin\u0101t pie z\u0101liena vai jebkuras citas sagatavotas virsmas.<\/em><\/p>\n<p>NB! Lab\u0101k\u0101 pieg\u0101des pasta s\u016bt\u012bjuma cena tiks apr\u0113\u0137in\u0101ta, pamatojoties uz j\u016bsu nor\u0101d\u012bto adresi, un jums tiks nos\u016bt\u012bta pa e-pastu.<\/p>\n<h3><a href=\"https:\/\/youtu.be\/-4zXyeMetnM\" target=\"_blank\" rel=\"noopener noreferrer\">Vitavia demonstr\u0101cijas video<\/a><\/h3>\n","protected":false},"excerpt":{"rendered":"<p><span title=\"Skat\u012bt visus izm\u0113rus zem\u0101k redzamaj\u0101 tabul\u0101\">2,19&nbsp;m x 2,69&nbsp;m = 4,5&nbsp;m\u00b2<\/span><br \/>\n<a class=\"alus_rm\" href=\"https:\/\/vitavia.ee\/wp-content\/uploads\/2017\/10\/Kasvuhoone-Hera-4500-paigaldusjuhend.pdf#page=14\" target=\"blanc\" rel=\"noopener\"><span class=\"alus_rm_bold\">NB!<\/span> Siltumn\u012bcas pamatnes r\u0101mja \u0101r\u0113jos izm\u0113rus skatiet \u0161eit<\/a><br \/>\n<span style=\"color: #f5bd2f;\"><strong>Ikm\u0113ne\u0161a maks\u0101jums al. 102,08 \u20ac<\/strong><\/span><\/p>\n","protected":false},"featured_media":11755,"comment_status":"closed","ping_status":"closed","template":"","meta":[],"product_brand":[],"product_cat":[499],"product_tag":[1622],"class_list":{"0":"post-19156","1":"product","2":"type-product","3":"status-publish","4":"has-post-thumbnail","6":"product_cat-hera-lv","7":"product_tag-stikls","8":"pa_kattematerjal-stikls","9":"pa_kulje-korgus-182-m-lv","10":"pa_laius-221-m-lv","11":"pa_pikkus-253-m-lv","12":"pa_pindala-45-m2-lv","13":"pa_pindala_vahemik-09-5-m-lv","14":"pa_tipu-korgus-257-m-lv","15":"pa_varv-zale","16":"infinite-scroll-item","17":"no-featured-image-padding","18":"sales-flash-overlay","19":"woocommerce-text-align-left","20":"woocommerce-image-align-center","21":"do-quantity-buttons","23":"first","24":"instock","25":"sale","26":"shipping-taxable","27":"purchasable","28":"product-type-variable"},"_links":{"self":[{"href":"https:\/\/vitavia.lv\/kasvuhoone\/wp-json\/wp\/v2\/product\/19156","targetHints":{"allow":["GET"]}}],"collection":[{"href":"https:\/\/vitavia.lv\/kasvuhoone\/wp-json\/wp\/v2\/product"}],"about":[{"href":"https:\/\/vitavia.lv\/kasvuhoone\/wp-json\/wp\/v2\/types\/product"}],"replies":[{"embeddable":true,"href":"https:\/\/vitavia.lv\/kasvuhoone\/wp-json\/wp\/v2\/comments?post=19156"}],"wp:featuredmedia":[{"embeddable":true,"href":"https:\/\/vitavia.lv\/kasvuhoone\/wp-json\/wp\/v2\/media\/11755"}],"wp:attachment":[{"href":"https:\/\/vitavia.lv\/kasvuhoone\/wp-json\/wp\/v2\/media?parent=19156"}],"wp:term":[{"taxonomy":"product_brand","embeddable":true,"href":"https:\/\/vitavia.lv\/kasvuhoone\/wp-json\/wp\/v2\/product_brand?post=19156"},{"taxonomy":"product_cat","embeddable":true,"href":"https:\/\/vitavia.lv\/kasvuhoone\/wp-json\/wp\/v2\/product_cat?post=19156"},{"taxonomy":"product_tag","embeddable":true,"href":"https:\/\/vitavia.lv\/kasvuhoone\/wp-json\/wp\/v2\/product_tag?post=19156"}],"curies":[{"name":"wp","href":"https:\/\/api.w.org\/{rel}","templated":true}]}}