{"id":19365,"date":"2016-01-02T22:52:12","date_gmt":"2016-01-02T22:52:12","guid":{"rendered":"https:\/\/vitavia.ee\/kasvuhoone\/toode\/siltumnica-vitavia-cassandra-11500\/"},"modified":"2023-05-22T19:06:44","modified_gmt":"2023-05-22T16:06:44","slug":"siltumnica-vitavia-cassandra-11500","status":"publish","type":"product","link":"https:\/\/vitavia.lv\/kasvuhoone\/toode\/siltumnica-vitavia-cassandra-11500\/","title":{"rendered":"Siltumn\u012bca Vitavia Cassandra 11500"},"content":{"rendered":"<h3><strong>Vitavia CASSANDRA &#8211; pievilc\u012bga siltumn\u012bca ang\u013cu stil\u0101.<\/strong><\/h3>\n<p>2,57 m plat\u0101 siltumn\u012bca pieejama divos da\u017e\u0101dos garumos.<br \/>\n2,46 m augstais sl\u012bpais jumts un 1,51 m augstie s\u0101ni nodro\u0161ina pietiekami pla\u0161u telpu un pla\u0161umu.<br \/>\nM\u0101j\u012bgs un skaists modelis ar cokolu, kur da\u017e\u0101das cokola konstrukcijas iesp\u0113jas garant\u0113 Jums personaliz\u0113tu, stil\u012bgu rezult\u0101tu.<\/p>\n<p>Siltumn\u012bcai priek\u0161\u0101 ir dubult\u0101s b\u012bd\u0101m\u0101s durvis, kuras var nostiprin\u0101t da\u017e\u0101d\u0101s atv\u0113rt\u0101s poz\u012bcij\u0101s.<\/p>\n<p>Abiem Cassandra mode\u013ciem ir \u010detras jumta l\u016bkas.<\/p>\n<p><strong>Cassandra siltumn\u012bcas izm\u0113ru tabula da\u017e\u0101diem mode\u013ciem:<\/strong><\/p>\n<div class=\"tabel-scroll-x\">\n<table class=\"spec\" border=\"0\">\n<tbody>\n<tr>\n<th style=\"text-align: left;\" width=\"90\">Modelis<\/th>\n<th style=\"text-align: left;\" width=\"72\">Plat\u012bba<\/th>\n<th style=\"text-align: left;\" width=\"72\">Garums<\/th>\n<th style=\"text-align: left;\" width=\"72\">Platums<\/th>\n<th style=\"text-align: left;\" width=\"72\">S\u0101nu<\/th>\n<th style=\"text-align: left;\" width=\"72\">Augstums<\/th>\n<th style=\"text-align: left;\" width=\"50\">Logi<\/th>\n<\/tr>\n<tr>\n<td>Cassandra 9900<\/td>\n<td>9<sup>.9m2<\/sup><\/td>\n<td>3,85 m<\/td>\n<td>2.57m<\/td>\n<td> 1,51 m<\/td>\n<td>2.46m<\/td>\n<td>4<\/td>\n<\/tr>\n<tr>\n<td>Kasandra 11500<\/td>\n<td>11<sup>.5m2<\/sup><\/td>\n<td>4,48 m<\/td>\n<td>2.57m<\/td>\n<td> 1,51 m<\/td>\n<td>2.46m<\/td>\n<td>4<\/td>\n<\/tr>\n<\/tbody>\n<\/table>\n<\/div>\n<p><em>&#8211; pel\u0113ka un melna k\u0101 kr\u0101su opcijas<br \/>\n&#8211; 3 mm r\u016bd\u012bta stikla v\u0101ks<br \/>\n&#8211; priek\u0161\u0101 divas b\u012bd\u0101m\u0101s durvis<br \/>\n&#8211; 4 jumta logi<br \/>\n<\/em><\/p>\n<p>R\u0101mis ir izgatavots no anod\u0113ta alum\u012bnija (kas pie\u0161\u0137ir alum\u012bnijam ilgm\u016b\u017e\u012bgu, skaistu izskatu un iztur\u012bbu), un tas ir pieejams ar\u012b pulverkr\u0101sojuma kr\u0101sojum\u0101.<\/p>\n<p>Var pas\u016bt\u012bt da\u017e\u0101dus papildu piederumus: logu, apak\u0161\u0113jo ventil\u0101cijas l\u016bkas atveri, autom\u0101tisko logu atv\u0113r\u0161anas meh\u0101nismu, pamatnes r\u0101mi, iek\u0161\u0113jos plauktus u. c.<\/p>\n<p><strong><a href=\"http:\/\/mwlconstruct.eu\/e-pood\/tootekategooria\/kasvuhoone-lisavarustus\/\" target=\"_blank\" rel=\"noopener noreferrer\">Skat\u012bt piederumus<\/a><\/strong><\/p>\n<p><em>Fonds noteikti nav nepiecie\u0161ams, bet ir v\u0113lams.<br \/>\nPreces cen\u0101 nav iek\u013cauts cokols vai pamatnes r\u0101mis.<\/em><\/p>\n<h3><a href=\"https:\/\/youtu.be\/-4zXyeMetnM\" target=\"_blank\" rel=\"noopener noreferrer\">Vitavia demonstr\u0101cijas video  <\/a><\/h3>\n","protected":false},"excerpt":{"rendered":"<p><span title=\"Skat\u012bt visus izm\u0113rus zem\u0101k redzamaj\u0101 tabul\u0101\">2,57&nbsp;m x 4,48&nbsp;m = 11,5&nbsp;m\u00b2<\/span><br \/>\n<a class=\"alus_rm\" href=\"https:\/\/vitavia.ee\/kasvuhoone\/wp-content\/uploads\/2021\/06\/Paigaldusjuhend-Cassandra.pdf#page=16\" target=\"blanc\" rel=\"noopener\"><span class=\"alus_rm_bold\">NB!<\/span> Siltumn\u012bcas pamatnes karkasa un cokola izm\u0113rus skat\u012bt \u0161eit<\/a><br \/>\n<span style=\"color: #f5bd2f;\"><strong>Ikm\u0113ne\u0161a maks\u0101jums al. 115,83 eiro<\/strong><\/span><\/p>\n","protected":false},"featured_media":13515,"comment_status":"closed","ping_status":"closed","template":"","meta":[],"product_brand":[],"product_cat":[496],"product_tag":[1621],"class_list":{"0":"post-19365","1":"product","2":"type-product","3":"status-publish","4":"has-post-thumbnail","6":"product_cat-cassandra-lv","7":"product_tag-rudits-stikls","8":"pa_kattematerjal-rudits-stikls","9":"pa_kulje-korgus-154-m-lv","10":"pa_laius-257-m-lv","11":"pa_pikkus-446-m-lv","12":"pa_pindala-115-m2-lv","13":"pa_pindala_vahemik-9-12-m-lv","14":"pa_tipu-korgus-246-m-lv","15":"pa_varv-melns","16":"infinite-scroll-item","17":"no-featured-image-padding","18":"sales-flash-overlay","19":"woocommerce-text-align-left","20":"woocommerce-image-align-center","21":"do-quantity-buttons","23":"first","24":"instock","25":"shipping-taxable","26":"purchasable","27":"product-type-variable","28":"has-default-attributes"},"_links":{"self":[{"href":"https:\/\/vitavia.lv\/kasvuhoone\/wp-json\/wp\/v2\/product\/19365","targetHints":{"allow":["GET"]}}],"collection":[{"href":"https:\/\/vitavia.lv\/kasvuhoone\/wp-json\/wp\/v2\/product"}],"about":[{"href":"https:\/\/vitavia.lv\/kasvuhoone\/wp-json\/wp\/v2\/types\/product"}],"replies":[{"embeddable":true,"href":"https:\/\/vitavia.lv\/kasvuhoone\/wp-json\/wp\/v2\/comments?post=19365"}],"wp:featuredmedia":[{"embeddable":true,"href":"https:\/\/vitavia.lv\/kasvuhoone\/wp-json\/wp\/v2\/media\/13515"}],"wp:attachment":[{"href":"https:\/\/vitavia.lv\/kasvuhoone\/wp-json\/wp\/v2\/media?parent=19365"}],"wp:term":[{"taxonomy":"product_brand","embeddable":true,"href":"https:\/\/vitavia.lv\/kasvuhoone\/wp-json\/wp\/v2\/product_brand?post=19365"},{"taxonomy":"product_cat","embeddable":true,"href":"https:\/\/vitavia.lv\/kasvuhoone\/wp-json\/wp\/v2\/product_cat?post=19365"},{"taxonomy":"product_tag","embeddable":true,"href":"https:\/\/vitavia.lv\/kasvuhoone\/wp-json\/wp\/v2\/product_tag?post=19365"}],"curies":[{"name":"wp","href":"https:\/\/api.w.org\/{rel}","templated":true}]}}