{"id":19624,"date":"2021-02-08T15:21:04","date_gmt":"2023-05-23T09:52:16","guid":{"rendered":"https:\/\/vitavia.ee\/kasvuhoone\/toode\/siltumnica-sophie-2259-m%c2%b2\/"},"modified":"2023-05-23T12:52:16","modified_gmt":"2023-05-23T09:52:16","slug":"siltumnica-sophie","status":"publish","type":"product","link":"https:\/\/vitavia.lv\/kasvuhoone\/toode\/siltumnica-sophie\/","title":{"rendered":"Siltumn\u012bca Sophie &#8211; 22,59 m\u00b2"},"content":{"rendered":"<p style=\"text-align: left;\">Ide\u0101ls risin\u0101jums visiem d\u0101rzkop\u012bbas entuziastiem, kuri ne tikai nodarbojas ar d\u0101rzkop\u012bbu, bet ar\u012b vienk\u0101r\u0161i izbauda uztur\u0113\u0161anos d\u0101rz\u0101 kop\u0101 ar augiem &#8211; neatkar\u012bgi no laikapst\u0101k\u013ciem.<br \/>\nM\u016bsu augst\u0101k\u0101s klases siltumn\u012bcas un d\u0101rza nojumes ir ide\u0101li piem\u0113rotas gan d\u0101rze\u0146u audz\u0113\u0161anai, gan d\u0101rza nojumes izmanto\u0161anai.<br \/>\nK\u0101p\u0113c dom\u0101t par to k\u0101 par v\u0113ja un lietus necaurlaid\u012bgu terasi &#8211; tikl\u012bdz esat iek\u0161\u0101, t\u0101 ir k\u0101 \u0101r\u0101.<br \/>\nUn tas viss par vislab\u0101ko cenas un kvalit\u0101tes attiec\u012bbu!<\/p>\n<p><strong>M\u0112R\u012aTS:<\/strong><\/p>\n<ul>\n<li>\u012apa\u0161as formas siltumn\u012bcai vai d\u0101rza paviljonam ir T-veida pl\u0101ns. Siltumn\u012bcas kop\u0113jais platums ir 451 cm un kop\u0113jais garums ir 593 cm. Gala sienu platums 306 cm un plat\u012bba 22,59 m\u00b2, tilpums 47,3 m\u00b3.<\/li>\n<li>Jumta kores augstums, ieskaitot pamatni, ir 259 cm, un s\u0101nu sienas augstums, ieskaitot pamatni, ir 179 cm.<\/li>\n<li>Liel\u0101s jumta ventil\u0101cijas atveres 78 cm x 73 cm nodro\u0161ina labu gaisa cirkul\u0101ciju.<\/li>\n<li>Siltumn\u012bcai ir ar\u012b lietus \u016bdens caurules.<\/li>\n<li>Stikla virsmas kop\u0113j\u0101 plat\u012bba ir 55,90 m\u00b2.<\/li>\n<\/ul>\n<p><strong>Siltumn\u012bcu var piestiprin\u0101t tie\u0161i pie zemes ar pamatnes karkasu, pie jebkuras sagatavotas akmens vai koka virsmas un, protams, pie betona vai bloku pamatiem.<\/strong><br \/>\nIztur\u012bgais alum\u012bnija pamatnes r\u0101mis nodro\u0161ina siltumn\u012bcai liel\u0101ku stabilit\u0101ti un atvieglo mont\u0101\u017eu. Pamatnes r\u0101mis ir izgatavots no iztur\u012bga kapara un ir divkameru, kas nodro\u0161ina \u012bpa\u0161i lielu stingr\u012bbu, piem\u0113ram, pret salu. Pamatnes r\u0101mim ir pievienotas enkurviru virves, ko var ierakt zem\u0113 vai izliet mais\u012bjum\u0101. T\u0101d\u0113j\u0101di apak\u0161r\u0101mis var aizst\u0101t ar\u012b atsevi\u0161\u0137u pamatu.<\/p>\n<p>Siltumn\u012bcas <strong>4 mm r\u016bd\u012btais stikls<\/strong> ir l\u012bdz pat 7 reiz\u0113m iztur\u012bg\u0101ks par parasto siltumn\u012bcas stiklu. Tas noz\u012bm\u0113 liel\u0101ku dro\u0161\u012bbu mont\u0101\u017eas un v\u0113l\u0101kas lieto\u0161anas laik\u0101. Ja stikls sapl\u012bst, no t\u0101 neveidojas b\u012bstamas asas \u0161\u0137embas, bet tikai stikla lauskas, l\u012bdz\u012bgi k\u0101 tad, ja sapl\u012bst automa\u0161\u012bnas logs. \u0160\u012b \u0161\u0137elda neboj\u0101 un netrauc\u0113 siltumn\u012bcas augsni.<\/p>\n","protected":false},"excerpt":{"rendered":"<p>5,93&nbsp;m x 4,51&nbsp;m = 22,59&nbsp;m\u00b2<\/p>\n","protected":false},"featured_media":14470,"comment_status":"closed","ping_status":"closed","template":"","meta":[],"product_brand":[],"product_cat":[989],"product_tag":[390,391,385,1621,386,387,388,389],"class_list":{"0":"post-19624","1":"product","2":"type-product","3":"status-publish","4":"has-post-thumbnail","6":"product_cat-prestige-lv","7":"product_tag-triiphone-lv","8":"product_tag-triplex-lv","9":"product_tag-siltumnica","10":"product_tag-rudits-stikls","11":"product_tag-siltumnicas","12":"product_tag-siltumnica-lv","13":"product_tag-siltumnica-lv-2","14":"product_tag-siltumnicas-lv","15":"pa_kattematerjal-rudits-stikls","16":"pa_kulje-korgus-179-m-lv","17":"pa_laius-451-m-lv","18":"pa_pikkus-593-m-lv","19":"pa_pindala-2259-m-lv","20":"pa_pindala_vahemik-21-24-m-lv","21":"pa_tipu-korgus-259-m-lv","22":"pa_varv-pulverkrasa-melna-krasa-ral-9005","23":"pa_varv-pulverkrasojums-citas-ral-krasas","24":"infinite-scroll-item","25":"no-featured-image-padding","26":"sales-flash-overlay","27":"woocommerce-text-align-left","28":"woocommerce-image-align-center","29":"do-quantity-buttons","31":"first","32":"instock","33":"sale","34":"shipping-taxable","35":"purchasable","36":"product-type-variable","37":"has-default-attributes"},"_links":{"self":[{"href":"https:\/\/vitavia.lv\/kasvuhoone\/wp-json\/wp\/v2\/product\/19624","targetHints":{"allow":["GET"]}}],"collection":[{"href":"https:\/\/vitavia.lv\/kasvuhoone\/wp-json\/wp\/v2\/product"}],"about":[{"href":"https:\/\/vitavia.lv\/kasvuhoone\/wp-json\/wp\/v2\/types\/product"}],"replies":[{"embeddable":true,"href":"https:\/\/vitavia.lv\/kasvuhoone\/wp-json\/wp\/v2\/comments?post=19624"}],"wp:featuredmedia":[{"embeddable":true,"href":"https:\/\/vitavia.lv\/kasvuhoone\/wp-json\/wp\/v2\/media\/14470"}],"wp:attachment":[{"href":"https:\/\/vitavia.lv\/kasvuhoone\/wp-json\/wp\/v2\/media?parent=19624"}],"wp:term":[{"taxonomy":"product_brand","embeddable":true,"href":"https:\/\/vitavia.lv\/kasvuhoone\/wp-json\/wp\/v2\/product_brand?post=19624"},{"taxonomy":"product_cat","embeddable":true,"href":"https:\/\/vitavia.lv\/kasvuhoone\/wp-json\/wp\/v2\/product_cat?post=19624"},{"taxonomy":"product_tag","embeddable":true,"href":"https:\/\/vitavia.lv\/kasvuhoone\/wp-json\/wp\/v2\/product_tag?post=19624"}],"curies":[{"name":"wp","href":"https:\/\/api.w.org\/{rel}","templated":true}]}}