{"id":19701,"date":"2017-02-24T20:25:07","date_gmt":"2023-05-24T03:51:09","guid":{"rendered":"https:\/\/vitavia.ee\/kasvuhoone\/toode\/siltumnica-vitavia-poseidon-15-700\/"},"modified":"2023-05-24T06:51:09","modified_gmt":"2023-05-24T03:51:09","slug":"siltumnica-vitavia-poseidon-15700","status":"publish","type":"product","link":"https:\/\/vitavia.lv\/kasvuhoone\/toode\/siltumnica-vitavia-poseidon-15700\/","title":{"rendered":"Siltumn\u012bca Vitavia Poseidon 15 700"},"content":{"rendered":"<h3><strong>Vitavia POSEIDON &#8211; eleganta un iespaid\u012bga siltumn\u012bca kaisl\u012bgam d\u0101rzniekam \/ 2,57 mx 6,12 m.<\/strong><\/h3>\n<p>2,57 m plat\u0101 un 2,50 m augst\u0101 siltumn\u012bca pieejama piecos da\u017e\u0101dos garumos.<br \/>\nAugst\u0101s malas un aug\u0161da\u013ca padara siltumn\u012bcu patie\u0161\u0101m pla\u0161u un \u013cauj to p\u0101rv\u0113rst par kr\u0101\u0161\u0146u d\u0101rza paviljonu.<br \/>\nPoseidon ir sp\u0113c\u012bga un skaista siltumn\u012bca, kuras augst\u0101s malas pied\u0101v\u0101 \u012bpa\u0161i pla\u0161u darba telpu.<br \/>\nSiltumn\u012bcas Poseidon s\u0101ni ir izgatavoti no 3 mm r\u016bd\u012bta stikla pane\u013ciem un jumts no 10 mm UV aizsarg\u0101ta polikarbon\u0101ta, kas samazina kondens\u0101ciju un siltuma zudumus.<br \/>\nPateicoties polikarbon\u0101ta jumtam, nav nepiecie\u0161ams to no\u0113not, lai pasarg\u0101tu no saules.<br \/>\nSiltumn\u012bcas karkass ir izgatavots no \u013coti iztur\u012bgiem alum\u012bnija profiliem, kas p\u0101rkl\u0101ti ar pulvera p\u0101rkl\u0101jumu.<\/p>\n<p>Siltumn\u012bcai ir veramas durvis, kuras var aizsl\u0113gt priek\u0161pus\u0113 un toplet atveras abpus\u0113ji.<\/p>\n<p>Atkar\u012bb\u0101 no izm\u0113ra Poseidon siltumn\u012bc\u0101m ir divi vai tr\u012bs jumta logi.<br \/>\nStandarta apr\u012bkojum\u0101 ietilpst ar\u012b lietus \u016bdens caurules.<\/p>\n<p><strong>Da\u017e\u0101du Poseidon siltumn\u012bcas mode\u013cu izm\u0113ru tabula:<\/strong><\/p>\n<div class=\"tabel-scroll-x\">\n<table class=\"spec\" border=\"0\">\n<tbody>\n<tr>\n<th style=\"text-align: left;\" width=\"90\">Modelis<\/th>\n<th style=\"text-align: left;\" width=\"72\">Plat\u012bba<\/th>\n<th style=\"text-align: left;\" width=\"72\">Garums<\/th>\n<th style=\"text-align: left;\" width=\"72\">Platums<\/th>\n<th style=\"text-align: left;\" width=\"72\">S\u0101nu<\/th>\n<th style=\"text-align: left;\" width=\"72\">Augstums<\/th>\n<th style=\"text-align: left;\" width=\"50\">Logi<\/th>\n<\/tr>\n<tr>\n<td>Poseidons 8100<\/td>\n<td>8,1 <sup>m2<\/sup><\/td>\n<td>3,14 m<\/td>\n<td>2.57m<\/td>\n<td> 1,89 m<\/td>\n<td>2,50 m<\/td>\n<td>2<\/td>\n<\/tr>\n<tr>\n<td>Poseidons 10000<\/td>\n<td><sup>10,0m2<\/sup><\/td>\n<td>3,89 m<\/td>\n<td>2.57m<\/td>\n<td> 1,89 m<\/td>\n<td>2,50 m<\/td>\n<td>2<\/td>\n<\/tr>\n<tr>\n<td>Poseidons 11900<\/td>\n<td>11,9<sup>&nbsp;m2<\/sup><\/td>\n<td>4,63 m<\/td>\n<td>2.57m<\/td>\n<td> 1,89 m<\/td>\n<td>2,50 m<\/td>\n<td>3<\/td>\n<\/tr>\n<tr>\n<td>Poseidons 13800<\/td>\n<td><sup>13,8m2<\/sup><\/td>\n<td>5,38 m<\/td>\n<td>2.57m<\/td>\n<td> 1,89 m<\/td>\n<td>2,50 m<\/td>\n<td>3<\/td>\n<\/tr>\n<tr>\n<td>Poseidons 15700<\/td>\n<td>15,7 <sup>m2<\/sup><\/td>\n<td>6,12 m<\/td>\n<td>2.57m<\/td>\n<td> 1,89 m<\/td>\n<td>2,50 m<\/td>\n<td>3<\/td>\n<\/tr>\n<\/tbody>\n<\/table>\n<\/div>\n<p><em>&#8211; melns k\u0101 kr\u0101su opcija<br \/>\n&#8211; priek\u0161\u0101 divas sl\u0113dzamas veramas durvis<br \/>\n&#8211; atkar\u012bb\u0101 no izm\u0113ra 2 vai 3 jumta logi<br \/>\n&#8211; visu mode\u013cu b\u0101zes r\u0101mis<\/em><\/p>\n<p>R\u0101mis ir izgatavots no anod\u0113ta alum\u012bnija (nodro\u0161ina ilgsto\u0161u skaistu alum\u012bnija izskatu un iztur\u012bbu) un pulverkr\u0101sots melns.<\/p>\n<p>Iesp\u0113jams pas\u016bt\u012bt da\u017e\u0101dus aksesu\u0101rus: logu, autom\u0101tisko logu attais\u0101mo, iek\u0161\u0113jos plauktus u.c.<\/p>\n<p><em>Ton\u0101lais kr\u0113ms noteikti nav nepiecie\u0161ams, bet ieteicams.<\/em><br \/>\n Siltumn\u012bcas \u012bpa\u0161i iztur\u012bgais pamatnes karkass \u013cauj to uzst\u0101d\u012bt tie\u0161i uz v\u0113lam\u0101s virsmas.<\/p>\n<p><em>Preces cen\u0101 ir iek\u013cauts b\u0101zes r\u0101mis.<\/em><\/p>\n<h3><a href=\"https:\/\/youtu.be\/XiwDf_kw8oc\" target=\"_blank\" rel=\"noopener noreferrer\">Vitavia demonstr\u0101cijas video  <\/a><\/h3>\n<p><a href=\"https:\/\/www.pinterest.com\/mwlconstruct\/kasvuhoone\/\">Pinterest<\/a><br \/>\n<a href=\"http:\/\/www.vitavia.ee\/\" rel=\"nofollow\">Vitavia<\/a><\/p>\n","protected":false},"excerpt":{"rendered":"<p><span title=\"Skat\u012bt visus izm\u0113rus zem\u0101k redzamaj\u0101 tabul\u0101\">2,57&nbsp;m x 6,12&nbsp;m = 15,7&nbsp;m\u00b2<\/span><br \/>\n<span style=\"color: #f5bd2f;\"><strong>Ikm\u0113ne\u0161a maks\u0101jums al. &#8230; \u20ac<\/strong><\/span><\/p>\n","protected":false},"featured_media":13720,"comment_status":"closed","ping_status":"closed","template":"","meta":[],"product_brand":[],"product_cat":[979],"product_tag":[387,1653,388,389,472,1621,385,1026,386,1041],"class_list":{"0":"post-19701","1":"product","2":"type-product","3":"status-publish","4":"has-post-thumbnail","6":"product_cat-poseidon-lv","7":"product_tag-siltumnica-lv","8":"product_tag-sani-no-rudita-stikla-un-jumts-no-polikarbonata","9":"product_tag-siltumnica-lv-2","10":"product_tag-siltumnicas-lv","11":"product_tag-vitavia-lv","12":"product_tag-rudits-stikls","13":"product_tag-siltumnica","14":"product_tag-poseidon-lv","15":"product_tag-siltumnicas","16":"product_tag-skaista-siltumnica","17":"pa_kattematerjal-jumts-10-mm-polikarbonats-sani-3-mm-rudits-stikls","18":"pa_kulje-korgus-188-m-lv","19":"pa_laius-257-m-lv","20":"pa_pikkus-612-m-lv","21":"pa_pindala-157-m2-lv","22":"pa_pindala_vahemik-12-16-m-lv","23":"pa_tipu-korgus-250-m-lv","24":"pa_varv-melns","25":"infinite-scroll-item","26":"no-featured-image-padding","27":"sales-flash-overlay","28":"woocommerce-text-align-left","29":"woocommerce-image-align-center","30":"do-quantity-buttons","32":"first","33":"instock","34":"sale","35":"shipping-taxable","36":"purchasable","37":"product-type-variable","38":"has-default-attributes"},"_links":{"self":[{"href":"https:\/\/vitavia.lv\/kasvuhoone\/wp-json\/wp\/v2\/product\/19701","targetHints":{"allow":["GET"]}}],"collection":[{"href":"https:\/\/vitavia.lv\/kasvuhoone\/wp-json\/wp\/v2\/product"}],"about":[{"href":"https:\/\/vitavia.lv\/kasvuhoone\/wp-json\/wp\/v2\/types\/product"}],"replies":[{"embeddable":true,"href":"https:\/\/vitavia.lv\/kasvuhoone\/wp-json\/wp\/v2\/comments?post=19701"}],"wp:featuredmedia":[{"embeddable":true,"href":"https:\/\/vitavia.lv\/kasvuhoone\/wp-json\/wp\/v2\/media\/13720"}],"wp:attachment":[{"href":"https:\/\/vitavia.lv\/kasvuhoone\/wp-json\/wp\/v2\/media?parent=19701"}],"wp:term":[{"taxonomy":"product_brand","embeddable":true,"href":"https:\/\/vitavia.lv\/kasvuhoone\/wp-json\/wp\/v2\/product_brand?post=19701"},{"taxonomy":"product_cat","embeddable":true,"href":"https:\/\/vitavia.lv\/kasvuhoone\/wp-json\/wp\/v2\/product_cat?post=19701"},{"taxonomy":"product_tag","embeddable":true,"href":"https:\/\/vitavia.lv\/kasvuhoone\/wp-json\/wp\/v2\/product_tag?post=19701"}],"curies":[{"name":"wp","href":"https:\/\/api.w.org\/{rel}","templated":true}]}}