{"id":19804,"date":"2018-03-30T09:34:57","date_gmt":"2018-03-30T09:34:57","guid":{"rendered":"https:\/\/vitavia.ee\/kasvuhoone\/toode\/urbsanas-auklu-turetaji\/"},"modified":"2023-05-24T08:14:57","modified_gmt":"2023-05-24T05:14:57","slug":"koku-liniju-turetaji","status":"publish","type":"product","link":"https:\/\/vitavia.lv\/kasvuhoone\/toode\/koku-liniju-turetaji\/","title":{"rendered":"Urb\u0161anas auklu tur\u0113t\u0101ji"},"content":{"rendered":"<p>Gan iek\u0161pus\u0113, gan \u0101rpus\u0113 urbju auklu tur\u0113t\u0101ji izgatavoti no \u012bpa\u0161i iztur\u012bga materi\u0101la ZINCALUME\u00ae.<br \/>\nUrb\u0161anas auklas tur\u0113t\u0101jam ir alum\u012bnija pamata r\u0101mis, aug\u0161da\u013ca ir tum\u0161i pel\u0113ka.<\/p>\n","protected":false},"excerpt":{"rendered":"<p>(platums x dzi\u013cums x augstums): 2,10 x 0,86 x 1,00 m<\/p>\n","protected":false},"featured_media":14126,"comment_status":"closed","ping_status":"closed","template":"","meta":[],"product_brand":[],"product_cat":[1113],"product_tag":[],"class_list":{"0":"post-19804","1":"product","2":"type-product","3":"status-publish","4":"has-post-thumbnail","6":"product_cat-kokmaterialu-turetaji","7":"infinite-scroll-item","8":"no-featured-image-padding","9":"sales-flash-overlay","10":"woocommerce-text-align-left","11":"woocommerce-image-align-center","12":"do-quantity-buttons","14":"first","15":"instock","16":"shipping-taxable","17":"purchasable","18":"product-type-simple"},"_links":{"self":[{"href":"https:\/\/vitavia.lv\/kasvuhoone\/wp-json\/wp\/v2\/product\/19804","targetHints":{"allow":["GET"]}}],"collection":[{"href":"https:\/\/vitavia.lv\/kasvuhoone\/wp-json\/wp\/v2\/product"}],"about":[{"href":"https:\/\/vitavia.lv\/kasvuhoone\/wp-json\/wp\/v2\/types\/product"}],"replies":[{"embeddable":true,"href":"https:\/\/vitavia.lv\/kasvuhoone\/wp-json\/wp\/v2\/comments?post=19804"}],"wp:featuredmedia":[{"embeddable":true,"href":"https:\/\/vitavia.lv\/kasvuhoone\/wp-json\/wp\/v2\/media\/14126"}],"wp:attachment":[{"href":"https:\/\/vitavia.lv\/kasvuhoone\/wp-json\/wp\/v2\/media?parent=19804"}],"wp:term":[{"taxonomy":"product_brand","embeddable":true,"href":"https:\/\/vitavia.lv\/kasvuhoone\/wp-json\/wp\/v2\/product_brand?post=19804"},{"taxonomy":"product_cat","embeddable":true,"href":"https:\/\/vitavia.lv\/kasvuhoone\/wp-json\/wp\/v2\/product_cat?post=19804"},{"taxonomy":"product_tag","embeddable":true,"href":"https:\/\/vitavia.lv\/kasvuhoone\/wp-json\/wp\/v2\/product_tag?post=19804"}],"curies":[{"name":"wp","href":"https:\/\/api.w.org\/{rel}","templated":true}]}}