{"id":19899,"date":"2016-01-01T20:03:20","date_gmt":"2023-05-24T05:15:09","guid":{"rendered":"https:\/\/vitavia.ee\/kasvuhoone\/toode\/sienas-siltumnica-vitavia-ida-1300\/"},"modified":"2023-05-24T08:15:09","modified_gmt":"2023-05-24T05:15:09","slug":"siena-siltumnica-vitavia-austrumi-1300","status":"publish","type":"product","link":"https:\/\/vitavia.lv\/kasvuhoone\/toode\/siena-siltumnica-vitavia-austrumi-1300\/","title":{"rendered":"Sienas siltumn\u012bca Vitavia Ida 1300"},"content":{"rendered":"<h3><strong>Vitavia IDA &#8211; sienas siltumn\u012bca ar vien\u0101m b\u012bd\u0101m\u0101m durv\u012bm \/ 0,69 m x 1,94 m<br \/>\n<\/strong><\/h3>\n<p>Pie sienas stiprin\u0101ma siltumn\u012bca ir ide\u0101li piem\u0113rota tiem, kam ir maz\u0101k vietas.<\/p>\n<p>Maz\u0101kus mode\u013cus var novietot pat uz balkoniem vai verand\u0101m, \u013caujot ar augiem str\u0101d\u0101t pat pils\u0113tas dz\u012bvok\u013cos.<br \/>\nMaz\u0101kos d\u0101rzos siltumn\u012bcu var vienk\u0101r\u0161i novietot pie m\u0101jas sienas, un jums nav nepiecie\u0161ams daudz vietas.<\/p>\n<p>Sienas mode\u013ci ir pieejami se\u0161os da\u017e\u0101dos izm\u0113ros.<\/p>\n<p>Visiem mode\u013ciem atkar\u012bb\u0101 no izm\u0113ra ir 1 l\u012bdz 2 jumta logi un 1 vai 2 b\u012bd\u0101m\u0101s durvis.<\/p>\n<p><strong>Austrumu siltumn\u012bcas da\u017e\u0101du mode\u013cu izm\u0113ru tabula:<\/strong><\/p>\n<div class=\"tabel-scroll-x\">\n<table class=\"spec\" border=\"0\">\n<tbody>\n<tr>\n<th style=\"text-align: left;\" width=\"90\">Modelis<\/th>\n<th style=\"text-align: left;\" width=\"72\">Plat\u012bba<\/th>\n<th style=\"text-align: left;\" width=\"72\">Garums<\/th>\n<th style=\"text-align: left;\" width=\"72\">Platums<\/th>\n<th style=\"text-align: left;\" width=\"72\">S\u0101nu<\/th>\n<th style=\"text-align: left;\" width=\"72\">Augstums<\/th>\n<th style=\"text-align: left;\" width=\"50\">Logi<\/th>\n<\/tr>\n<tr>\n<td>Ida 900<\/td>\n<td>0<sup>.9m2<\/sup><\/td>\n<td>1.32m<\/td>\n<td>0.69m<\/td>\n<td>1.52m<\/td>\n<td>1.84m<\/td>\n<td>1<\/td>\n<\/tr>\n<tr>\n<td>Ida 1300<\/td>\n<td>1<sup>.34m2<\/sup><\/td>\n<td>1.94m<\/td>\n<td>0.69m<\/td>\n<td>1.52m<\/td>\n<td>1.84m<\/td>\n<td>1<\/td>\n<\/tr>\n<tr>\n<td>Ida 3300<\/td>\n<td>3<sup>.3m2<\/sup><\/td>\n<td>2.57m<\/td>\n<td>1.3m<\/td>\n<td>1.65m<\/td>\n<td>2.22m<\/td>\n<td>1<\/td>\n<\/tr>\n<tr>\n<td>Ida 5200<\/td>\n<td>5<sup>.2m2<\/sup><\/td>\n<td>2.62m<\/td>\n<td>2.01m<\/td>\n<td>1.69m<\/td>\n<td>2.21m<\/td>\n<td>1<\/td>\n<\/tr>\n<tr>\n<td>Ida 6500<\/td>\n<td>6<sup>.5m2<\/sup><\/td>\n<td>3.24m<\/td>\n<td>2.01m<\/td>\n<td>1.69m<\/td>\n<td>2.21m<\/td>\n<td>2<\/td>\n<\/tr>\n<tr>\n<td>Ida 7800<\/td>\n<td>7<sup>.8m2<\/sup><\/td>\n<td>3.87m<\/td>\n<td>2.01m<\/td>\n<td>1.69m<\/td>\n<td>2.21m<\/td>\n<td>2<\/td>\n<\/tr>\n<\/tbody>\n<\/table>\n<\/div>\n<p><em>&#8211; Pieejama pel\u0113k\u0101 un za\u013c\u0101 kr\u0101s\u0101. Tr\u012bs liel\u0101ki mode\u013ci pieejami tikai pel\u0113k\u0101 kr\u0101s\u0101.<br \/>\n&#8211; Var p\u0101rkl\u0101t ar 3 mm stiklu vai 4 mm polikarbon\u0101tu.<br \/>\n&#8211; Priek\u0161\u0101 atkar\u012bb\u0101 no 1 vai 2 b\u012bd\u0101mo durvju izm\u0113ra<br \/>\n&#8211; 1 l\u012bdz 2 jumta logi<br \/>\n&#8211; Visiem mode\u013ciem pieejams b\u0101zes r\u0101mis<br \/>\n<\/em><\/p>\n<p>R\u0101mis ir izgatavots no anod\u0113ta alum\u012bnija (kas pie\u0161\u0137ir alum\u012bnijam ilgm\u016b\u017e\u012bgu, skaistu izskatu un iztur\u012bbu), un tas ir pieejams ar\u012b pulverkr\u0101sojuma kr\u0101sojum\u0101.<\/p>\n<p>Var pas\u016bt\u012bt da\u017e\u0101dus papildu piederumus: logu, apak\u0161\u0113jo ventil\u0101cijas l\u016bkas atveri, autom\u0101tisko logu atv\u0113r\u0161anas meh\u0101nismu, pamatnes r\u0101mi, iek\u0161\u0113jos plauktus u. c.<\/p>\n<p><strong><a href=\"http:\/\/mwlconstruct.eu\/e-pood\/tootekategooria\/kasvuhoone-lisavarustus\/\" target=\"_blank\" rel=\"noopener noreferrer\">Skat\u012bt piederumus<\/a><\/strong><\/p>\n<p><em>Fonds noteikti nav nepiecie\u0161ams, bet ir v\u0113lams.<br \/>\nJa siltumn\u012bcai ir pamatne, to var piestiprin\u0101t pie z\u0101les vai jebkuras citas sagatavotas virsmas.<br \/>\nCen\u0101 nav iek\u013cauts b\u0101zes r\u0101mis.<\/em><\/p>\n<h3><a href=\"https:\/\/youtu.be\/-4zXyeMetnM\" target=\"_blank\" rel=\"noopener noreferrer\">Vitavia demonstr\u0101cijas video  <\/a><\/h3>\n<h3><a href=\"https:\/\/youtu.be\/Lfgc5DIekdY\" target=\"_blank\" rel=\"noopener noreferrer\">Sienas siltumn\u012bcas demonstr\u0101cijas video<\/a><\/h3>\n","protected":false},"excerpt":{"rendered":"<p><span title=\"Skat\u012bt visus izm\u0113rus zem\u0101k redzamaj\u0101 tabul\u0101\">0,69 m x 1,94 m = 1,3 m\u00b2.<\/span><br \/>\n<a class=\"alus_rm\" href=\"https:\/\/vitavia.ee\/kasvuhoone\/wp-content\/uploads\/2021\/06\/Kasvuhoone_Ida_paigaldusjuhend_900-1300-003.01.1703_-_dansk_tekst.pdf#page=6\" target=\"blanc\" rel=\"noopener\"><span class=\"alus_rm_bold\">NB!<\/span> Siltumn\u012bcas pamatnes r\u0101mja \u0101r\u0113jos izm\u0113rus skatiet \u0161eit<\/a><br \/>\n<span style=\"color: #f5bd2f;\"><strong>Ikm\u0113ne\u0161a maksa no 23,25 \u20ac<\/strong><\/span><\/p>\n","protected":false},"featured_media":20966,"comment_status":"closed","ping_status":"closed","template":"","meta":[],"product_brand":[],"product_cat":[1114,500],"product_tag":[1087,550,385,386,1082,472],"class_list":{"0":"post-19899","1":"product","2":"type-product","3":"status-publish","4":"has-post-thumbnail","6":"product_cat-sienas-siltumnicas","7":"product_cat-ida-lv","8":"product_tag-sienas-siltumnica","9":"product_tag-ida-lv","10":"product_tag-siltumnica","11":"product_tag-siltumnicas","12":"product_tag-pie-sienas-stiprinama-siltumnica","13":"product_tag-vitavia-lv","14":"pa_kattematerjal-polikarbonats-4-mm","15":"pa_kattematerjal-stikls","16":"pa_kulje-korgus-152-m-lv","17":"pa_laius-069-m-lv","18":"pa_pikkus-195-m-lv","19":"pa_pindala-13-m-lv","20":"pa_pindala_vahemik-09-5-m-lv","21":"pa_tipu-korgus-184-m-lv","22":"pa_varv-zale","23":"pa_varv-melns","24":"pa_varv-zals","25":"infinite-scroll-item","26":"no-featured-image-padding","27":"sales-flash-overlay","28":"woocommerce-text-align-left","29":"woocommerce-image-align-center","30":"do-quantity-buttons","32":"first","33":"instock","34":"shipping-taxable","35":"purchasable","36":"product-type-variable"},"_links":{"self":[{"href":"https:\/\/vitavia.lv\/kasvuhoone\/wp-json\/wp\/v2\/product\/19899","targetHints":{"allow":["GET"]}}],"collection":[{"href":"https:\/\/vitavia.lv\/kasvuhoone\/wp-json\/wp\/v2\/product"}],"about":[{"href":"https:\/\/vitavia.lv\/kasvuhoone\/wp-json\/wp\/v2\/types\/product"}],"replies":[{"embeddable":true,"href":"https:\/\/vitavia.lv\/kasvuhoone\/wp-json\/wp\/v2\/comments?post=19899"}],"wp:featuredmedia":[{"embeddable":true,"href":"https:\/\/vitavia.lv\/kasvuhoone\/wp-json\/wp\/v2\/media\/20966"}],"wp:attachment":[{"href":"https:\/\/vitavia.lv\/kasvuhoone\/wp-json\/wp\/v2\/media?parent=19899"}],"wp:term":[{"taxonomy":"product_brand","embeddable":true,"href":"https:\/\/vitavia.lv\/kasvuhoone\/wp-json\/wp\/v2\/product_brand?post=19899"},{"taxonomy":"product_cat","embeddable":true,"href":"https:\/\/vitavia.lv\/kasvuhoone\/wp-json\/wp\/v2\/product_cat?post=19899"},{"taxonomy":"product_tag","embeddable":true,"href":"https:\/\/vitavia.lv\/kasvuhoone\/wp-json\/wp\/v2\/product_tag?post=19899"}],"curies":[{"name":"wp","href":"https:\/\/api.w.org\/{rel}","templated":true}]}}