{"id":20165,"date":"2016-01-02T21:08:39","date_gmt":"2016-01-02T21:08:39","guid":{"rendered":"https:\/\/vitavia.ee\/kasvuhoone\/toode\/siltumnica-vitavia-zeus-11900\/"},"modified":"2023-05-24T08:41:35","modified_gmt":"2023-05-24T05:41:35","slug":"siltumnica-vitavia-zeus-11900","status":"publish","type":"product","link":"https:\/\/vitavia.lv\/kasvuhoone\/toode\/siltumnica-vitavia-zeus-11900\/","title":{"rendered":"Siltumn\u012bca Vitavia Zeus 11900"},"content":{"rendered":"<h3><strong>Vitavia ZEUS &#8211; eleganta un iespaid\u012bga siltumn\u012bca kaisl\u012bgam d\u0101rzniekam \/ 2,57 mx 4,63 m.<\/strong><\/h3>\n<p>2,57 m plat\u0101 un 2,50 m augst\u0101 siltumn\u012bca pieejama piecos da\u017e\u0101dos garumos.<br \/>\nAugst\u0101s malas un aug\u0161da\u013ca padara siltumn\u012bcu patie\u0161\u0101m pla\u0161u un \u013cauj to p\u0101rv\u0113rst par kr\u0101\u0161\u0146u d\u0101rza paviljonu.<\/p>\n<p>Zeus siltumn\u012bcas s\u0101ni ir izgatavoti no 3 mm r\u016bd\u012bta stikla un jumts no 10 mm polikarbon\u0101ta. Iesp\u0113jams pas\u016bt\u012bt ar\u012b ar piln\u012bb\u0101 10mm polikarbon\u0101ta segumu.<\/p>\n<p>Siltumn\u012bcai ir veramas, sl\u0113dzamas durvis, kas atveras div\u0101s da\u013c\u0101s, lai aug\u0161\u0113jo da\u013cu var\u0113tu izmantot k\u0101 atsevi\u0161\u0137u ventil\u0101cijas l\u016bku.<\/p>\n<p>Atkar\u012bb\u0101 no izm\u0113ra Zeus siltumn\u012bc\u0101m ir divi vai tr\u012bs jumta logi.<br \/>\nStandarta apr\u012bkojum\u0101 ietilpst ar\u012b lietus \u016bdens caurules.<\/p>\n<p><strong>Zeus siltumn\u012bcas da\u017e\u0101du mode\u013cu izm\u0113ru tabula:<\/strong><\/p>\n<div class=\"tabel-scroll-x\">\n<table class=\"spec\" border=\"0\">\n<tbody>\n<tr>\n<th style=\"text-align: left;\" width=\"90\">Modelis<\/th>\n<th style=\"text-align: left;\" width=\"72\">Plat\u012bba<\/th>\n<th style=\"text-align: left;\" width=\"72\">Garums<\/th>\n<th style=\"text-align: left;\" width=\"72\">Platums<\/th>\n<th style=\"text-align: left;\" width=\"72\">S\u0101nu<\/th>\n<th style=\"text-align: left;\" width=\"72\">Augstums<\/th>\n<th style=\"text-align: left;\" width=\"50\">Logi<\/th>\n<\/tr>\n<tr>\n<td>Zeuss 8100<\/td>\n<td>8,1 <sup>m2<\/sup><\/td>\n<td>3,14 m<\/td>\n<td>2.57m<\/td>\n<td> 1,89 m<\/td>\n<td>2,50 m<\/td>\n<td>2<\/td>\n<\/tr>\n<tr>\n<td>Zevs 10 000<\/td>\n<td><sup>10,0m2<\/sup><\/td>\n<td>3,89 m<\/td>\n<td>2.57m<\/td>\n<td> 1,89 m<\/td>\n<td>2,50 m<\/td>\n<td>2<\/td>\n<\/tr>\n<tr>\n<td>Zevs 11900<\/td>\n<td>11,9<sup>&nbsp;m2<\/sup><\/td>\n<td>4,63 m<\/td>\n<td>2.57m<\/td>\n<td> 1,89 m<\/td>\n<td>2,50 m<\/td>\n<td>3<\/td>\n<\/tr>\n<tr>\n<td>Zevs 13800<\/td>\n<td><sup>13,8m2<\/sup><\/td>\n<td>5,38 m<\/td>\n<td>2.57m<\/td>\n<td> 1,89 m<\/td>\n<td>2,50 m<\/td>\n<td>3<\/td>\n<\/tr>\n<tr>\n<td>Zevs 15700<\/td>\n<td>15,7 <sup>m2<\/sup><\/td>\n<td>6,12 m<\/td>\n<td>2.57m<\/td>\n<td> 1,89 m<\/td>\n<td>2,50 m<\/td>\n<td>3<\/td>\n<\/tr>\n<\/tbody>\n<\/table>\n<\/div>\n<p><em>&#8211; pel\u0113ka un melna k\u0101 kr\u0101su opcijas<br \/>\n&#8211; priek\u0161\u0101 vienas sl\u0113dzamas veramas durvis<br \/>\n&#8211; atkar\u012bb\u0101 no izm\u0113ra 2 vai 3 jumta logi<br \/>\n&#8211; visu mode\u013cu b\u0101zes r\u0101mis<\/em><\/p>\n<p>R\u0101mis ir izgatavots no anod\u0113ta alum\u012bnija (kas pie\u0161\u0137ir alum\u012bnijam ilgm\u016b\u017e\u012bgu, skaistu izskatu un iztur\u012bbu), un tas ir pieejams ar\u012b pulverkr\u0101sojuma kr\u0101sojum\u0101.<\/p>\n<p>Var pas\u016bt\u012bt da\u017e\u0101dus papildu piederumus: logu, apak\u0161\u0113jo ventil\u0101cijas l\u016bkas atveri, autom\u0101tisko logu atv\u0113r\u0161anas meh\u0101nismu, pamatnes r\u0101mi, iek\u0161\u0113jos plauktus u. c.<\/p>\n<p><strong><a href=\"http:\/\/mwlconstruct.eu\/e-pood\/tootekategooria\/kasvuhoone-lisavarustus\/\" target=\"_blank\" rel=\"noopener noreferrer\">Skat\u012bt piederumus<\/a><\/strong><\/p>\n<p><em>Fonds noteikti nav nepiecie\u0161ams, bet ir v\u0113lams.<br \/>\nJa siltumn\u012bcai ir pamatne, to var piestiprin\u0101t pie z\u0101les vai jebkuras citas sagatavotas virsmas.<br \/>\nPreces cen\u0101 ir iek\u013cauts b\u0101zes r\u0101mis.<\/em><\/p>\n<h3><a href=\"https:\/\/youtu.be\/-4zXyeMetnM\" target=\"_blank\" rel=\"noopener noreferrer\">Vitavia demonstr\u0101cijas video  <\/a><\/h3>\n","protected":false},"excerpt":{"rendered":"<p><span title=\"Skat\u012bt visus izm\u0113rus zem\u0101k redzamaj\u0101 tabul\u0101\">2,57&nbsp;m x 4,63&nbsp;m = 11,9&nbsp;m\u00b2<\/span><br \/>\n<span style=\"color: #f5bd2f;\"><strong>Ikm\u0113ne\u0161a maks\u0101jums al. 257,08 \u20ac<\/strong><\/span><\/p>\n","protected":false},"featured_media":13385,"comment_status":"closed","ping_status":"closed","template":"","meta":[],"product_brand":[],"product_cat":[985],"product_tag":[1621,1653],"class_list":{"0":"post-20165","1":"product","2":"type-product","3":"status-publish","4":"has-post-thumbnail","6":"product_cat-zeus-lv","7":"product_tag-rudits-stikls","8":"product_tag-sani-no-rudita-stikla-un-jumts-no-polikarbonata","9":"pa_kattematerjal-jumts-10-mm-polikarbonats-sani-3-mm-rudits-stikls","10":"pa_kulje-korgus-189-m-lv","11":"pa_laius-257-m-lv","12":"pa_pikkus-463-m-lv","13":"pa_pindala-119-m2-lv","14":"pa_pindala_vahemik-9-12-m-lv","15":"pa_tipu-korgus-250-m-lv","16":"pa_varv-zale","17":"infinite-scroll-item","18":"no-featured-image-padding","19":"sales-flash-overlay","20":"woocommerce-text-align-left","21":"woocommerce-image-align-center","22":"do-quantity-buttons","24":"first","25":"instock","26":"shipping-taxable","27":"purchasable","28":"product-type-variable","29":"has-default-attributes"},"_links":{"self":[{"href":"https:\/\/vitavia.lv\/kasvuhoone\/wp-json\/wp\/v2\/product\/20165","targetHints":{"allow":["GET"]}}],"collection":[{"href":"https:\/\/vitavia.lv\/kasvuhoone\/wp-json\/wp\/v2\/product"}],"about":[{"href":"https:\/\/vitavia.lv\/kasvuhoone\/wp-json\/wp\/v2\/types\/product"}],"replies":[{"embeddable":true,"href":"https:\/\/vitavia.lv\/kasvuhoone\/wp-json\/wp\/v2\/comments?post=20165"}],"wp:featuredmedia":[{"embeddable":true,"href":"https:\/\/vitavia.lv\/kasvuhoone\/wp-json\/wp\/v2\/media\/13385"}],"wp:attachment":[{"href":"https:\/\/vitavia.lv\/kasvuhoone\/wp-json\/wp\/v2\/media?parent=20165"}],"wp:term":[{"taxonomy":"product_brand","embeddable":true,"href":"https:\/\/vitavia.lv\/kasvuhoone\/wp-json\/wp\/v2\/product_brand?post=20165"},{"taxonomy":"product_cat","embeddable":true,"href":"https:\/\/vitavia.lv\/kasvuhoone\/wp-json\/wp\/v2\/product_cat?post=20165"},{"taxonomy":"product_tag","embeddable":true,"href":"https:\/\/vitavia.lv\/kasvuhoone\/wp-json\/wp\/v2\/product_tag?post=20165"}],"curies":[{"name":"wp","href":"https:\/\/api.w.org\/{rel}","templated":true}]}}