{"id":20265,"date":"2016-05-23T21:45:18","date_gmt":"2023-05-25T06:04:47","guid":{"rendered":"https:\/\/vitavia.ee\/kasvuhoone\/toode\/siltumnica-vitavia-helena-11900\/"},"modified":"2023-05-25T09:04:47","modified_gmt":"2023-05-25T06:04:47","slug":"siltumnica-vitavia-helene-11900","status":"publish","type":"product","link":"https:\/\/vitavia.lv\/kasvuhoone\/toode\/siltumnica-vitavia-helene-11900\/","title":{"rendered":"Siltumn\u012bca Vitavia Helena 11900"},"content":{"rendered":"<h3><strong>Pie sienas stiprin\u0101ma siltumn\u012bcas veranda &#8211; Vitavia HELENA \/ siltumn\u012bca ar div\u0101m b\u012bd\u0101m\u0101m durv\u012bm \/ 2,66 mx 4,60 m.<\/strong><\/h3>\n<p>Pie sienas stiprin\u0101ma siltumn\u012bcas lievenis, kas ir ide\u0101li piem\u0113rots ar\u012b ziemas d\u0101rzam.<br \/>\nPla\u0161as, pret\u0113ji veramas durvis p\u0113c vajadz\u012bbas var novietot gan s\u0101nos, gan priek\u0161\u0113j\u0101 sien\u0101.<br \/>\nSp\u0113c\u012bgs alum\u012bnija r\u0101mis un pla\u0161as stikla virsmas, kas padara to \u013coti spilgtu.<\/p>\n<p>Visiem mode\u013ciem ir 2 s\u0101nu logi un 2 pret\u012b atveramas sl\u0113dzamas b\u012bd\u0101m\u0101s durvis.<br \/>\nHel\u0113nas mode\u013ci ir pieejami tr\u012bs da\u017e\u0101dos izm\u0113ros.<\/p>\n<p><strong>Hel\u0113nas siltumn\u012bcas da\u017e\u0101du mode\u013cu izm\u0113ru tabula:<\/strong><\/p>\n<div class=\"tabel-scroll-x\">\n<table class=\"spec\" border=\"0\">\n<tbody>\n<tr>\n<th style=\"text-align: left;\" width=\"90\">Modelis<\/th>\n<th style=\"text-align: left;\" width=\"72\">Plat\u012bba<\/th>\n<th style=\"text-align: left;\" width=\"72\">Garums<\/th>\n<th style=\"text-align: left;\" width=\"72\">Platums<\/th>\n<th style=\"text-align: left;\" width=\"72\">S\u0101nu<\/th>\n<th style=\"text-align: left;\" width=\"72\">Augstums<\/th>\n<th style=\"text-align: left;\" width=\"50\">Logi<\/th>\n<\/tr>\n<tr>\n<td>Hel\u0113na 8600<\/td>\n<td><sup>8,88m2<\/sup><\/td>\n<td>3,34 m<\/td>\n<td>2,66 m<\/td>\n<td>1,87 m<\/td>\n<td>2,39 m<\/td>\n<td>2<\/td>\n<\/tr>\n<tr>\n<td>Hel\u0113na 10200<\/td>\n<td>10,56 m <sup>2<\/sup><\/td>\n<td>3,97 m<\/td>\n<td>2,66 m<\/td>\n<td>1,87 m<\/td>\n<td>2,39 m<\/td>\n<td>2<\/td>\n<\/tr>\n<tr>\n<td>Hel\u0113na 11900<\/td>\n<td>12,24 m <sup>2<\/sup><\/td>\n<td>4,60 m<\/td>\n<td>2,66 m<\/td>\n<td>1,87 m<\/td>\n<td>2,39 m<\/td>\n<td>2<\/td>\n<\/tr>\n<\/tbody>\n<\/table>\n<\/div>\n<p><em>&#8211; Pieejams pel\u0113k\u0101, tum\u0161i pel\u0113k\u0101 un meln\u0101 kr\u0101s\u0101<br \/>\n&#8211; 3 mm r\u016bd\u012bts stikls s\u0101nos un 10 mm polikarbon\u0101ts uz jumta<br \/>\n&#8211; 2 pret\u012b atveramas sl\u0113dzamas b\u012bd\u0101m\u0101s durvis<br \/>\n&#8211; 2 s\u0101nu logi<br \/>\n&#8211; Visiem mode\u013ciem ir pamata r\u0101mis<br \/>\n<\/em><\/p>\n<p>R\u0101mis ir izgatavots no anod\u0113ta alum\u012bnija (ilgsto\u0161i skaistam izskatam un alum\u012bnija iztur\u012bbai), un tas ir pieejams ar\u012b pulverkr\u0101sojuma kr\u0101sojum\u0101.<\/p>\n<p>Iesp\u0113jams pas\u016bt\u012bt da\u017e\u0101dus aksesu\u0101rus: logu, autom\u0101tisko logu attais\u0101mo, iek\u0161\u0113jos plauktus u.c.<\/p>\n<h4><strong><a href=\"http:\/\/mwlconstruct.eu\/e-pood\/tootekategooria\/kasvuhoone-lisavarustus\/\" target=\"_blank\" rel=\"noopener noreferrer\">Skat\u012bt piederumus<\/a><\/strong><\/h4>\n<h3><a href=\"https:\/\/youtu.be\/-4zXyeMetnM\" target=\"_blank\" rel=\"noopener noreferrer\">Vitavia demonstr\u0101cijas video  <\/a><\/h3>\n<p><em>Fonds noteikti nav nepiecie\u0161ams, bet ir v\u0113lams.<br \/>\nJa siltumn\u012bcai ir pamatne, to var piestiprin\u0101t pie z\u0101les vai jebkuras citas sagatavotas virsmas.<br \/>\nPreces cen\u0101 ir iek\u013cauts b\u0101zes r\u0101mis.<\/em><br \/>\n<a href=\"https:\/\/www.pinterest.com\/mwlconstruct\/kasvuhoone\/\">Pinterest<\/a><br \/>\n<a href=\"http:\/\/www.vitavia.ee\/\" rel=\"nofollow\">Vitavia<\/a><\/p>\n","protected":false},"excerpt":{"rendered":"<p><span title=\"Skat\u012bt visus izm\u0113rus zem\u0101k redzamaj\u0101 tabul\u0101\">2,66&nbsp;m x 4,60&nbsp;m = 12,24&nbsp;m\u00b2<\/span><br \/>\n<span style=\"color: #f5bd2f;\"><strong>Ikm\u0113ne\u0161a maks\u0101jums al. 243,42 eiro<\/strong><\/span><\/p>\n","protected":false},"featured_media":13570,"comment_status":"closed","ping_status":"closed","template":"","meta":[],"product_brand":[],"product_cat":[1114,498],"product_tag":[],"class_list":{"0":"post-20265","1":"product","2":"type-product","3":"status-publish","4":"has-post-thumbnail","6":"product_cat-sienas-siltumnicas","7":"product_cat-helena-lv","8":"pa_kattematerjal-jumts-10-mm-polikarbonats-sani-3-mm-rudits-stikls","9":"pa_kulje-korgus-187-m-lv","10":"pa_laius-266-m-lv","11":"pa_pikkus-460-m-lv","12":"pa_pindala-1224-m2-lv","13":"pa_pindala_vahemik-12-16-m-lv","14":"pa_tipu-korgus-239-m-lv","15":"pa_varv-melns","16":"infinite-scroll-item","17":"no-featured-image-padding","18":"sales-flash-overlay","19":"woocommerce-text-align-left","20":"woocommerce-image-align-center","21":"do-quantity-buttons","23":"first","24":"onbackorder","25":"sale","26":"shipping-taxable","27":"purchasable","28":"product-type-variable"},"_links":{"self":[{"href":"https:\/\/vitavia.lv\/kasvuhoone\/wp-json\/wp\/v2\/product\/20265","targetHints":{"allow":["GET"]}}],"collection":[{"href":"https:\/\/vitavia.lv\/kasvuhoone\/wp-json\/wp\/v2\/product"}],"about":[{"href":"https:\/\/vitavia.lv\/kasvuhoone\/wp-json\/wp\/v2\/types\/product"}],"replies":[{"embeddable":true,"href":"https:\/\/vitavia.lv\/kasvuhoone\/wp-json\/wp\/v2\/comments?post=20265"}],"wp:featuredmedia":[{"embeddable":true,"href":"https:\/\/vitavia.lv\/kasvuhoone\/wp-json\/wp\/v2\/media\/13570"}],"wp:attachment":[{"href":"https:\/\/vitavia.lv\/kasvuhoone\/wp-json\/wp\/v2\/media?parent=20265"}],"wp:term":[{"taxonomy":"product_brand","embeddable":true,"href":"https:\/\/vitavia.lv\/kasvuhoone\/wp-json\/wp\/v2\/product_brand?post=20265"},{"taxonomy":"product_cat","embeddable":true,"href":"https:\/\/vitavia.lv\/kasvuhoone\/wp-json\/wp\/v2\/product_cat?post=20265"},{"taxonomy":"product_tag","embeddable":true,"href":"https:\/\/vitavia.lv\/kasvuhoone\/wp-json\/wp\/v2\/product_tag?post=20265"}],"curies":[{"name":"wp","href":"https:\/\/api.w.org\/{rel}","templated":true}]}}