{"id":20307,"date":"2017-02-24T15:05:42","date_gmt":"2023-05-25T06:22:56","guid":{"rendered":"https:\/\/vitavia.ee\/kasvuhoone\/toode\/siltumnica-vitavia-aphrodite-11500\/"},"modified":"2024-02-06T12:49:24","modified_gmt":"2024-02-06T09:49:24","slug":"siltumnica-vitavia-afrodite-11500","status":"publish","type":"product","link":"https:\/\/vitavia.lv\/kasvuhoone\/toode\/siltumnica-vitavia-afrodite-11500\/","title":{"rendered":"Siltumn\u012bca Vitavia Aphrodite 11500"},"content":{"rendered":"<h3><strong>Neatkar\u012bga siltumn\u012bca &#8211; Vitavia APHRODITE \/ siltumn\u012bca ar div\u0101m b\u012bd\u0101m\u0101m durv\u012bm \/ 3,93 mx 2,67 m.<\/strong><\/h3>\n<p>Patst\u0101v\u012bga siltumn\u012bca vai d\u0101rza paviljons, kas piem\u0113rots ar\u012b ziemas d\u0101rzam.<br \/>\nPla\u0161as durvis, kas atveras viena pret\u012b otrai, nodro\u0161ina pla\u0161u un \u0113rtu ieeju.<br \/>\nSp\u0113c\u012bgs alum\u012bnija r\u0101mis un pla\u0161as stikla virsmas, kas padara to \u013coti spilgtu.<br \/>\nSiltumn\u012bca ar augstu sl\u012bpo jumtu, ar sp\u0113c\u012bgu anod\u0113ta alum\u012bnija r\u0101mi.<br \/>\nVisiem mode\u013ciem ir 3 s\u0101nu logi plus 2 logi virs durv\u012bm un 2 pret\u012b atveramas sl\u0113dzamas b\u012bd\u0101m\u0101s durvis.<\/p>\n<p><strong>Da\u017e\u0101du Afrod\u012btes siltumn\u012bcu mode\u013cu izm\u0113ru tabula:<\/strong><\/p>\n<div class=\"tabel-scroll-x\">\n<table class=\"spec\" style=\"height: 129px;\" border=\"0\" width=\"831\">\n<tbody>\n<tr>\n<th style=\"text-align: left;\" width=\"90\">Modelis<\/th>\n<th style=\"text-align: left;\" width=\"72\">Plat\u012bba<\/th>\n<th style=\"text-align: left;\" width=\"72\">Dzi\u013cums<\/th>\n<th style=\"text-align: left;\" width=\"72\">Platums<\/th>\n<th style=\"text-align: left;\" width=\"72\">Aizmugur\u0113j\u0101 puse<\/th>\n<th style=\"text-align: left;\" width=\"72\">Augstums priek\u0161\u0101<\/th>\n<th style=\"text-align: left;\" width=\"50\">Logi<\/th>\n<\/tr>\n<tr>\n<td>Afrod\u012bte 11500<\/td>\n<td><sup>10,4m2<\/sup><\/td>\n<td>2,67 m<\/td>\n<td>3,93 m<\/td>\n<td>1,87 m<\/td>\n<td>2,42 m<\/td>\n<td>5<\/td>\n<\/tr>\n<tr>\n<td><\/td>\n<td><\/td>\n<td><\/td>\n<td><\/td>\n<td><\/td>\n<td><\/td>\n<td><\/td>\n<\/tr>\n<\/tbody>\n<\/table>\n<\/div>\n<p><em>&#8211; Kr\u0101su iesp\u0113ja: balts r\u0101mis ar pulvera p\u0101rkl\u0101jumu<\/em><br \/>\n<em>&#8211; 3 mm r\u016bd\u012bts stikls s\u0101nos un 10 mm polikarbon\u0101ts uz jumta<\/em><br \/>\n<em>&#8211; 2 pret\u012b atveramas sl\u0113dzamas b\u012bd\u0101m\u0101s durvis<\/em><br \/>\n<em>&#8211; Durvju ailes izm\u0113rs ir<\/em> <em>1,19 m x 1,77 m<\/em><br \/>\n<em>&#8211; 3 s\u0101nu logi un 2 logi virs durv\u012bm<\/em><br \/>\n<em>&#8211; Sl\u0113dzama, ner\u016bs\u0113jo\u0161\u0101 t\u0113rauda sl\u0113dzene<\/em><br \/>\n<em>&#8211; Lietus \u016bdens caurules st\u016bros<br \/>\n&#8211; Visiem mode\u013ciem ir pamata r\u0101mis<br \/>\n<\/em><\/p>\n<p>R\u0101mis ir izgatavots no anod\u0113ta alum\u012bnija (garant\u0113 ilgsto\u0161u skaistu alum\u012bnija izskatu un iztur\u012bbu).<\/p>\n<p>Iesp\u0113jams pas\u016bt\u012bt da\u017e\u0101dus aksesu\u0101rus: iek\u0161\u0113jos plauktus u.c.<\/p>\n<div>Uz jumta eso\u0161ajiem polikarbon\u0101ta pane\u013ciem noteikti iesak\u0101m aizl\u012bm\u0113t va\u013c\u012bgos galus, tad tur neiek\u013c\u016bs putek\u013ci, net\u012brumi, kukai\u0146i un dz\u012bv\u0101 daba un pane\u013ci ilgi kalpos skaisti.<\/div>\n<div>M\u0113s iesak\u0101m aug\u0161\u0113jos galus aizz\u012bmogot <a href=\"https:\/\/vitavia.ee\/kasvuhoone\/toode\/kihtplastiku-perforeerimata-otsateip\/\">ar neelpojo\u0161u lenti<\/a> un apak\u0161\u0113jos <a href=\"https:\/\/vitavia.ee\/kasvuhoone\/toode\/kihtplastiku-perforeeritud-otsateip\/\"><span class=\"il\">ar perfor\u0113tu<\/span> un elpojo\u0161u lenti<\/a> (lai mitrums var\u0113tu izk\u013c\u016bt).<\/div>\n<div><\/div>\n<p><em>Aphrodite modelim ir nepiecie\u0161ams vai nu pamats, akmens virsma vai koka terase, kas j\u0101piestiprina pie zemes.<br \/>\nPreces cen\u0101 iek\u013cauts b\u0101zes r\u0101mis, ar kuru to piestiprin\u0101t pie iepriek\u0161 izv\u0113l\u0113tas virsmas.<\/em><\/p>\n<h3><a href=\"https:\/\/youtu.be\/XiwDf_kw8oc\" target=\"_blank\" rel=\"noopener noreferrer\">Vitavia demonstr\u0101cijas video <\/a><\/h3>\n<p><a href=\"https:\/\/www.pinterest.com\/mwlconstruct\/kasvuhoone\/\">Pinterest<\/a><br \/>\n<a href=\"http:\/\/www.vitavia.ee\/\" rel=\"nofollow\">Vitavia<\/a><\/p>\n","protected":false},"excerpt":{"rendered":"<p><span title=\"Skat\u012bt visus izm\u0113rus zem\u0101k redzamaj\u0101 tabul\u0101\">3,93\u00a0m x 2,67\u00a0m = 10,4\u00a0m\u00b2<\/span><br \/>\n<span style=\"color: #f5bd2f;\"><strong>Ikm\u0113ne\u0161a maks\u0101jums al. 498 eiro<\/strong><\/span><\/p>\n","protected":false},"featured_media":15251,"comment_status":"closed","ping_status":"closed","template":"","meta":[],"product_brand":[],"product_cat":[492,494],"product_tag":[1621,1653],"class_list":{"0":"post-20307","1":"product","2":"type-product","3":"status-publish","4":"has-post-thumbnail","6":"product_cat-darza-paviljoni","7":"product_cat-aphrodite-lv","8":"product_tag-rudits-stikls","9":"product_tag-sani-no-rudita-stikla-un-jumts-no-polikarbonata","10":"pa_kattematerjal-jumts-10-mm-polikarbonats-sani-3-mm-rudits-stikls","11":"pa_kulje-korgus-187-m-lv","12":"pa_laius-2-75-m-lv","13":"pa_pikkus-393-m-lv","14":"pa_pindala-104-m2-lv","15":"pa_pindala_vahemik-9-12-m-lv","16":"pa_tipu-korgus-242-m-lv","17":"pa_varv-melns","18":"infinite-scroll-item","19":"no-featured-image-padding","20":"sales-flash-overlay","21":"woocommerce-text-align-left","22":"woocommerce-image-align-center","23":"do-quantity-buttons","25":"first","26":"instock","27":"sale","28":"shipping-taxable","29":"purchasable","30":"product-type-variable","31":"has-default-attributes"},"_links":{"self":[{"href":"https:\/\/vitavia.lv\/kasvuhoone\/wp-json\/wp\/v2\/product\/20307","targetHints":{"allow":["GET"]}}],"collection":[{"href":"https:\/\/vitavia.lv\/kasvuhoone\/wp-json\/wp\/v2\/product"}],"about":[{"href":"https:\/\/vitavia.lv\/kasvuhoone\/wp-json\/wp\/v2\/types\/product"}],"replies":[{"embeddable":true,"href":"https:\/\/vitavia.lv\/kasvuhoone\/wp-json\/wp\/v2\/comments?post=20307"}],"wp:featuredmedia":[{"embeddable":true,"href":"https:\/\/vitavia.lv\/kasvuhoone\/wp-json\/wp\/v2\/media\/15251"}],"wp:attachment":[{"href":"https:\/\/vitavia.lv\/kasvuhoone\/wp-json\/wp\/v2\/media?parent=20307"}],"wp:term":[{"taxonomy":"product_brand","embeddable":true,"href":"https:\/\/vitavia.lv\/kasvuhoone\/wp-json\/wp\/v2\/product_brand?post=20307"},{"taxonomy":"product_cat","embeddable":true,"href":"https:\/\/vitavia.lv\/kasvuhoone\/wp-json\/wp\/v2\/product_cat?post=20307"},{"taxonomy":"product_tag","embeddable":true,"href":"https:\/\/vitavia.lv\/kasvuhoone\/wp-json\/wp\/v2\/product_tag?post=20307"}],"curies":[{"name":"wp","href":"https:\/\/api.w.org\/{rel}","templated":true}]}}