{"id":21062,"date":"2018-12-28T17:26:38","date_gmt":"2024-02-05T15:55:30","guid":{"rendered":"https:\/\/vitavia.ee\/kasvuhoone\/toode\/siltumnicas-enosanas-aizkars\/"},"modified":"2024-02-05T18:55:30","modified_gmt":"2024-02-05T15:55:30","slug":"siltumnicas-enosanas-aizkars","status":"publish","type":"product","link":"https:\/\/vitavia.lv\/kasvuhoone\/toode\/siltumnicas-enosanas-aizkars\/","title":{"rendered":"Siltumn\u012bcas \u0113no\u0161anas aizkars"},"content":{"rendered":"<h4><strong>Aiz\u0113nojo\u0161s aizkars augu aizsardz\u012bbai uz siltumn\u012bcas jumta vai s\u0101niem.<\/strong><\/h4>\n<p>Aiz\u0113nojo\u0161s aizkars aizsarg\u0101 augus siltumn\u012bc\u0101 no p\u0101rm\u0113r\u012bgas saules.<br \/>\nAiz\u0113nojuma aizkara izm\u0113rs ir 1830 mm x 2590 mm.<\/p>\n<p>Aptum\u0161ojo\u0161o aizkaru komplekt\u0101 ietilpst balts audums, piekaram\u0101 aukla un piekaramie klip\u0161i.<\/p>\n","protected":false},"excerpt":{"rendered":"<p>Aiz\u0113nojo\u0161s aizkars augu aizsardz\u012bbai uz siltumn\u012bcas jumta vai s\u0101niem. Aiz\u0113nojo\u0161s aizkars aizsarg\u0101 augus siltumn\u012bc\u0101 no p\u0101rm\u0113r\u012bgas saules. Aiz\u0113nojuma aizkara izm\u0113rs ir 1830 mm x 2590 mm. Aptum\u0161ojo\u0161o aizkaru komplekt\u0101 ietilpst balts audums, piekaram\u0101 aukla un piekaramie klip\u0161i.<\/p>\n","protected":false},"featured_media":14069,"comment_status":"closed","ping_status":"closed","template":"","meta":[],"product_brand":[],"product_cat":[992],"product_tag":[],"class_list":{"0":"post-21062","1":"product","2":"type-product","3":"status-publish","4":"has-post-thumbnail","6":"product_cat-siltumnicas-aksesuars","7":"infinite-scroll-item","8":"no-featured-image-padding","9":"sales-flash-overlay","10":"woocommerce-text-align-left","11":"woocommerce-image-align-center","12":"do-quantity-buttons","14":"first","15":"instock","16":"shipping-taxable","17":"purchasable","18":"product-type-simple"},"_links":{"self":[{"href":"https:\/\/vitavia.lv\/kasvuhoone\/wp-json\/wp\/v2\/product\/21062","targetHints":{"allow":["GET"]}}],"collection":[{"href":"https:\/\/vitavia.lv\/kasvuhoone\/wp-json\/wp\/v2\/product"}],"about":[{"href":"https:\/\/vitavia.lv\/kasvuhoone\/wp-json\/wp\/v2\/types\/product"}],"replies":[{"embeddable":true,"href":"https:\/\/vitavia.lv\/kasvuhoone\/wp-json\/wp\/v2\/comments?post=21062"}],"wp:featuredmedia":[{"embeddable":true,"href":"https:\/\/vitavia.lv\/kasvuhoone\/wp-json\/wp\/v2\/media\/14069"}],"wp:attachment":[{"href":"https:\/\/vitavia.lv\/kasvuhoone\/wp-json\/wp\/v2\/media?parent=21062"}],"wp:term":[{"taxonomy":"product_brand","embeddable":true,"href":"https:\/\/vitavia.lv\/kasvuhoone\/wp-json\/wp\/v2\/product_brand?post=21062"},{"taxonomy":"product_cat","embeddable":true,"href":"https:\/\/vitavia.lv\/kasvuhoone\/wp-json\/wp\/v2\/product_cat?post=21062"},{"taxonomy":"product_tag","embeddable":true,"href":"https:\/\/vitavia.lv\/kasvuhoone\/wp-json\/wp\/v2\/product_tag?post=21062"}],"curies":[{"name":"wp","href":"https:\/\/api.w.org\/{rel}","templated":true}]}}