{"id":24579,"date":"2024-03-08T10:42:01","date_gmt":"2024-03-08T07:42:35","guid":{"rendered":"https:\/\/vitavia.ee\/kasvuhoone\/?post_type=product&#038;p=24579"},"modified":"2025-02-11T22:40:30","modified_gmt":"2025-02-11T19:40:30","slug":"siltumnica-r3-ar-platumu-306-m-kopeeri","status":"publish","type":"product","link":"https:\/\/vitavia.lv\/kasvuhoone\/toode\/siltumnica-r3-ar-platumu-306-m-kopeeri\/","title":{"rendered":"Siltumn\u012bca Leon ar platumu 3,06 m"},"content":{"rendered":"<p style=\"text-align: left;\">Pievilc\u012bga un kvalitat\u012bva siltumn\u012bca d\u0101rzkop\u012bbas entuziastiem, kuri <strong>papildus sav\u0101m praktiskaj\u0101m vajadz\u012bb\u0101m<\/strong> siltumn\u012bcu redz ar\u012b <strong>k\u0101 dekorat\u012bvu elementu, kas harmoniski iederas d\u0101rz\u0101<\/strong> .<br \/>\n M\u016bsu <strong>augst\u0101k\u0101s klases siltumn\u012bcas<\/strong> ir ide\u0101li piem\u0113rotas ikvienam d\u0101rzniekam \u2013 gan tiem, kas pl\u0101no tur audz\u0113t d\u0101rze\u0146us, gan tiem, kas v\u0113las to izmantot ar\u012b k\u0101 atp\u016btas un relaks\u0101cijas vietu.<br \/>\n Un tas viss ar <strong>lab\u0101ko kvalit\u0101tes<\/strong> un cenas attiec\u012bbu!<br \/>\n <strong>R\u0101mja kr\u0101sa:<\/strong> alum\u012bnija karkass , pulverkr\u0101sots tum\u0161i pel\u0113ks RAL 7039 (vai p\u0113c j\u016bsu izv\u0113les RAL kr\u0101sa par papildu samaksu)<\/p>\n<p><strong>IZM\u0112RI UN INFORM\u0100CIJA:<\/strong><\/p>\n<ul>\n<li>Klasiska siltumn\u012bca ar platumu 3,06 m un garumu 4,45 m, ar plat\u012bbu 13,62 m2.<\/li>\n<li>Siltumn\u012bcai ir platas dubultdurvis gar\u0101kaj\u0101 s\u0101nu sien\u0101.<\/li>\n<li>2 lieli jumta logi 84 cm x 73 cm nodro\u0161ina labu gaisa cirkul\u0101ciju.<\/li>\n<li>Jumta kores augstums, ieskaitot pamata r\u0101mi, ir 2,83 m, bet s\u0101nu sienas augstums ar pamatnes r\u0101mi ir 2,03 m.<\/li>\n<li>Siltumn\u012bcai ir 12 gadu r\u016bpn\u012bcas garantija.<\/li>\n<\/ul>\n<p><strong>Siltumn\u012bcu var piestiprin\u0101t pie jebkuras sagatavotas akmens vai koka virsmas ar pamatnes karkasu un noteikti ar\u012b pie betona vai bloku pamatiem.<\/strong><br \/>\n Sp\u0113c\u012bgais alum\u012bnija pamatnes r\u0101mis nodro\u0161ina siltumn\u012bcai liel\u0101ku stabilit\u0101ti un iev\u0113rojami atvieglo mont\u0101\u017eu. Pamatnes r\u0101mis ir izgatavots no iztur\u012bga kapara un ir divkameru, kas nodro\u0161ina \u012bpa\u0161i lielu stingr\u012bbu, piem\u0113ram, pret salu. Pamatnes r\u0101mim ir pievienotas enkurviru virves, ko var ierakt zem\u0113 vai izliet mais\u012bjum\u0101. T\u0101d\u0113j\u0101di apak\u0161r\u0101mis var aizst\u0101t ar\u012b atsevi\u0161\u0137u pamatu.<\/p>\n<p>Siltumn\u012bcas <strong>4 mm r\u016bd\u012btais stikls<\/strong> ir l\u012bdz pat 7 reiz\u0113m iztur\u012bg\u0101ks par parasto siltumn\u012bcas stiklu. Tas noz\u012bm\u0113 liel\u0101ku dro\u0161\u012bbu mont\u0101\u017eas un v\u0113l\u0101kas lieto\u0161anas laik\u0101. Ja stikls sapl\u012bst, no t\u0101 neveidojas b\u012bstamas asas \u0161\u0137embas, bet tikai stikla lauskas, l\u012bdz\u012bgi k\u0101 tad, ja sapl\u012bst automa\u0161\u012bnas logs. \u0160\u012b \u0161\u0137elda neboj\u0101 un netrauc\u0113 siltumn\u012bcas augsni.<\/p>\n<p><img loading=\"lazy\" decoding=\"async\" class=\"alignnone size-medium wp-image-10160\" src=\"https:\/\/mwlconstruct.eu\/e-pood\/wp-content\/uploads\/2020\/10\/Tugeva_raamiga_kasvuhoone-300x202.jpg\" alt=\"\" width=\"300\" height=\"202\"><a href=\"https:\/\/mwlconstruct.eu\/e-pood\/wp-content\/uploads\/2020\/10\/ACD-kasvuhooned-ja-aiapaviljonid.jpg\"><img loading=\"lazy\" decoding=\"async\" class=\"alignnone wp-image-10172 size-medium\" src=\"https:\/\/mwlconstruct.eu\/e-pood\/wp-content\/uploads\/2020\/10\/ACD-kasvuhooned-ja-aiapaviljonid-300x225.jpg\" alt=\"\" width=\"300\" height=\"225\"><\/a><\/p>\n<p>&nbsp;<\/p>\n","protected":false},"excerpt":{"rendered":"<p>Platums 3,06m x garums 4,45m=13,62m\u00b2<\/p>\n","protected":false},"featured_media":24648,"comment_status":"closed","ping_status":"closed","template":"","meta":[],"product_brand":[],"product_cat":[394],"product_tag":[388,389,390,1796,391,1621,385,386,387],"class_list":{"0":"post-24579","1":"product","2":"type-product","3":"status-publish","4":"has-post-thumbnail","6":"product_cat-star","7":"product_tag-siltumnica-lv-2","8":"product_tag-siltumnicas-lv","9":"product_tag-triiphone-lv","10":"product_tag-sani-no-rudita-stikla-un-jumts-no-rudita-mateta-stikla","11":"product_tag-triplex-lv","12":"product_tag-rudits-stikls","13":"product_tag-siltumnica","14":"product_tag-siltumnicas","15":"product_tag-siltumnica-lv","16":"pa_kattematerjal-sani-4-mm-rudits-stikls-un-jumts-4-mm-rudits-matets-stikls","17":"pa_kulje-korgus-203-m-lv","18":"pa_laius-306-m-lv","19":"pa_pikkus-445-m-lv","20":"pa_pindala-1362-m-lv","21":"pa_pindala_vahemik-12-16-m-lv","22":"pa_tipu-korgus-283-m-lv","23":"pa_varv-pulverkrasots-ral-7039","24":"pa_varv-pulverkrasojums-citas-ral-krasas","25":"infinite-scroll-item","26":"no-featured-image-padding","27":"sales-flash-overlay","28":"woocommerce-text-align-left","29":"woocommerce-image-align-center","30":"do-quantity-buttons","32":"first","33":"instock","34":"sale","35":"shipping-taxable","36":"purchasable","37":"product-type-variable","38":"has-default-attributes"},"_links":{"self":[{"href":"https:\/\/vitavia.lv\/kasvuhoone\/wp-json\/wp\/v2\/product\/24579","targetHints":{"allow":["GET"]}}],"collection":[{"href":"https:\/\/vitavia.lv\/kasvuhoone\/wp-json\/wp\/v2\/product"}],"about":[{"href":"https:\/\/vitavia.lv\/kasvuhoone\/wp-json\/wp\/v2\/types\/product"}],"replies":[{"embeddable":true,"href":"https:\/\/vitavia.lv\/kasvuhoone\/wp-json\/wp\/v2\/comments?post=24579"}],"wp:featuredmedia":[{"embeddable":true,"href":"https:\/\/vitavia.lv\/kasvuhoone\/wp-json\/wp\/v2\/media\/24648"}],"wp:attachment":[{"href":"https:\/\/vitavia.lv\/kasvuhoone\/wp-json\/wp\/v2\/media?parent=24579"}],"wp:term":[{"taxonomy":"product_brand","embeddable":true,"href":"https:\/\/vitavia.lv\/kasvuhoone\/wp-json\/wp\/v2\/product_brand?post=24579"},{"taxonomy":"product_cat","embeddable":true,"href":"https:\/\/vitavia.lv\/kasvuhoone\/wp-json\/wp\/v2\/product_cat?post=24579"},{"taxonomy":"product_tag","embeddable":true,"href":"https:\/\/vitavia.lv\/kasvuhoone\/wp-json\/wp\/v2\/product_tag?post=24579"}],"curies":[{"name":"wp","href":"https:\/\/api.w.org\/{rel}","templated":true}]}}