{"id":25203,"date":"2024-09-27T10:44:47","date_gmt":"2024-09-27T07:44:48","guid":{"rendered":"https:\/\/vitavia.ee\/kasvuhoone\/?post_type=product&#038;p=25203"},"modified":"2025-02-11T22:40:43","modified_gmt":"2025-02-11T19:40:43","slug":"siltumnica-babette-154-m%c2%b2-kopeeri","status":"publish","type":"product","link":"https:\/\/vitavia.lv\/kasvuhoone\/toode\/siltumnica-babette-154-m%c2%b2-kopeeri\/","title":{"rendered":"D\u0101rza paviljona stila siltumn\u012bca Babette &#8211; 15,4 m\u00b2"},"content":{"rendered":"<p style=\"text-align: left;\">Ide\u0101ls risin\u0101jums visiem d\u0101rzkop\u012bbas entuziastiem, kuri papildus d\u0101rzkop\u012bbai vienk\u0101r\u0161i izbauda uz augiem v\u0113rstu d\u0101rzkop\u012bbu \u2013 neatkar\u012bgi no laikapst\u0101k\u013ciem.<br \/>\n M\u016bsu augst\u0101k\u0101s klases siltumn\u012bcas un d\u0101rza m\u0101ji\u0146as ir ide\u0101li piem\u0113rotas \u0101ra laika pagarin\u0101\u0161anai gan d\u0101rze\u0146u audz\u0113\u0161anai, gan izmanto\u0161anai k\u0101 d\u0101rza m\u0101ji\u0146ai.<br \/>\n K\u0101p\u0113c to uzskat\u012bt par v\u0113ja un lietus necaurlaid\u012bgu terasi \u2013 atrodoties iek\u0161\u0101, j\u016bs esat k\u0101 \u0101rpus\u0113.<br \/>\n Un tas viss ar lab\u0101ko cenas un kvalit\u0101tes attiec\u012bbu!<\/p>\n<p><strong>M\u0112R\u012aTS:<\/strong><\/p>\n<ul>\n<li>\u012apa\u0161as formas siltumn\u012bcai vai d\u0101rza paviljonam ir T-veida pl\u0101ns. Siltumn\u012bcas kop\u0113jais platums ir 377 cm un kop\u0113jais garums &#8211; 519 cm. Gal\u0113jo sienu platums ir 232 cm, virsmas laukums &#8211; 15,40 m\u00b2, tilpums &#8211; 30,00 m\u00b3.<\/li>\n<li>Jumta kores augstums, ieskaitot pamatni, ir 235 cm, un s\u0101nu sienas augstums, ieskaitot pamatni, ir 179 cm.<\/li>\n<li>Liel\u0101s jumta ventil\u0101cijas atveres 78 cm x 73 cm nodro\u0161ina labu gaisa cirkul\u0101ciju.<\/li>\n<li>Siltumn\u012bcai ir ar\u012b lietus \u016bdens caurules.<\/li>\n<li>Stikla kop\u0113j\u0101 plat\u012bba ir 45,32 m\u00b2.<\/li>\n<\/ul>\n<p><strong>Siltumn\u012bcu ar pamatnes karkasu var piestiprin\u0101t tie\u0161i pie zemes, pie jebkuras sagatavotas akmens vai koka virsmas un noteikti pie betona vai bloku pamatiem.<\/strong><br \/>\n Sp\u0113c\u012bgais alum\u012bnija pamatnes r\u0101mis nodro\u0161ina siltumn\u012bcai liel\u0101ku stabilit\u0101ti un iev\u0113rojami atvieglo mont\u0101\u017eu. Pamatnes r\u0101mis ir izgatavots no iztur\u012bga kapara un ir divkameru, kas nodro\u0161ina \u012bpa\u0161i lielu stingr\u012bbu, piem\u0113ram, pret salu. Pamatnes r\u0101mim ir pievienotas enkurviru virves, ko var ierakt zem\u0113 vai izliet mais\u012bjum\u0101. T\u0101d\u0113j\u0101di apak\u0161r\u0101mis var aizst\u0101t ar\u012b atsevi\u0161\u0137u pamatu.<\/p>\n<p>Siltumn\u012bcas <strong>4 mm r\u016bd\u012btais stikls<\/strong> ir l\u012bdz pat 7 reiz\u0113m iztur\u012bg\u0101ks par parasto siltumn\u012bcas stiklu. Tas noz\u012bm\u0113 liel\u0101ku dro\u0161\u012bbu mont\u0101\u017eas un v\u0113l\u0101kas lieto\u0161anas laik\u0101. Ja stikls sapl\u012bst, no t\u0101 neveidojas b\u012bstamas asas \u0161\u0137embas, bet tikai stikla lauskas, l\u012bdz\u012bgi k\u0101 tad, ja sapl\u012bst automa\u0161\u012bnas logs. \u0160\u012b \u0161\u0137elda neboj\u0101 un netrauc\u0113 siltumn\u012bcas augsni.<\/p>\n","protected":false},"excerpt":{"rendered":"<p>5,19m x 3,77m = 15,4m\u00b2<\/p>\n","protected":false},"featured_media":14513,"comment_status":"closed","ping_status":"closed","template":"","meta":[],"product_brand":[],"product_cat":[492],"product_tag":[385,386,1621,387,388,389,390,391],"class_list":{"0":"post-25203","1":"product","2":"type-product","3":"status-publish","4":"has-post-thumbnail","6":"product_cat-darza-paviljoni","7":"product_tag-siltumnica","8":"product_tag-siltumnicas","9":"product_tag-rudits-stikls","10":"product_tag-siltumnica-lv","11":"product_tag-siltumnica-lv-2","12":"product_tag-siltumnicas-lv","13":"product_tag-triiphone-lv","14":"product_tag-triplex-lv","15":"pa_kattematerjal-rudits-stikls","16":"pa_kulje-korgus-179-m-lv","17":"pa_laius-377-m-lv","18":"pa_pikkus-519-m-lv","19":"pa_pindala-154-m-lv","20":"pa_pindala_vahemik-12-16-m-lv","21":"pa_tipu-korgus-235-m-lv","22":"pa_varv-pulverkrasa-melna-krasa-ral-9005","23":"pa_varv-pulverkrasojums-citas-ral-krasas","24":"infinite-scroll-item","25":"no-featured-image-padding","26":"sales-flash-overlay","27":"woocommerce-text-align-left","28":"woocommerce-image-align-center","29":"do-quantity-buttons","31":"first","32":"instock","33":"sale","34":"shipping-taxable","35":"purchasable","36":"product-type-variable","37":"has-default-attributes"},"_links":{"self":[{"href":"https:\/\/vitavia.lv\/kasvuhoone\/wp-json\/wp\/v2\/product\/25203","targetHints":{"allow":["GET"]}}],"collection":[{"href":"https:\/\/vitavia.lv\/kasvuhoone\/wp-json\/wp\/v2\/product"}],"about":[{"href":"https:\/\/vitavia.lv\/kasvuhoone\/wp-json\/wp\/v2\/types\/product"}],"replies":[{"embeddable":true,"href":"https:\/\/vitavia.lv\/kasvuhoone\/wp-json\/wp\/v2\/comments?post=25203"}],"wp:featuredmedia":[{"embeddable":true,"href":"https:\/\/vitavia.lv\/kasvuhoone\/wp-json\/wp\/v2\/media\/14513"}],"wp:attachment":[{"href":"https:\/\/vitavia.lv\/kasvuhoone\/wp-json\/wp\/v2\/media?parent=25203"}],"wp:term":[{"taxonomy":"product_brand","embeddable":true,"href":"https:\/\/vitavia.lv\/kasvuhoone\/wp-json\/wp\/v2\/product_brand?post=25203"},{"taxonomy":"product_cat","embeddable":true,"href":"https:\/\/vitavia.lv\/kasvuhoone\/wp-json\/wp\/v2\/product_cat?post=25203"},{"taxonomy":"product_tag","embeddable":true,"href":"https:\/\/vitavia.lv\/kasvuhoone\/wp-json\/wp\/v2\/product_tag?post=25203"}],"curies":[{"name":"wp","href":"https:\/\/api.w.org\/{rel}","templated":true}]}}