{"id":25571,"date":"2024-10-02T18:45:28","date_gmt":"2024-10-02T15:45:28","guid":{"rendered":"https:\/\/vitavia.ee\/kasvuhoone\/?post_type=product&#038;p=25571"},"modified":"2025-02-11T22:40:36","modified_gmt":"2025-02-11T19:40:36","slug":"siltumnica-r2-ar-platumu-232-m-kopeeri","status":"publish","type":"product","link":"https:\/\/vitavia.lv\/kasvuhoone\/toode\/siltumnica-r2-ar-platumu-232-m-kopeeri\/","title":{"rendered":"Siltumn\u012bca R2XH ar platumu 2,32 m"},"content":{"rendered":"<p>Pievilc\u012bga un kvalitat\u012bva siltumn\u012bca d\u0101rzkop\u012bbas entuziastiem, kuri <strong>papildus sav\u0101m praktiskaj\u0101m vajadz\u012bb\u0101m<\/strong> siltumn\u012bcu redz ar\u012b <strong>k\u0101 dekorat\u012bvu elementu, kas harmoniski iederas d\u0101rz\u0101<\/strong> .<br \/>\n M\u016bsu <strong>augst\u0101k\u0101s klases siltumn\u012bcas<\/strong> ir ide\u0101li piem\u0113rotas ikvienam d\u0101rzniekam \u2013 gan tiem, kas pl\u0101no tur audz\u0113t d\u0101rze\u0146us, gan tiem, kas v\u0113las to izmantot ar\u012b k\u0101 atp\u016btas un relaks\u0101cijas vietu.<br \/>\n Un tas viss ar <strong>lab\u0101ko kvalit\u0101tes<\/strong> un cenas attiec\u012bbu!<br \/>\n<strong>R\u0101mja kr\u0101sa:<\/strong> Siltumn\u012bca ir pieejama ar alum\u012bnija pel\u0113ku vai ar pulverkr\u0101sotu melnu r\u0101mi. Par papildus samaksu varam kr\u0101sot siltumn\u012bcas karkasu cit\u0101s RAL kr\u0101s\u0101s. <\/p>\n<p>IZM\u0112RI UN INFORM\u0100CIJA:<\/p>\n<ul>\n<li style=\"list-style-type: none;\">\n<ul>\n<li>Klasisk\u0101 siltumn\u012bca 232 cm plata, pieejama 7 da\u017e\u0101dos garumos vai 7 da\u017e\u0101dos izm\u0113ros.<\/li>\n<li>Vieno durvju izm\u0113ri ir 185 x 68 cm. Ir iesp\u0113jams pas\u016bt\u012bt papildu durvis siltumn\u012bcas aizmugur\u0113jai sienai. Var pas\u016bt\u012bt ar\u012b papildu durvis uz s\u0101niem, un tad vienas durvis ir 165 cm x 74 cm lielas.<\/li>\n<li>Lielie jumta logi 84 cm x 73 cm nodro\u0161ina labu gaisa cirkul\u0101ciju. Jumta logu skaits ir atkar\u012bgs no siltumn\u012bcas lieluma. Ja nepiecie\u0161ams, var pas\u016bt\u012bt papildu jumta logus.<\/li>\n<li>Jumta kores augstums, ieskaitot pamatni, ir 235 cm, un s\u0101nu sienas augstums, ieskaitot pamatni, ir 179 cm. Tam ir divas alum\u012bnija lietus \u016bdens caurules.<\/li>\n<li>Siltumn\u012bcai ir 12 gadu r\u016bpn\u012bcas garantija.<\/li>\n<\/ul>\n<\/li>\n<\/ul>\n<p><strong>Siltumn\u012bcu ar pamatnes karkasu var piestiprin\u0101t tie\u0161i pie zemes, pie jebkuras sagatavotas akmens vai koka virsmas un noteikti pie betona vai bloku pamatiem.<\/strong><br \/>\n Sp\u0113c\u012bgais alum\u012bnija pamatnes r\u0101mis nodro\u0161ina siltumn\u012bcai liel\u0101ku stabilit\u0101ti un iev\u0113rojami atvieglo mont\u0101\u017eu. Pamatnes r\u0101mis ir izgatavots no iztur\u012bga kapara un ir divkameru, kas nodro\u0161ina \u012bpa\u0161i lielu stingr\u012bbu, piem\u0113ram, pret salu. Pamatnes r\u0101mim ir pievienotas enkurviru virves, ko var ierakt zem\u0113 vai izliet mais\u012bjum\u0101. T\u0101d\u0113j\u0101di apak\u0161r\u0101mis var aizst\u0101t ar\u012b atsevi\u0161\u0137u pamatu.<\/p>\n<p>Siltumn\u012bcas <strong>4 mm r\u016bd\u012btais stikls<\/strong> ir l\u012bdz pat 7 reiz\u0113m iztur\u012bg\u0101ks par parasto siltumn\u012bcas stiklu. Tas noz\u012bm\u0113 liel\u0101ku dro\u0161\u012bbu mont\u0101\u017eas un v\u0113l\u0101kas lieto\u0161anas laik\u0101. Ja stikls sapl\u012bst, no t\u0101 neveidojas b\u012bstamas asas \u0161\u0137embas, bet tikai stikla lauskas, l\u012bdz\u012bgi k\u0101 tad, ja sapl\u012bst automa\u0161\u012bnas logs. \u0160\u012b \u0161\u0137elda neboj\u0101 un netrauc\u0113 siltumn\u012bcas augsni.<\/p>\n<p><img loading=\"lazy\" decoding=\"async\" class=\"alignnone size-medium wp-image-10160\" src=\"https:\/\/mwlconstruct.eu\/e-pood\/wp-content\/uploads\/2020\/10\/Tugeva_raamiga_kasvuhoone-300x202.jpg\" alt=\"\" width=\"300\" height=\"202\"><a href=\"https:\/\/mwlconstruct.eu\/e-pood\/wp-content\/uploads\/2020\/10\/ACD-kasvuhooned-ja-aiapaviljonid.jpg\"><img loading=\"lazy\" decoding=\"async\" class=\"alignnone wp-image-10172 size-medium\" src=\"https:\/\/mwlconstruct.eu\/e-pood\/wp-content\/uploads\/2020\/10\/ACD-kasvuhooned-ja-aiapaviljonid-300x225.jpg\" alt=\"\" width=\"300\" height=\"225\"><\/a><\/p>\n<table id=\"customers\">\n<tbody>\n<tr>\n<td class=\"r3ptp\" colspan=\"4\">R3 tipa siltumn\u012bcai ir 7 da\u017e\u0101di garumi:<\/td>\n<\/tr>\n<tr>\n<th>Modelis<\/th>\n<th>Garums<\/th>\n<th>M\u00b2<\/th>\n<th>Ventil\u0101cijas l\u016bka<\/th>\n<\/tr>\n<tr>\n<td>R204H<\/td>\n<td>2,98 m<\/td>\n<td>6.91<\/td>\n<td>1<\/td>\n<\/tr>\n<tr>\n<td>R205H<\/td>\n<td>3,71 m<\/td>\n<td>8.61<\/td>\n<td>1<\/td>\n<\/tr>\n<tr>\n<td>R206H<\/td>\n<td>4,45 m<\/td>\n<td>10.32<\/td>\n<td>2<\/td>\n<\/tr>\n<tr>\n<td>R207H<\/td>\n<td>5,19 m<\/td>\n<td>12.04<\/td>\n<td>2<\/td>\n<\/tr>\n<tr>\n<td>R208H<\/td>\n<td>5,93 m<\/td>\n<td>13.76<\/td>\n<td>4<\/td>\n<\/tr>\n<tr>\n<td>R209H<\/td>\n<td>6,67 m<\/td>\n<td>15.47<\/td>\n<td>4<\/td>\n<\/tr>\n<tr>\n<td>R210H<\/td>\n<td>7,41 m<\/td>\n<td>17.19<\/td>\n<td>6<\/td>\n<\/tr>\n<\/tbody>\n<\/table>\n","protected":false},"excerpt":{"rendered":"<p>Platums 2,32 m x garums 2,98-7,41 m = 6,91-17,19 m\u00b2<\/p>\n","protected":false},"featured_media":14599,"comment_status":"closed","ping_status":"closed","template":"","meta":[],"product_brand":[],"product_cat":[394],"product_tag":[388,1796,389,390,1856,391,1621,385,386,387],"class_list":{"0":"post-25571","1":"product","2":"type-product","3":"status-publish","4":"has-post-thumbnail","6":"product_cat-star","7":"product_tag-siltumnica-lv-2","8":"product_tag-sani-no-rudita-stikla-un-jumts-no-rudita-mateta-stikla","9":"product_tag-siltumnicas-lv","10":"product_tag-triiphone-lv","11":"product_tag-ipasi-augsts","12":"product_tag-triplex-lv","13":"product_tag-rudits-stikls","14":"product_tag-siltumnica","15":"product_tag-siltumnicas","16":"product_tag-siltumnica-lv","17":"pa_kattematerjal-sani-4-mm-rudits-stikls-un-jumts-4-mm-rudits-matets-stikls","18":"pa_kulje-korgus-203-m-lv","19":"pa_laius-232-m-lv-2","20":"pa_pikkus-667-m-lv","21":"pa_pikkus-445-m-lv","22":"pa_pikkus-741-m-lv","23":"pa_pikkus-371-m-lv","24":"pa_pikkus-519-m-lv","25":"pa_pikkus-593-m-lv","26":"pa_pikkus-298-m-lv","27":"pa_tipu-korgus-259-m-lv","28":"pa_varv-pulverkrasa-melna-krasa-ral-9005","29":"pa_varv-pulverkrasojums-citas-ral-krasas","30":"pa_varv-standarta-aluminijs","31":"infinite-scroll-item","32":"no-featured-image-padding","33":"sales-flash-overlay","34":"woocommerce-text-align-left","35":"woocommerce-image-align-center","36":"do-quantity-buttons","38":"first","39":"instock","40":"sale","41":"shipping-taxable","42":"purchasable","43":"product-type-variable"},"_links":{"self":[{"href":"https:\/\/vitavia.lv\/kasvuhoone\/wp-json\/wp\/v2\/product\/25571","targetHints":{"allow":["GET"]}}],"collection":[{"href":"https:\/\/vitavia.lv\/kasvuhoone\/wp-json\/wp\/v2\/product"}],"about":[{"href":"https:\/\/vitavia.lv\/kasvuhoone\/wp-json\/wp\/v2\/types\/product"}],"replies":[{"embeddable":true,"href":"https:\/\/vitavia.lv\/kasvuhoone\/wp-json\/wp\/v2\/comments?post=25571"}],"wp:featuredmedia":[{"embeddable":true,"href":"https:\/\/vitavia.lv\/kasvuhoone\/wp-json\/wp\/v2\/media\/14599"}],"wp:attachment":[{"href":"https:\/\/vitavia.lv\/kasvuhoone\/wp-json\/wp\/v2\/media?parent=25571"}],"wp:term":[{"taxonomy":"product_brand","embeddable":true,"href":"https:\/\/vitavia.lv\/kasvuhoone\/wp-json\/wp\/v2\/product_brand?post=25571"},{"taxonomy":"product_cat","embeddable":true,"href":"https:\/\/vitavia.lv\/kasvuhoone\/wp-json\/wp\/v2\/product_cat?post=25571"},{"taxonomy":"product_tag","embeddable":true,"href":"https:\/\/vitavia.lv\/kasvuhoone\/wp-json\/wp\/v2\/product_tag?post=25571"}],"curies":[{"name":"wp","href":"https:\/\/api.w.org\/{rel}","templated":true}]}}