{"id":26142,"date":"2024-12-05T13:55:32","date_gmt":"2024-12-05T10:55:32","guid":{"rendered":"https:\/\/vitavia.ee\/kasvuhoone\/?post_type=product&#038;p=26142"},"modified":"2025-02-11T20:40:45","modified_gmt":"2025-02-11T17:40:45","slug":"siltumnica-vitavia-phoenix-9900-kopeeri","status":"publish","type":"product","link":"https:\/\/vitavia.lv\/kasvuhoone\/toode\/siltumnica-vitavia-phoenix-9900-kopeeri\/","title":{"rendered":"Siltumn\u012bcas Vitavia Phoenix 9900 outlet"},"content":{"rendered":"<h3><strong>Vitavia PHOENIX &#8211; eleganta siltumn\u012bca ar pla\u0161u ieeju un zemu durvju r\u0101mi.<\/strong><\/h3>\n<p>2,57 m plat\u0101 siltumn\u012bca pieejama divos da\u017e\u0101dos garumos.<br \/>\nPla\u0161aj\u0101 siltumn\u012bc\u0101 ir vieta gan augiem, gan \u0113rtai atp\u016btas zonai.<\/p>\n<p>F\u0113niksa siltumn\u012bc\u0101s ir ar\u012b pietiekami daudz vietas, lai to iek\u0101rtotu unik\u0101li un interesanti.<\/p>\n<p>Siltumn\u012bcai ir 2 b\u012bd\u0101m\u0101s durvis.<\/p>\n<p>Siltumn\u012bcai ir dubult\u0101s b\u012bd\u0101m\u0101s durvis priek\u0161pus\u0113 ar izm\u0113riem 1,22 mx 1,99 m, kuras var nostiprin\u0101t da\u017e\u0101d\u0101s atv\u0113rt\u0101s poz\u012bcij\u0101s.<br \/>\n Standartapr\u012bkojum\u0101 iek\u013cautas ar\u012b lietus \u016bdens notekas.<\/p>\n<p>Phoenix siltumn\u012bc\u0101s ir \u010detri jumta logi.<\/p>\n<p><strong>Phoenix siltumn\u012bcas da\u017e\u0101du mode\u013cu izm\u0113ru tabula:<\/strong><\/p>\n<div class=\"tabel-scroll-x\">\n<table class=\"spec\" border=\"0\">\n<tbody>\n<tr>\n<th style=\"text-align: left;\" width=\"90\">Modelis<\/th>\n<th style=\"text-align: left;\" width=\"72\">Plat\u012bba<\/th>\n<th style=\"text-align: left;\" width=\"72\">Garums<\/th>\n<th style=\"text-align: left;\" width=\"72\">Platums<\/th>\n<th style=\"text-align: left;\" width=\"72\">S\u0101nu<\/th>\n<th style=\"text-align: left;\" width=\"72\">Augstums<\/th>\n<th style=\"text-align: left;\" width=\"50\">Logi<\/th>\n<\/tr>\n<tr>\n<td>Phoenix 9900<\/td>\n<td>9,9&nbsp;m\u00b2<\/td>\n<td>3.84m<\/td>\n<td>2.57m<\/td>\n<td>1,54 m<\/td>\n<td>2,48 m<\/td>\n<td>4<\/td>\n<\/tr>\n<tr>\n<td>Phoenix 11500<\/td>\n<td>11,5&nbsp;m\u00b2<\/td>\n<td>4.46m<\/td>\n<td>2.57m<\/td>\n<td>1,54 m<\/td>\n<td>2,48 m<\/td>\n<td>4<\/td>\n<\/tr>\n<\/tbody>\n<\/table>\n<\/div>\n<p><em>&#8211; kr\u0101su opcijas ietver pel\u0113ku un pulverkr\u0101sotu melnu<br \/>\n &#8211; 3 mm stikls k\u0101 v\u0101ks<br \/>\n &#8211; Priek\u0161pus\u0113 dubult\u0101s b\u012bd\u0101m\u0101s durvis<br \/>\n &#8211; 4 jumta logi<br \/>\n &#8211; Visiem mode\u013ciem standartapr\u012bkojum\u0101 ir b\u0101zes r\u0101mis ar zemu durvju r\u0101mi un k\u0101jas siltumn\u012bcas nostiprin\u0101\u0161anai pie zemes.<\/em><\/p>\n<p>R\u0101mis ir izgatavots no anod\u0113ta alum\u012bnija (nodro\u0161inot ilgsto\u0161u skaistu alum\u012bnija izskatu un iztur\u012bbu) un ir pieejams ar\u012b meln\u0101 pulverkr\u0101sot\u0101 kr\u0101s\u0101.<\/p>\n<p>Iesp\u0113jams pas\u016bt\u012bt da\u017e\u0101dus aksesu\u0101rus: logu, apak\u0161\u0113jo ventil\u0101cijas l\u016bku, autom\u0101tisko logu atv\u0113r\u0113ju, iek\u0161\u0113jos plauktus u.c.<\/p>\n<p><strong><a href=\"http:\/\/mwlconstruct.eu\/e-pood\/tootekategooria\/kasvuhoone-lisavarustus\/\" target=\"_blank\" rel=\"noopener noreferrer\">Skat\u012bt piederumus<\/a><\/strong><\/p>\n<p><em>Ton\u0101lais kr\u0113ms nav oblig\u0101ti nepiecie\u0161ams, bet ieteicams.<br \/>\n Ja siltumn\u012bcai ir pamatnes karkass, to var piestiprin\u0101t tie\u0161i pie zemes vai uz citas sagatavotas virsmas (koka kl\u0101ja vai akmens virsmas).<br \/>\n Preces cen\u0101 nav iek\u013cauts b\u0101zes r\u0101mis.<\/em><\/p>\n<h3><a href=\"https:\/\/youtu.be\/-4zXyeMetnM\" target=\"_blank\" rel=\"noopener noreferrer\">Vitavia demonstr\u0101cijas video  <\/a><\/h3>\n","protected":false},"excerpt":{"rendered":"<p><span title=\"Skat\u012bt visus izm\u0113rus zem\u0101k redzamaj\u0101 tabul\u0101\">2,57&nbsp;m x 3,83&nbsp;m = 9,9&nbsp;m\u00b2<\/span><br \/>\n <span style=\"color: #f5bd2f;\"><strong>Ikm\u0113ne\u0161a maks\u0101jums s\u0101kot. 141,58 eiro<\/strong><\/span><\/p>\n","protected":false},"featured_media":15732,"comment_status":"closed","ping_status":"closed","template":"","meta":[],"product_brand":[],"product_cat":[1633],"product_tag":[472,1622,385,386,387,388,1241,389,390,391],"class_list":{"0":"post-26142","1":"product","2":"type-product","3":"status-publish","4":"has-post-thumbnail","6":"product_cat-siltumnicas-outlet","7":"product_tag-vitavia-lv","8":"product_tag-stikls","9":"product_tag-siltumnica","10":"product_tag-siltumnicas","11":"product_tag-siltumnica-lv","12":"product_tag-siltumnica-lv-2","13":"product_tag-phoenix-lv","14":"product_tag-siltumnicas-lv","15":"product_tag-triiphone-lv","16":"product_tag-triplex-lv","17":"pa_kattematerjal-stikls","18":"pa_kulje-korgus-154-m-lv","19":"pa_laius-257-m-lv","20":"pa_pikkus-383-m-lv","21":"pa_pindala-99-m2-lv","22":"pa_pindala_vahemik-9-12-m-lv","23":"pa_tipu-korgus-248-m-lv","24":"pa_varv-zale","25":"infinite-scroll-item","26":"no-featured-image-padding","27":"sales-flash-overlay","28":"woocommerce-text-align-left","29":"woocommerce-image-align-center","30":"do-quantity-buttons","32":"first","33":"instock","34":"sale","35":"shipping-taxable","36":"purchasable","37":"product-type-variable","38":"has-default-attributes"},"_links":{"self":[{"href":"https:\/\/vitavia.lv\/kasvuhoone\/wp-json\/wp\/v2\/product\/26142","targetHints":{"allow":["GET"]}}],"collection":[{"href":"https:\/\/vitavia.lv\/kasvuhoone\/wp-json\/wp\/v2\/product"}],"about":[{"href":"https:\/\/vitavia.lv\/kasvuhoone\/wp-json\/wp\/v2\/types\/product"}],"replies":[{"embeddable":true,"href":"https:\/\/vitavia.lv\/kasvuhoone\/wp-json\/wp\/v2\/comments?post=26142"}],"wp:featuredmedia":[{"embeddable":true,"href":"https:\/\/vitavia.lv\/kasvuhoone\/wp-json\/wp\/v2\/media\/15732"}],"wp:attachment":[{"href":"https:\/\/vitavia.lv\/kasvuhoone\/wp-json\/wp\/v2\/media?parent=26142"}],"wp:term":[{"taxonomy":"product_brand","embeddable":true,"href":"https:\/\/vitavia.lv\/kasvuhoone\/wp-json\/wp\/v2\/product_brand?post=26142"},{"taxonomy":"product_cat","embeddable":true,"href":"https:\/\/vitavia.lv\/kasvuhoone\/wp-json\/wp\/v2\/product_cat?post=26142"},{"taxonomy":"product_tag","embeddable":true,"href":"https:\/\/vitavia.lv\/kasvuhoone\/wp-json\/wp\/v2\/product_tag?post=26142"}],"curies":[{"name":"wp","href":"https:\/\/api.w.org\/{rel}","templated":true}]}}