{"id":26204,"date":"2024-12-05T14:02:12","date_gmt":"2024-12-05T11:02:12","guid":{"rendered":"https:\/\/vitavia.ee\/kasvuhoone\/?post_type=product&#038;p=26204"},"modified":"2025-02-11T20:47:05","modified_gmt":"2025-02-11T17:47:05","slug":"siltumnica-vitavia-orion-3800-kopeeri","status":"publish","type":"product","link":"https:\/\/vitavia.lv\/kasvuhoone\/toode\/siltumnica-vitavia-orion-3800-kopeeri\/","title":{"rendered":"Siltumn\u012bca Vitavia Orion 3800 outlet"},"content":{"rendered":"<h3><strong>Vitavia ORION &#8211; siltumn\u012bca ar pievilc\u012bgu dizainu un pasakainu formu.<\/strong><\/h3>\n<p>1,93 m plat\u0101 un 2,3 m augst\u0101 siltumn\u012bca ir pieejama divos da\u017e\u0101dos garumos.<br \/>\nSiltumn\u012bca ir gai\u0161a un pievilc\u012bga, izdai\u013cojot katras m\u0101jas d\u0101rzu.<\/p>\n<p>Siltumn\u012bcai priek\u0161\u0101 ir b\u012bd\u0101m\u0101s durvis ar izm\u0113riem 0,6 mx 2 m, t\u0101s var nostiprin\u0101t da\u017e\u0101d\u0101s atv\u0113rt\u0101s poz\u012bcij\u0101s.<\/p>\n<p>Orion siltumn\u012bc\u0101 ir viens jumta logs un notekcaurules.<\/p>\n<p><strong>Saturn siltumn\u012bcas da\u017e\u0101du mode\u013cu izm\u0113ru tabula:<\/strong><\/p>\n<div class=\"tabel-scroll-x\">\n<table class=\"spec\" border=\"0\">\n<tbody>\n<tr>\n<th style=\"text-align: left;\" width=\"90\">Modelis<\/th>\n<th style=\"text-align: left;\" width=\"72\">Plat\u012bba<\/th>\n<th style=\"text-align: left;\" width=\"72\">Garums<\/th>\n<th style=\"text-align: left;\" width=\"72\">Platums<\/th>\n<th style=\"text-align: left;\" width=\"72\">S\u0101nu<\/th>\n<th style=\"text-align: left;\" width=\"72\">Augstums<\/th>\n<th style=\"text-align: left;\" width=\"50\">Logi<\/th>\n<\/tr>\n<tr>\n<td>Orion 3800<\/td>\n<td>3,8 m\u00b2<\/td>\n<td>1,93 m<\/td>\n<td>1,95&nbsp;m<\/td>\n<td>1,24 m<\/td>\n<td>2,3&nbsp;m<\/td>\n<td>1<\/td>\n<\/tr>\n<tr>\n<td>Orion 5000<\/td>\n<td>5 m\u00b2<\/td>\n<td>1,93 m<\/td>\n<td>2,57 m<\/td>\n<td> 1,24 m<\/td>\n<td>2,3&nbsp;m<\/td>\n<td>1<\/td>\n<\/tr>\n<\/tbody>\n<\/table>\n<\/div>\n<p><em>&#8211; kr\u0101su iesp\u0113jas: pel\u0113ka un za\u013ca<br \/>\n &#8211; 3 mm d\u0101rzkop\u012bbas stikls v\u0101kam, plexiglas uz izliektaj\u0101m da\u013c\u0101m<br \/>\n &#8211; vientu\u013c\u0161 priek\u0161\u0101<br \/>\n &#8211; 1 jumta logs<br \/>\n &#8211; b\u0101zes r\u0101mis pieejams visiem mode\u013ciem<\/em><\/p>\n<p>R\u0101mis ir izgatavots no anod\u0113ta alum\u012bnija (ilgsto\u0161i skaistam izskatam un alum\u012bnija iztur\u012bbai), un tas ir pieejams ar\u012b pulverkr\u0101sojuma kr\u0101sojum\u0101.<\/p>\n<p>Var pas\u016bt\u012bt da\u017e\u0101dus papildu piederumus: logu, apak\u0161\u0113jo ventil\u0101cijas l\u016bkas atveri, autom\u0101tisko logu atv\u0113r\u0161anas meh\u0101nismu, pamatnes r\u0101mi, iek\u0161\u0113jos plauktus u. c.<\/p>\n<p><strong><a href=\"http:\/\/mwlconstruct.eu\/e-pood\/tootekategooria\/kasvuhoone-lisavarustus\/\" target=\"_blank\" rel=\"noopener noreferrer\">Skat\u012bt piederumus<\/a><\/strong><\/p>\n<p><em>Ton\u0101lais kr\u0113ms nav oblig\u0101ti nepiecie\u0161ams, bet ieteicams.<br \/>\n Ja siltumn\u012bcai ir pamatnes karkass, to var piestiprin\u0101t pie zemes vai pie citas sagatavotas virsmas (koka terases vai akmens virsmas).<br \/>\n Preces cen\u0101 nav iek\u013cauts b\u0101zes r\u0101mis.<\/em><\/p>\n<h3><a href=\"https:\/\/youtu.be\/-4zXyeMetnM\" target=\"_blank\" rel=\"noopener noreferrer\">Vitavia demonstr\u0101cijas video  <\/a><\/h3>\n","protected":false},"excerpt":{"rendered":"<p><span title=\"Skat\u012bt visus izm\u0113rus zem\u0101k redzamaj\u0101 tabul\u0101\">1,93&nbsp;m x 1,95&nbsp;m = 3,8&nbsp;m\u00b2<\/span><br \/>\n <span style=\"color: #f5bd2f;\"><strong>Ikm\u0113ne\u0161a maks\u0101jums s\u0101kot. 79,33 \u20ac<\/strong><\/span><\/p>\n","protected":false},"featured_media":13750,"comment_status":"closed","ping_status":"closed","template":"","meta":[],"product_brand":[],"product_cat":[1633],"product_tag":[1634,1622],"class_list":{"0":"post-26204","1":"product","2":"type-product","3":"status-publish","4":"has-post-thumbnail","6":"product_cat-siltumnicas-outlet","7":"product_tag-izvads","8":"product_tag-stikls","9":"pa_kulje-korgus-182-m-lv","10":"pa_laius-193-m-lv","11":"pa_pikkus-195-m-lv","12":"pa_pindala-38-m2-lv","13":"pa_pindala_vahemik-09-5-m-lv","14":"pa_tipu-korgus-230-m-lv","15":"pa_varv-zale","16":"infinite-scroll-item","17":"no-featured-image-padding","18":"sales-flash-overlay","19":"woocommerce-text-align-left","20":"woocommerce-image-align-center","21":"do-quantity-buttons","23":"first","24":"instock","25":"sale","26":"shipping-taxable","27":"purchasable","28":"product-type-variable","29":"has-default-attributes"},"_links":{"self":[{"href":"https:\/\/vitavia.lv\/kasvuhoone\/wp-json\/wp\/v2\/product\/26204","targetHints":{"allow":["GET"]}}],"collection":[{"href":"https:\/\/vitavia.lv\/kasvuhoone\/wp-json\/wp\/v2\/product"}],"about":[{"href":"https:\/\/vitavia.lv\/kasvuhoone\/wp-json\/wp\/v2\/types\/product"}],"replies":[{"embeddable":true,"href":"https:\/\/vitavia.lv\/kasvuhoone\/wp-json\/wp\/v2\/comments?post=26204"}],"wp:featuredmedia":[{"embeddable":true,"href":"https:\/\/vitavia.lv\/kasvuhoone\/wp-json\/wp\/v2\/media\/13750"}],"wp:attachment":[{"href":"https:\/\/vitavia.lv\/kasvuhoone\/wp-json\/wp\/v2\/media?parent=26204"}],"wp:term":[{"taxonomy":"product_brand","embeddable":true,"href":"https:\/\/vitavia.lv\/kasvuhoone\/wp-json\/wp\/v2\/product_brand?post=26204"},{"taxonomy":"product_cat","embeddable":true,"href":"https:\/\/vitavia.lv\/kasvuhoone\/wp-json\/wp\/v2\/product_cat?post=26204"},{"taxonomy":"product_tag","embeddable":true,"href":"https:\/\/vitavia.lv\/kasvuhoone\/wp-json\/wp\/v2\/product_tag?post=26204"}],"curies":[{"name":"wp","href":"https:\/\/api.w.org\/{rel}","templated":true}]}}