{"id":26653,"date":"2025-01-07T19:02:57","date_gmt":"2025-01-07T16:02:57","guid":{"rendered":"https:\/\/vitavia.ee\/kasvuhoone\/?post_type=product&#038;p=26653"},"modified":"2025-02-11T20:47:00","modified_gmt":"2025-02-11T17:47:00","slug":"siltumnica-vitavia-saturn-5000-kopeeri","status":"publish","type":"product","link":"https:\/\/vitavia.lv\/kasvuhoone\/toode\/siltumnica-vitavia-saturn-5000-kopeeri\/","title":{"rendered":"Siltumn\u012bcas Vitavia Saturn 5000 outlet"},"content":{"rendered":"<h3><strong>Vitavia SATURN &#8211; siltumn\u012bca ar pievilc\u012bgu dizainu un austrumniecisku un pasaku saj\u016btu.<\/strong><\/h3>\n<p>2,64 m plat\u0101 un 2,55 m augst\u0101 siltumn\u012bca pieejama piecos da\u017e\u0101dos garumos.<br \/>\nPasakain\u0101 un gai\u0161\u0101 siltumn\u012bca nodro\u0161ina pietiekami daudz vietas augu audz\u0113\u0161anai un atp\u016btai kop\u0101 ar \u0123imeni un draugiem.<\/p>\n<p>Siltumn\u012bcai priek\u0161\u0101 ir dubult\u0101s b\u012bd\u0101m\u0101s durvis, kuras var nostiprin\u0101t da\u017e\u0101d\u0101s atv\u0113rt\u0101s poz\u012bcij\u0101s.<\/p>\n<p>Atkar\u012bb\u0101 no izm\u0113ra Saturna siltumn\u012bc\u0101m ir viens l\u012bdz \u010detri jumta logi.<br \/>\n Standarta komplekt\u0101cij\u0101 ietilpst ar\u012b lietus notekas ab\u0101s pus\u0113s.<\/p>\n<p><strong>Saturn siltumn\u012bcas da\u017e\u0101du mode\u013cu izm\u0113ru tabula:<\/strong><\/p>\n<div class=\"tabel-scroll-x\">\n<table class=\"spec\" border=\"0\">\n<tbody>\n<tr>\n<th style=\"text-align: left;\" width=\"90\">Modelis<\/th>\n<th style=\"text-align: left;\" width=\"72\">Plat\u012bba<\/th>\n<th style=\"text-align: left;\" width=\"72\">Garums<\/th>\n<th style=\"text-align: left;\" width=\"72\">Platums<\/th>\n<th style=\"text-align: left;\" width=\"72\">S\u0101nu<\/th>\n<th style=\"text-align: left;\" width=\"72\">Augstums<\/th>\n<th style=\"text-align: left;\" width=\"50\">Logi<\/th>\n<\/tr>\n<tr>\n<td>Saturns 5000<\/td>\n<td>5,0 m\u00b2<\/td>\n<td>1.95m<\/td>\n<td>2,64 m<\/td>\n<td><\/td>\n<td>2,55 m<\/td>\n<td>1<\/td>\n<\/tr>\n<tr>\n<td>Saturns 6700<\/td>\n<td>6,7 m\u00b2<\/td>\n<td>2.58m<\/td>\n<td>2,64 m<\/td>\n<td><\/td>\n<td>2,55 m<\/td>\n<td>2<\/td>\n<\/tr>\n<tr>\n<td>Saturns 8300<\/td>\n<td>8,3&nbsp;m\u00b2<\/td>\n<td>3.21m<\/td>\n<td>2,64 m<\/td>\n<td><\/td>\n<td>2,55 m<\/td>\n<td>2<\/td>\n<\/tr>\n<tr>\n<td>Saturns 9900<\/td>\n<td>9,9&nbsp;m\u00b2<\/td>\n<td>3,83 m<\/td>\n<td>2,64 m<\/td>\n<td><\/td>\n<td>2,55 m<\/td>\n<td>4<\/td>\n<\/tr>\n<tr>\n<td>Saturns 11500<\/td>\n<td>11,5&nbsp;m\u00b2<\/td>\n<td>4,45 m<\/td>\n<td>2,64 m<\/td>\n<td><\/td>\n<td>2,55 m<\/td>\n<td>4<\/td>\n<\/tr>\n<\/tbody>\n<\/table>\n<\/div>\n<p><em>&#8211; kr\u0101su opcijas ietver pel\u0113ku un pulverkr\u0101sotu za\u013cu vai melnu<br \/>\n &#8211; atkar\u012bb\u0101 no mode\u013ca k\u0101 v\u0101ku varat izv\u0113l\u0113ties stiklu vai r\u016bd\u012btu stiklu<br \/>\n &#8211; izliekt\u0101s malas izgatavotas no augstas kvalit\u0101tes UV iztur\u012bga organisk\u0101 stikla<br \/>\n &#8211; priek\u0161\u0101 divas b\u012bd\u0101m\u0101s durvis<br \/>\n &#8211; atkar\u012bb\u0101 no izm\u0113ra 1 l\u012bdz 4 jumta logi<br \/>\n &#8211; b\u0101zes r\u0101mis pieejams visiem mode\u013ciem<\/em><\/p>\n<p>R\u0101mis ir izgatavots no anod\u0113ta alum\u012bnija (ilgsto\u0161i skaistam izskatam un alum\u012bnija iztur\u012bbai), un tas ir pieejams ar\u012b pulverkr\u0101sojuma kr\u0101sojum\u0101.<\/p>\n<p>Var pas\u016bt\u012bt da\u017e\u0101dus papildu piederumus: logu, apak\u0161\u0113jo ventil\u0101cijas l\u016bkas atveri, autom\u0101tisko logu atv\u0113r\u0161anas meh\u0101nismu, pamatnes r\u0101mi, iek\u0161\u0113jos plauktus u. c.<\/p>\n<p><strong><a href=\"http:\/\/mwlconstruct.eu\/e-pood\/tootekategooria\/kasvuhoone-lisavarustus\/\" target=\"_blank\" rel=\"noopener noreferrer\">Skat\u012bt piederumus<\/a><\/strong><\/p>\n<p><em>Ton\u0101lais kr\u0113ms nav oblig\u0101ti nepiecie\u0161ams, bet ieteicams.<br \/>\n Ja siltumn\u012bcai ir pamatnes karkass, to var piestiprin\u0101t pie zemes vai pie citas sagatavotas virsmas (koka terases vai akmens virsmas).<br \/>\n Preces cen\u0101 nav iek\u013cauts b\u0101zes r\u0101mis.<\/em><\/p>\n<h3><a href=\"https:\/\/youtu.be\/-4zXyeMetnM\" target=\"_blank\" rel=\"noopener noreferrer\">Vitavia demonstr\u0101cijas video  <\/a><\/h3>\n","protected":false},"excerpt":{"rendered":"<p><span title=\"Skat\u012bt visus izm\u0113rus zem\u0101k redzamaj\u0101 tabul\u0101\">2,64&nbsp;m x 1,95&nbsp;m = 5,0&nbsp;m\u00b2<\/span><br \/>\n <a class=\"alus_rm\" href=\"https:\/\/vitavia.ee\/wp-content\/uploads\/2017\/10\/Kasvuhoone-Saturn-paigaldusjuhend.pdf#page=18\" target=\"blanc\" rel=\"noopener\"><span class=\"alus_rm_bold\">NB!<\/span> Siltumn\u012bcas pamatnes r\u0101mja \u0101r\u0113jos izm\u0113rus skat\u012bt \u0161eit.<\/a><br \/>\n <span style=\"color: #f5bd2f;\"><strong>Ikm\u0113ne\u0161a maks\u0101jums s\u0101kot. 91,67 eiro<\/strong><\/span><\/p>\n","protected":false},"featured_media":20814,"comment_status":"closed","ping_status":"closed","template":"","meta":[],"product_brand":[],"product_cat":[1633],"product_tag":[472,1621,1622,558,385,386,387,388,1634,389],"class_list":{"0":"post-26653","1":"product","2":"type-product","3":"status-publish","4":"has-post-thumbnail","6":"product_cat-siltumnicas-outlet","7":"product_tag-vitavia-lv","8":"product_tag-rudits-stikls","9":"product_tag-stikls","10":"product_tag-saturn-lv","11":"product_tag-siltumnica","12":"product_tag-siltumnicas","13":"product_tag-siltumnica-lv","14":"product_tag-siltumnica-lv-2","15":"product_tag-izvads","16":"product_tag-siltumnicas-lv","17":"pa_kattematerjal-stikls","18":"pa_kattematerjal-rudits-stikls","19":"pa_kulje-korgus-182-m-lv","20":"pa_laius-264-m-lv","21":"pa_pikkus-195-m-lv","22":"pa_pindala-5-m2-lv","23":"pa_pindala_vahemik-09-5-m-lv","24":"pa_tipu-korgus-255-m-lv","25":"pa_varv-zale","26":"infinite-scroll-item","27":"no-featured-image-padding","28":"sales-flash-overlay","29":"woocommerce-text-align-left","30":"woocommerce-image-align-center","31":"do-quantity-buttons","33":"first","34":"instock","35":"sale","36":"shipping-taxable","37":"purchasable","38":"product-type-variable","39":"has-default-attributes"},"_links":{"self":[{"href":"https:\/\/vitavia.lv\/kasvuhoone\/wp-json\/wp\/v2\/product\/26653","targetHints":{"allow":["GET"]}}],"collection":[{"href":"https:\/\/vitavia.lv\/kasvuhoone\/wp-json\/wp\/v2\/product"}],"about":[{"href":"https:\/\/vitavia.lv\/kasvuhoone\/wp-json\/wp\/v2\/types\/product"}],"replies":[{"embeddable":true,"href":"https:\/\/vitavia.lv\/kasvuhoone\/wp-json\/wp\/v2\/comments?post=26653"}],"wp:featuredmedia":[{"embeddable":true,"href":"https:\/\/vitavia.lv\/kasvuhoone\/wp-json\/wp\/v2\/media\/20814"}],"wp:attachment":[{"href":"https:\/\/vitavia.lv\/kasvuhoone\/wp-json\/wp\/v2\/media?parent=26653"}],"wp:term":[{"taxonomy":"product_brand","embeddable":true,"href":"https:\/\/vitavia.lv\/kasvuhoone\/wp-json\/wp\/v2\/product_brand?post=26653"},{"taxonomy":"product_cat","embeddable":true,"href":"https:\/\/vitavia.lv\/kasvuhoone\/wp-json\/wp\/v2\/product_cat?post=26653"},{"taxonomy":"product_tag","embeddable":true,"href":"https:\/\/vitavia.lv\/kasvuhoone\/wp-json\/wp\/v2\/product_tag?post=26653"}],"curies":[{"name":"wp","href":"https:\/\/api.w.org\/{rel}","templated":true}]}}