{"id":27770,"date":"2025-01-07T21:07:50","date_gmt":"2025-01-07T18:07:50","guid":{"rendered":"https:\/\/vitavia.ee\/kasvuhoone\/?post_type=product&#038;p=27770"},"modified":"2025-02-11T20:47:06","modified_gmt":"2025-02-11T17:47:06","slug":"siltumnica-vitavia-neptun-11500-kopeeri","status":"publish","type":"product","link":"https:\/\/vitavia.lv\/kasvuhoone\/toode\/siltumnica-vitavia-neptun-11500-kopeeri\/","title":{"rendered":"Siltumn\u012bca Vitavia Neptun 11500 outlet"},"content":{"rendered":"<h3><strong>Vitavia NEPTUN &#8211; eleganta d\u0101\u0146u siltumn\u012bca cien\u012bjamam d\u0101rzam.<\/strong><\/h3>\n<p>2,57 m plat\u0101 siltumn\u012bca ir pieejama \u010detros da\u017e\u0101dos garumos.<br \/>\nPietiekami augsta un plata siltumn\u012bca nodro\u0161ina pietiekami daudz vietas augu aug\u0161anai un att\u012bst\u012bbai.<\/p>\n<p>Neptun siltumn\u012bc\u0101s ir ar\u012b pietiekami daudz vietas, lai to iek\u0101rtotu unik\u0101li un interesanti.<\/p>\n<p>Siltumn\u012bcai ir vienas 1,75 m augstas b\u012bd\u0101m\u0101s durvis, kuras var uzst\u0101d\u012bt gan labaj\u0101, gan kreisaj\u0101 pus\u0113 atv\u0113r\u0161anai. Atv\u0113rt\u0101s durvis var ar\u012b fiks\u0113t da\u017e\u0101dos atv\u0113rtos st\u0101vok\u013cos.<\/p>\n<p>Neptun siltumn\u012bc\u0101m standarta komplekt\u0101cij\u0101 ir divi jumta logi.<\/p>\n<p><strong>Da\u017e\u0101du Neptun siltumn\u012bcu mode\u013cu izm\u0113ru tabula:<\/strong><\/p>\n<div class=\"tabel-scroll-x\">\n<table class=\"spec\" border=\"0\">\n<tbody>\n<tr>\n<th style=\"text-align: left;\" width=\"90\">Modelis<\/th>\n<th style=\"text-align: left;\" width=\"72\">Plat\u012bba<\/th>\n<th style=\"text-align: left;\" width=\"72\">Garums<\/th>\n<th style=\"text-align: left;\" width=\"72\">Platums<\/th>\n<th style=\"text-align: left;\" width=\"72\">S\u0101nu<\/th>\n<th style=\"text-align: left;\" width=\"72\">Augstums<\/th>\n<th style=\"text-align: left;\" width=\"50\">Logi<\/th>\n<\/tr>\n<tr>\n<td>Nept\u016bns 6700<\/td>\n<td>6,7 m\u00b2<\/td>\n<td>2.58m<\/td>\n<td>2.57m<\/td>\n<td>1.35m<\/td>\n<td>2.30m<\/td>\n<td>2<\/td>\n<\/tr>\n<tr>\n<td>Neptune 8300<\/td>\n<td>8,3&nbsp;m\u00b2<\/td>\n<td>3.21m<\/td>\n<td>2.57m<\/td>\n<td>1.35m<\/td>\n<td>2.30m<\/td>\n<td>2<\/td>\n<\/tr>\n<tr>\n<td>Nept\u016bns 9900<\/td>\n<td>9,9&nbsp;m\u00b2<\/td>\n<td>3.84m<\/td>\n<td>2.57m<\/td>\n<td>1.35m<\/td>\n<td>2.30m<\/td>\n<td>2<\/td>\n<\/tr>\n<tr>\n<td>Nept\u016bns 11500<\/td>\n<td>11,5&nbsp;m\u00b2<\/td>\n<td>4.46m<\/td>\n<td>2.57m<\/td>\n<td>1.35m<\/td>\n<td>2.30m<\/td>\n<td>2<\/td>\n<\/tr>\n<\/tbody>\n<\/table>\n<\/div>\n<p><em>&#8211; kr\u0101su opcijas ietver pel\u0113ku un pulverkr\u0101sotu melnu<br \/>\n &#8211; k\u0101 p\u0101rsegu varat izv\u0113l\u0113ties 3 mm stiklu, r\u016bd\u012btu stiklu vai 6 mm polikarbon\u0101tu<br \/>\n &#8211; priek\u0161\u0101 vienas b\u012bd\u0101m\u0101s durvis<br \/>\n &#8211; 2 jumta logi<br \/>\n &#8211; visiem mode\u013ciem ir papildus pamata r\u0101mis ar k\u0101j\u0101m (siltumn\u012bcas piestiprin\u0101\u0161anai pie zemes)<\/em><\/p>\n<p>R\u0101mis ir izgatavots no anod\u0113ta alum\u012bnija (ilgsto\u0161i skaistam izskatam un alum\u012bnija iztur\u012bbai), un tas ir pieejams ar\u012b pulverkr\u0101sojuma kr\u0101sojum\u0101.<\/p>\n<p>Var pas\u016bt\u012bt da\u017e\u0101dus papildu piederumus: logu, apak\u0161\u0113jo ventil\u0101cijas l\u016bkas atveri, autom\u0101tisko logu atv\u0113r\u0161anas meh\u0101nismu, pamatnes r\u0101mi, iek\u0161\u0113jos plauktus u. c.<\/p>\n<p><strong><a href=\"http:\/\/mwlconstruct.eu\/e-pood\/tootekategooria\/kasvuhoone-lisavarustus\/\" target=\"_blank\" rel=\"noopener noreferrer\">Skat\u012bt piederumus<\/a><\/strong><\/p>\n<p><em>Ton\u0101lais kr\u0113ms nav oblig\u0101ti nepiecie\u0161ams, bet ieteicams.<br \/>\n Ja siltumn\u012bcai ir pamatnes karkass, to var piestiprin\u0101t pie zemes vai pie citas sagatavotas virsmas (koka terases vai akmens virsmas).<br \/>\n Preces cen\u0101 nav iek\u013cauts b\u0101zes r\u0101mis.<\/em><\/p>\n<h3><a href=\"https:\/\/youtu.be\/-4zXyeMetnM\" target=\"_blank\" rel=\"noopener noreferrer\">Vitavia demonstr\u0101cijas video  <\/a><\/h3>\n","protected":false},"excerpt":{"rendered":"<p><span title=\"Skat\u012bt visus izm\u0113rus zem\u0101k redzamaj\u0101 tabul\u0101\">2,57&nbsp;m x 4,46&nbsp;m = 11,5&nbsp;m\u00b2<\/span><br \/>\n <span style=\"color: #f5bd2f;\"><strong>Ikm\u0113ne\u0161a maks\u0101jums s\u0101kot. 132,42 eiro<\/strong><\/span><\/p>\n","protected":false},"featured_media":12633,"comment_status":"closed","ping_status":"closed","template":"","meta":[],"product_brand":[],"product_cat":[1633],"product_tag":[1653,1622,1706,1623,1634,1621],"class_list":{"0":"post-27770","1":"product","2":"type-product","3":"status-publish","4":"has-post-thumbnail","6":"product_cat-siltumnicas-outlet","7":"product_tag-sani-no-rudita-stikla-un-jumts-no-polikarbonata","8":"product_tag-stikls","9":"product_tag-sanu-stikls-un-jumts-polikarbonats","10":"product_tag-polikarbonats","11":"product_tag-izvads","12":"product_tag-rudits-stikls","13":"product_shipping_class-darvas-klase-65","14":"pa_kattematerjal-stikls","15":"pa_kattematerjal-rudits-stikls","16":"pa_kulje-korgus-135-m-lv","17":"pa_laius-257-m-lv","18":"pa_pikkus-446-m-lv","19":"pa_pindala-115-m2-lv","20":"pa_pindala_vahemik-9-12-m-lv","21":"pa_tipu-korgus-230-m-lv","22":"pa_varv-zale","23":"infinite-scroll-item","24":"no-featured-image-padding","25":"sales-flash-overlay","26":"woocommerce-text-align-left","27":"woocommerce-image-align-center","28":"do-quantity-buttons","30":"first","31":"instock","32":"sale","33":"shipping-taxable","34":"purchasable","35":"product-type-variable","36":"has-default-attributes"},"_links":{"self":[{"href":"https:\/\/vitavia.lv\/kasvuhoone\/wp-json\/wp\/v2\/product\/27770","targetHints":{"allow":["GET"]}}],"collection":[{"href":"https:\/\/vitavia.lv\/kasvuhoone\/wp-json\/wp\/v2\/product"}],"about":[{"href":"https:\/\/vitavia.lv\/kasvuhoone\/wp-json\/wp\/v2\/types\/product"}],"replies":[{"embeddable":true,"href":"https:\/\/vitavia.lv\/kasvuhoone\/wp-json\/wp\/v2\/comments?post=27770"}],"wp:featuredmedia":[{"embeddable":true,"href":"https:\/\/vitavia.lv\/kasvuhoone\/wp-json\/wp\/v2\/media\/12633"}],"wp:attachment":[{"href":"https:\/\/vitavia.lv\/kasvuhoone\/wp-json\/wp\/v2\/media?parent=27770"}],"wp:term":[{"taxonomy":"product_brand","embeddable":true,"href":"https:\/\/vitavia.lv\/kasvuhoone\/wp-json\/wp\/v2\/product_brand?post=27770"},{"taxonomy":"product_cat","embeddable":true,"href":"https:\/\/vitavia.lv\/kasvuhoone\/wp-json\/wp\/v2\/product_cat?post=27770"},{"taxonomy":"product_tag","embeddable":true,"href":"https:\/\/vitavia.lv\/kasvuhoone\/wp-json\/wp\/v2\/product_tag?post=27770"}],"curies":[{"name":"wp","href":"https:\/\/api.w.org\/{rel}","templated":true}]}}