{"id":29653,"date":"2018-12-28T18:46:39","date_gmt":"2025-02-11T18:11:34","guid":{"rendered":"https:\/\/vitavia.ee\/kasvuhoone\/toode\/siltumnicas-parsega-savienojuma-skavas\/"},"modified":"2025-02-11T21:11:34","modified_gmt":"2025-02-11T18:11:34","slug":"siltumnicas-parsega-savienojuma-skavas","status":"publish","type":"product","link":"https:\/\/vitavia.lv\/kasvuhoone\/toode\/siltumnicas-parsega-savienojuma-skavas\/","title":{"rendered":"Siltumn\u012bcas p\u0101rsega savienojuma skavas"},"content":{"rendered":"<h4><strong>Siltumn\u012bcas p\u0101rsega savienojuma skavas, met\u0101la.<\/strong><\/h4>\n<p>Siltumn\u012bcu savienojo\u0161ie klipi \u013cauj savienot nelielus seguma gabalus vien\u0101 telp\u0101 un izveidot lielu virsmas laukumu.<br \/>\nPiem\u0113rots gan stiklam, gan polikarbon\u0101tam.<\/p>\n","protected":false},"excerpt":{"rendered":"<p>Siltumn\u012bcas p\u0101rsega savienojuma skavas, met\u0101la. Siltumn\u012bcu savienojo\u0161ie klipi \u013cauj savienot nelielus seguma gabalus vien\u0101 telp\u0101 un izveidot lielu virsmas laukumu. Piem\u0113rots gan stiklam, gan polikarbon\u0101tam.<\/p>\n","protected":false},"featured_media":13914,"comment_status":"closed","ping_status":"closed","template":"","meta":[],"product_brand":[],"product_cat":[992],"product_tag":[],"class_list":{"0":"post-29653","1":"product","2":"type-product","3":"status-publish","4":"has-post-thumbnail","6":"product_cat-siltumnicas-aksesuars","7":"infinite-scroll-item","8":"no-featured-image-padding","9":"sales-flash-overlay","10":"woocommerce-text-align-left","11":"woocommerce-image-align-center","12":"do-quantity-buttons","14":"first","15":"instock","16":"shipping-taxable","17":"purchasable","18":"product-type-simple"},"_links":{"self":[{"href":"https:\/\/vitavia.lv\/kasvuhoone\/wp-json\/wp\/v2\/product\/29653","targetHints":{"allow":["GET"]}}],"collection":[{"href":"https:\/\/vitavia.lv\/kasvuhoone\/wp-json\/wp\/v2\/product"}],"about":[{"href":"https:\/\/vitavia.lv\/kasvuhoone\/wp-json\/wp\/v2\/types\/product"}],"replies":[{"embeddable":true,"href":"https:\/\/vitavia.lv\/kasvuhoone\/wp-json\/wp\/v2\/comments?post=29653"}],"wp:featuredmedia":[{"embeddable":true,"href":"https:\/\/vitavia.lv\/kasvuhoone\/wp-json\/wp\/v2\/media\/13914"}],"wp:attachment":[{"href":"https:\/\/vitavia.lv\/kasvuhoone\/wp-json\/wp\/v2\/media?parent=29653"}],"wp:term":[{"taxonomy":"product_brand","embeddable":true,"href":"https:\/\/vitavia.lv\/kasvuhoone\/wp-json\/wp\/v2\/product_brand?post=29653"},{"taxonomy":"product_cat","embeddable":true,"href":"https:\/\/vitavia.lv\/kasvuhoone\/wp-json\/wp\/v2\/product_cat?post=29653"},{"taxonomy":"product_tag","embeddable":true,"href":"https:\/\/vitavia.lv\/kasvuhoone\/wp-json\/wp\/v2\/product_tag?post=29653"}],"curies":[{"name":"wp","href":"https:\/\/api.w.org\/{rel}","templated":true}]}}