{"id":29663,"date":"2017-02-20T21:51:57","date_gmt":"2025-02-11T18:11:39","guid":{"rendered":"https:\/\/vitavia.ee\/kasvuhoone\/toode\/siltumnicas-automatiska-laistisanas-sistema\/"},"modified":"2025-02-11T21:11:39","modified_gmt":"2025-02-11T18:11:39","slug":"siltumnicas-automatiska-laistisanas-sistema","status":"publish","type":"product","link":"https:\/\/vitavia.lv\/kasvuhoone\/toode\/siltumnicas-automatiska-laistisanas-sistema\/","title":{"rendered":"Siltumn\u012bcas autom\u0101tisk\u0101 laist\u012b\u0161anas sist\u0113ma"},"content":{"rendered":"<p><strong>Autom\u0101tiska siltumn\u012bcu ap\u016bde\u0146o\u0161anas sist\u0113ma vis\u0101m siltumn\u012bc\u0101m un d\u0101rza paviljoniem<\/strong><\/p>\n<p>Hydromat laist\u012b\u0161anas sist\u0113ma ir paredz\u0113ta vid\u0113ji 10 m2 (8 m2 \u2013 12 m2) lielai plat\u012bbai un tai ir 50 laist\u012b\u0161anas uzga\u013ci.<br \/>\n Komplekt\u0101 ietilpst nepiecie\u0161am\u0101s \u0161\u013c\u016btenes, veidgabali un v\u0101rsts \u016bdens daudzuma regul\u0113\u0161anai.<br \/>\n Laist\u012b\u0161anas sist\u0113mas darb\u012bbai nav nepiecie\u0161ama elektr\u012bba vai baterijas.<\/p>\n<h3><a href=\"https:\/\/www.youtube.com\/watch?v=sUkwq4KApGA\">Noskatieties ievada video, lai redz\u0113tu, k\u0101 darbojas autom\u0101tisk\u0101 laist\u012b\u0161anas sist\u0113ma.<\/a><\/h3>\n<p>&nbsp;<\/p>\n<p><a href=\"https:\/\/www.pinterest.com\/mwlconstruct\/kasvuhoone\/\">Pinterest<\/a><br \/>\n<a href=\"http:\/\/www.vitavia.ee\/\" rel=\"nofollow\">Vitavia<\/a><\/p>\n","protected":false},"excerpt":{"rendered":"<p>Autom\u0101tiska siltumn\u012bcu ap\u016bde\u0146o\u0161anas sist\u0113ma vis\u0101m siltumn\u012bc\u0101m un d\u0101rza paviljoniem Hydromat laist\u012b\u0161anas sist\u0113ma ir paredz\u0113ta vid\u0113ji 10 m2 (8 m2 \u2013 12 m2) lielai plat\u012bbai un tai ir 50 laist\u012b\u0161anas uzga\u013ci. Komplekt\u0101 ietilpst nepiecie\u0161am\u0101s \u0161\u013c\u016btenes, veidgabali un v\u0101rsts \u016bdens daudzuma regul\u0113\u0161anai. Laist\u012b\u0161anas sist\u0113mas darb\u012bbai nav nepiecie\u0161ama elektr\u012bba vai baterijas. Noskatieties ievada video, lai redz\u0113tu, k\u0101 darbojas &#8230; <\/p>\n<p class=\"read-more-container\"><a title=\"Siltumn\u012bcas autom\u0101tisk\u0101 laist\u012b\u0161anas sist\u0113ma\" class=\"read-more button\" href=\"https:\/\/vitavia.lv\/kasvuhoone\/toode\/siltumnicas-automatiska-laistisanas-sistema\/#more-29663\" aria-label=\"Read more about Siltumn\u012bcas autom\u0101tisk\u0101 laist\u012b\u0161anas sist\u0113ma\">Read more<\/a><\/p>\n","protected":false},"featured_media":13889,"comment_status":"closed","ping_status":"closed","template":"","meta":[],"product_brand":[],"product_cat":[992],"product_tag":[385,386,472,1077],"class_list":{"0":"post-29663","1":"product","2":"type-product","3":"status-publish","4":"has-post-thumbnail","6":"product_cat-siltumnicas-aksesuars","7":"product_tag-siltumnica","8":"product_tag-siltumnicas","9":"product_tag-vitavia-lv","10":"product_tag-automatiska-laistisanas-sistema","11":"infinite-scroll-item","12":"no-featured-image-padding","13":"sales-flash-overlay","14":"woocommerce-text-align-left","15":"woocommerce-image-align-center","16":"do-quantity-buttons","18":"first","19":"instock","20":"shipping-taxable","21":"purchasable","22":"product-type-simple"},"_links":{"self":[{"href":"https:\/\/vitavia.lv\/kasvuhoone\/wp-json\/wp\/v2\/product\/29663","targetHints":{"allow":["GET"]}}],"collection":[{"href":"https:\/\/vitavia.lv\/kasvuhoone\/wp-json\/wp\/v2\/product"}],"about":[{"href":"https:\/\/vitavia.lv\/kasvuhoone\/wp-json\/wp\/v2\/types\/product"}],"replies":[{"embeddable":true,"href":"https:\/\/vitavia.lv\/kasvuhoone\/wp-json\/wp\/v2\/comments?post=29663"}],"wp:featuredmedia":[{"embeddable":true,"href":"https:\/\/vitavia.lv\/kasvuhoone\/wp-json\/wp\/v2\/media\/13889"}],"wp:attachment":[{"href":"https:\/\/vitavia.lv\/kasvuhoone\/wp-json\/wp\/v2\/media?parent=29663"}],"wp:term":[{"taxonomy":"product_brand","embeddable":true,"href":"https:\/\/vitavia.lv\/kasvuhoone\/wp-json\/wp\/v2\/product_brand?post=29663"},{"taxonomy":"product_cat","embeddable":true,"href":"https:\/\/vitavia.lv\/kasvuhoone\/wp-json\/wp\/v2\/product_cat?post=29663"},{"taxonomy":"product_tag","embeddable":true,"href":"https:\/\/vitavia.lv\/kasvuhoone\/wp-json\/wp\/v2\/product_tag?post=29663"}],"curies":[{"name":"wp","href":"https:\/\/api.w.org\/{rel}","templated":true}]}}