{"id":29664,"date":"2017-03-03T10:15:56","date_gmt":"2025-02-11T18:11:39","guid":{"rendered":"https:\/\/vitavia.ee\/kasvuhoone\/toode\/siltumnicas-automatiskas-laistisanas-sistemas-piederumu-komplekts\/"},"modified":"2025-02-11T21:11:39","modified_gmt":"2025-02-11T18:11:39","slug":"siltumnicas-automatiskas-laistisanas-sistemas-piederumu-komplekts","status":"publish","type":"product","link":"https:\/\/vitavia.lv\/kasvuhoone\/toode\/siltumnicas-automatiskas-laistisanas-sistemas-piederumu-komplekts\/","title":{"rendered":"Siltumn\u012bcas autom\u0101tisk\u0101s laist\u012b\u0161anas sist\u0113mas piederumu komplekts"},"content":{"rendered":"<p><strong>Autom\u0101tiska siltumn\u012bcu ap\u016bde\u0146o\u0161anas sist\u0113ma vis\u0101m siltumn\u012bc\u0101m un d\u0101rza paviljoniem<\/strong><\/p>\n<p> <a href=\"https:\/\/www.pinterest.com\/mwlconstruct\/kasvuhoone\/\">Pinterest<\/a><br \/>\n <a href=\"http:\/\/www.vitavia.ee\/\" rel=\"nofollow\">Vitavia<\/a><\/p>\n","protected":false},"excerpt":{"rendered":"<p>Autom\u0101tiska siltumn\u012bcu ap\u016bde\u0146o\u0161anas sist\u0113ma vis\u0101m siltumn\u012bc\u0101m un d\u0101rza paviljoniem Pinterest Vitavia<\/p>\n","protected":false},"featured_media":13899,"comment_status":"closed","ping_status":"closed","template":"","meta":[],"product_brand":[],"product_cat":[992],"product_tag":[386,1077,1092,385],"class_list":{"0":"post-29664","1":"product","2":"type-product","3":"status-publish","4":"has-post-thumbnail","6":"product_cat-siltumnicas-aksesuars","7":"product_tag-siltumnicas","8":"product_tag-automatiska-laistisanas-sistema","9":"product_tag-laistisanas-sistemas-piederumu-komplekts","10":"product_tag-siltumnica","11":"infinite-scroll-item","12":"no-featured-image-padding","13":"sales-flash-overlay","14":"woocommerce-text-align-left","15":"woocommerce-image-align-center","16":"do-quantity-buttons","18":"first","19":"instock","20":"shipping-taxable","21":"purchasable","22":"product-type-simple"},"_links":{"self":[{"href":"https:\/\/vitavia.lv\/kasvuhoone\/wp-json\/wp\/v2\/product\/29664","targetHints":{"allow":["GET"]}}],"collection":[{"href":"https:\/\/vitavia.lv\/kasvuhoone\/wp-json\/wp\/v2\/product"}],"about":[{"href":"https:\/\/vitavia.lv\/kasvuhoone\/wp-json\/wp\/v2\/types\/product"}],"replies":[{"embeddable":true,"href":"https:\/\/vitavia.lv\/kasvuhoone\/wp-json\/wp\/v2\/comments?post=29664"}],"wp:featuredmedia":[{"embeddable":true,"href":"https:\/\/vitavia.lv\/kasvuhoone\/wp-json\/wp\/v2\/media\/13899"}],"wp:attachment":[{"href":"https:\/\/vitavia.lv\/kasvuhoone\/wp-json\/wp\/v2\/media?parent=29664"}],"wp:term":[{"taxonomy":"product_brand","embeddable":true,"href":"https:\/\/vitavia.lv\/kasvuhoone\/wp-json\/wp\/v2\/product_brand?post=29664"},{"taxonomy":"product_cat","embeddable":true,"href":"https:\/\/vitavia.lv\/kasvuhoone\/wp-json\/wp\/v2\/product_cat?post=29664"},{"taxonomy":"product_tag","embeddable":true,"href":"https:\/\/vitavia.lv\/kasvuhoone\/wp-json\/wp\/v2\/product_tag?post=29664"}],"curies":[{"name":"wp","href":"https:\/\/api.w.org\/{rel}","templated":true}]}}