{"id":29679,"date":"2017-01-22T13:09:28","date_gmt":"2025-02-11T18:11:44","guid":{"rendered":"https:\/\/vitavia.ee\/kasvuhoone\/toode\/siltumnicas-apaksejo-ventilacijas-luku-automatika\/"},"modified":"2025-02-11T21:11:44","modified_gmt":"2025-02-11T18:11:44","slug":"siltumnicas-apaksejo-ventilacijas-luku-automatika","status":"publish","type":"product","link":"https:\/\/vitavia.lv\/kasvuhoone\/toode\/siltumnicas-apaksejo-ventilacijas-luku-automatika\/","title":{"rendered":"Siltumn\u012bcas apak\u0161\u0113jo ventil\u0101cijas l\u016bku autom\u0101tika"},"content":{"rendered":"<p><strong>Siltumn\u012bcu apak\u0161\u0113jo ventil\u0101cijas autom\u0101tika siltumn\u012bc\u0101m un d\u0101rza paviljoniem<\/strong><\/p>\n<p> <a href=\"https:\/\/www.pinterest.com\/mwlconstruct\/kasvuhoone\/\">Pinterest<\/a><br \/>\n <a href=\"http:\/\/www.vitavia.ee\/\" rel=\"nofollow\">Vitavia<\/a><\/p>\n","protected":false},"excerpt":{"rendered":"<p>Siltumn\u012bcu apak\u0161\u0113jo ventil\u0101cijas autom\u0101tika siltumn\u012bc\u0101m un d\u0101rza paviljoniem Pinterest Vitavia<\/p>\n","protected":false},"featured_media":14142,"comment_status":"closed","ping_status":"closed","template":"","meta":[],"product_brand":[],"product_cat":[992],"product_tag":[385,386,472,1037,1097],"class_list":{"0":"post-29679","1":"product","2":"type-product","3":"status-publish","4":"has-post-thumbnail","6":"product_cat-siltumnicas-aksesuars","7":"product_tag-siltumnica","8":"product_tag-siltumnicas","9":"product_tag-vitavia-lv","10":"product_tag-automatika","11":"product_tag-gaisa-atvere","12":"infinite-scroll-item","13":"no-featured-image-padding","14":"sales-flash-overlay","15":"woocommerce-text-align-left","16":"woocommerce-image-align-center","17":"do-quantity-buttons","19":"first","20":"instock","21":"shipping-taxable","22":"purchasable","23":"product-type-simple"},"_links":{"self":[{"href":"https:\/\/vitavia.lv\/kasvuhoone\/wp-json\/wp\/v2\/product\/29679","targetHints":{"allow":["GET"]}}],"collection":[{"href":"https:\/\/vitavia.lv\/kasvuhoone\/wp-json\/wp\/v2\/product"}],"about":[{"href":"https:\/\/vitavia.lv\/kasvuhoone\/wp-json\/wp\/v2\/types\/product"}],"replies":[{"embeddable":true,"href":"https:\/\/vitavia.lv\/kasvuhoone\/wp-json\/wp\/v2\/comments?post=29679"}],"wp:featuredmedia":[{"embeddable":true,"href":"https:\/\/vitavia.lv\/kasvuhoone\/wp-json\/wp\/v2\/media\/14142"}],"wp:attachment":[{"href":"https:\/\/vitavia.lv\/kasvuhoone\/wp-json\/wp\/v2\/media?parent=29679"}],"wp:term":[{"taxonomy":"product_brand","embeddable":true,"href":"https:\/\/vitavia.lv\/kasvuhoone\/wp-json\/wp\/v2\/product_brand?post=29679"},{"taxonomy":"product_cat","embeddable":true,"href":"https:\/\/vitavia.lv\/kasvuhoone\/wp-json\/wp\/v2\/product_cat?post=29679"},{"taxonomy":"product_tag","embeddable":true,"href":"https:\/\/vitavia.lv\/kasvuhoone\/wp-json\/wp\/v2\/product_tag?post=29679"}],"curies":[{"name":"wp","href":"https:\/\/api.w.org\/{rel}","templated":true}]}}