{"id":29680,"date":"2017-01-22T13:03:17","date_gmt":"2025-02-11T18:11:45","guid":{"rendered":"https:\/\/vitavia.ee\/kasvuhoone\/toode\/siltumnicas-apakseja-ventilacija\/"},"modified":"2025-02-11T21:11:45","modified_gmt":"2025-02-11T18:11:45","slug":"siltumnicas-apakseja-ventilacija","status":"publish","type":"product","link":"https:\/\/vitavia.lv\/kasvuhoone\/toode\/siltumnicas-apakseja-ventilacija\/","title":{"rendered":"Siltumn\u012bcas apak\u0161\u0113j\u0101 ventil\u0101cija"},"content":{"rendered":"<p><strong>Siltumn\u012bcas apak\u0161as ventil\u0101cijas l\u016bka siltumn\u012bc\u0101m un d\u0101rza paviljoniem<\/strong><\/p>\n<p> Pel\u0113k\u0101 r\u0101mja cena <strong>35 eur<\/strong><br \/>\n Cena par kr\u0101sotu r\u0101mi <strong>50 eur<\/strong><\/p>\n<p> <a href=\"https:\/\/www.pinterest.com\/mwlconstruct\/kasvuhoone\/\">Pinterest<\/a><br \/>\n <a href=\"http:\/\/www.vitavia.ee\/\" rel=\"nofollow\">Vitavia<\/a><\/p>\n","protected":false},"excerpt":{"rendered":"<p>Siltumn\u012bcas apak\u0161as ventil\u0101cijas l\u016bka siltumn\u012bc\u0101m un d\u0101rza paviljoniem Pel\u0113k\u0101 r\u0101mja cena 35 eur Cena par kr\u0101sotu r\u0101mi 50 eur Pinterest Vitavia<\/p>\n","protected":false},"featured_media":13879,"comment_status":"closed","ping_status":"closed","template":"","meta":[],"product_brand":[],"product_cat":[992],"product_tag":[386,388,389,1097,385],"class_list":{"0":"post-29680","1":"product","2":"type-product","3":"status-publish","4":"has-post-thumbnail","6":"product_cat-siltumnicas-aksesuars","7":"product_tag-siltumnicas","8":"product_tag-siltumnica-lv-2","9":"product_tag-siltumnicas-lv","10":"product_tag-gaisa-atvere","11":"product_tag-siltumnica","12":"pa_varv-melns","13":"pa_varv-zals","14":"pa_varv-zale","15":"infinite-scroll-item","16":"no-featured-image-padding","17":"sales-flash-overlay","18":"woocommerce-text-align-left","19":"woocommerce-image-align-center","20":"do-quantity-buttons","22":"first","23":"instock","24":"shipping-taxable","25":"purchasable","26":"product-type-variable"},"_links":{"self":[{"href":"https:\/\/vitavia.lv\/kasvuhoone\/wp-json\/wp\/v2\/product\/29680","targetHints":{"allow":["GET"]}}],"collection":[{"href":"https:\/\/vitavia.lv\/kasvuhoone\/wp-json\/wp\/v2\/product"}],"about":[{"href":"https:\/\/vitavia.lv\/kasvuhoone\/wp-json\/wp\/v2\/types\/product"}],"replies":[{"embeddable":true,"href":"https:\/\/vitavia.lv\/kasvuhoone\/wp-json\/wp\/v2\/comments?post=29680"}],"wp:featuredmedia":[{"embeddable":true,"href":"https:\/\/vitavia.lv\/kasvuhoone\/wp-json\/wp\/v2\/media\/13879"}],"wp:attachment":[{"href":"https:\/\/vitavia.lv\/kasvuhoone\/wp-json\/wp\/v2\/media?parent=29680"}],"wp:term":[{"taxonomy":"product_brand","embeddable":true,"href":"https:\/\/vitavia.lv\/kasvuhoone\/wp-json\/wp\/v2\/product_brand?post=29680"},{"taxonomy":"product_cat","embeddable":true,"href":"https:\/\/vitavia.lv\/kasvuhoone\/wp-json\/wp\/v2\/product_cat?post=29680"},{"taxonomy":"product_tag","embeddable":true,"href":"https:\/\/vitavia.lv\/kasvuhoone\/wp-json\/wp\/v2\/product_tag?post=29680"}],"curies":[{"name":"wp","href":"https:\/\/api.w.org\/{rel}","templated":true}]}}