{"id":29697,"date":"2017-03-03T10:31:16","date_gmt":"2025-02-11T18:11:50","guid":{"rendered":"https:\/\/vitavia.ee\/kasvuhoone\/toode\/higrometrs\/"},"modified":"2025-02-11T21:11:50","modified_gmt":"2025-02-11T18:11:50","slug":"higrometrs","status":"publish","type":"product","link":"https:\/\/vitavia.lv\/kasvuhoone\/toode\/higrometrs\/","title":{"rendered":"Higrometrs"},"content":{"rendered":"<p><span id=\"snippet_meta\" class=\"desc desc-default\"><strong>Higrometrs<\/strong> ir m\u0113rinstruments, kas m\u0113ra mitruma l\u012bmeni. Da\u017eiem augiem ir nepiecie\u0161ams noteikts mitruma l\u012bmenis. Lai to izm\u0113r\u012btu, iesak\u0101m izmantot higrometru.  <\/span><\/p>\n<p><strong>Da\u017eiem augiem ir nepiecie\u0161ams noteikts mitruma l\u012bmenis. Lai to izm\u0113r\u012btu, iesak\u0101m izmantot higrometru. \u0160is ir m\u0113rinstruments, kas m\u0113ra mitruma l\u012bmeni.  <\/strong><\/p>\n<p><a href=\"https:\/\/www.pinterest.com\/mwlconstruct\/kasvuhoone\/\">Pinterest<\/a><br \/>\n<a href=\"http:\/\/www.vitavia.ee\/\" rel=\"nofollow\">Vitavia<\/a><\/p>\n","protected":false},"excerpt":{"rendered":"<p>Higrometrs ir m\u0113rinstruments, kas m\u0113ra mitruma l\u012bmeni. Da\u017eiem augiem ir nepiecie\u0161ams noteikts mitruma l\u012bmenis. Lai to izm\u0113r\u012btu, iesak\u0101m izmantot higrometru. Da\u017eiem augiem ir nepiecie\u0161ams noteikts mitruma l\u012bmenis. Lai to izm\u0113r\u012btu, iesak\u0101m izmantot higrometru. \u0160is ir m\u0113rinstruments, kas m\u0113ra mitruma l\u012bmeni. Pinterest Vitavia<\/p>\n","protected":false},"featured_media":13860,"comment_status":"closed","ping_status":"closed","template":"","meta":[],"product_brand":[],"product_cat":[992],"product_tag":[],"class_list":{"0":"post-29697","1":"product","2":"type-product","3":"status-publish","4":"has-post-thumbnail","6":"product_cat-siltumnicas-aksesuars","7":"infinite-scroll-item","8":"no-featured-image-padding","9":"sales-flash-overlay","10":"woocommerce-text-align-left","11":"woocommerce-image-align-center","12":"do-quantity-buttons","14":"first","15":"instock","16":"shipping-taxable","17":"purchasable","18":"product-type-simple"},"_links":{"self":[{"href":"https:\/\/vitavia.lv\/kasvuhoone\/wp-json\/wp\/v2\/product\/29697","targetHints":{"allow":["GET"]}}],"collection":[{"href":"https:\/\/vitavia.lv\/kasvuhoone\/wp-json\/wp\/v2\/product"}],"about":[{"href":"https:\/\/vitavia.lv\/kasvuhoone\/wp-json\/wp\/v2\/types\/product"}],"replies":[{"embeddable":true,"href":"https:\/\/vitavia.lv\/kasvuhoone\/wp-json\/wp\/v2\/comments?post=29697"}],"wp:featuredmedia":[{"embeddable":true,"href":"https:\/\/vitavia.lv\/kasvuhoone\/wp-json\/wp\/v2\/media\/13860"}],"wp:attachment":[{"href":"https:\/\/vitavia.lv\/kasvuhoone\/wp-json\/wp\/v2\/media?parent=29697"}],"wp:term":[{"taxonomy":"product_brand","embeddable":true,"href":"https:\/\/vitavia.lv\/kasvuhoone\/wp-json\/wp\/v2\/product_brand?post=29697"},{"taxonomy":"product_cat","embeddable":true,"href":"https:\/\/vitavia.lv\/kasvuhoone\/wp-json\/wp\/v2\/product_cat?post=29697"},{"taxonomy":"product_tag","embeddable":true,"href":"https:\/\/vitavia.lv\/kasvuhoone\/wp-json\/wp\/v2\/product_tag?post=29697"}],"curies":[{"name":"wp","href":"https:\/\/api.w.org\/{rel}","templated":true}]}}