{"id":29698,"date":"2018-12-28T19:56:49","date_gmt":"2025-02-11T18:11:50","guid":{"rendered":"https:\/\/vitavia.ee\/kasvuhoone\/toode\/siltumnicas-aluminija-skruves-un-uzgriezni\/"},"modified":"2025-02-11T21:11:50","modified_gmt":"2025-02-11T18:11:50","slug":"siltumnicas-aluminija-skruves-un-uzgriezni","status":"publish","type":"product","link":"https:\/\/vitavia.lv\/kasvuhoone\/toode\/siltumnicas-aluminija-skruves-un-uzgriezni\/","title":{"rendered":"Siltumn\u012bcas alum\u012bnija skr\u016bves un uzgrie\u017e\u0146i"},"content":{"rendered":"<h4><strong><a href=\"https:\/\/vitavia.ee\/\">Siltumn\u012bcas<\/a> alum\u012bnija 6 mm skr\u016bvju un uzgrie\u017e\u0146u papildu komplekts, 10 gab.<\/strong><\/h4>\n","protected":false},"excerpt":{"rendered":"<p>Siltumn\u012bcas alum\u012bnija 6 mm skr\u016bvju un uzgrie\u017e\u0146u papildu komplekts, 10 gab.<\/p>\n","protected":false},"featured_media":13870,"comment_status":"closed","ping_status":"closed","template":"","meta":[],"product_brand":[],"product_cat":[992],"product_tag":[387,1022,389,1033,390,391,442,443,444,472,514,385,386,1000],"class_list":{"0":"post-29698","1":"product","2":"type-product","3":"status-publish","4":"has-post-thumbnail","6":"product_cat-siltumnicas-aksesuars","7":"product_tag-siltumnica-lv","8":"product_tag-skruves","9":"product_tag-siltumnicas-lv","10":"product_tag-uzgriezni","11":"product_tag-triiphone-lv","12":"product_tag-triplex-lv","13":"product_tag-darza-maja","14":"product_tag-aiapaviljons","15":"product_tag-stikla-paviljons","16":"product_tag-vitavia-lv","17":"product_tag-6-mm-lv","18":"product_tag-siltumnica","19":"product_tag-siltumnicas","20":"product_tag-aluminijs","21":"infinite-scroll-item","22":"no-featured-image-padding","23":"sales-flash-overlay","24":"woocommerce-text-align-left","25":"woocommerce-image-align-center","26":"do-quantity-buttons","28":"first","29":"instock","30":"shipping-taxable","31":"purchasable","32":"product-type-simple"},"_links":{"self":[{"href":"https:\/\/vitavia.lv\/kasvuhoone\/wp-json\/wp\/v2\/product\/29698","targetHints":{"allow":["GET"]}}],"collection":[{"href":"https:\/\/vitavia.lv\/kasvuhoone\/wp-json\/wp\/v2\/product"}],"about":[{"href":"https:\/\/vitavia.lv\/kasvuhoone\/wp-json\/wp\/v2\/types\/product"}],"replies":[{"embeddable":true,"href":"https:\/\/vitavia.lv\/kasvuhoone\/wp-json\/wp\/v2\/comments?post=29698"}],"wp:featuredmedia":[{"embeddable":true,"href":"https:\/\/vitavia.lv\/kasvuhoone\/wp-json\/wp\/v2\/media\/13870"}],"wp:attachment":[{"href":"https:\/\/vitavia.lv\/kasvuhoone\/wp-json\/wp\/v2\/media?parent=29698"}],"wp:term":[{"taxonomy":"product_brand","embeddable":true,"href":"https:\/\/vitavia.lv\/kasvuhoone\/wp-json\/wp\/v2\/product_brand?post=29698"},{"taxonomy":"product_cat","embeddable":true,"href":"https:\/\/vitavia.lv\/kasvuhoone\/wp-json\/wp\/v2\/product_cat?post=29698"},{"taxonomy":"product_tag","embeddable":true,"href":"https:\/\/vitavia.lv\/kasvuhoone\/wp-json\/wp\/v2\/product_tag?post=29698"}],"curies":[{"name":"wp","href":"https:\/\/api.w.org\/{rel}","templated":true}]}}