{"id":29707,"date":"2020-12-21T15:34:36","date_gmt":"2025-02-11T18:11:55","guid":{"rendered":"https:\/\/vitavia.ee\/kasvuhoone\/toode\/perforeta-gala-lenta-laminetai-plastmasai\/"},"modified":"2025-02-11T21:11:55","modified_gmt":"2025-02-11T18:11:55","slug":"perforeta-gala-lenta-laminetai-plastmasai","status":"publish","type":"product","link":"https:\/\/vitavia.lv\/kasvuhoone\/toode\/perforeta-gala-lenta-laminetai-plastmasai\/","title":{"rendered":"Perfor\u0113ta gala lenta lamin\u0113tai plastmasai"},"content":{"rendered":"<h5><strong>Ventil\u0101cijas perfor\u0113t\u0101 lente \u2013 lamin\u0113tas plastmasas apak\u0161\u0113j\u0101 atv\u0113rt\u0101 gala bl\u012bv\u0113\u0161anai:<\/strong><\/h5>\n<ul>\n<li>platums 25 mm, 33 metri \u2013 cena 45 eur<\/li>\n<li>platums 28 mm, 6,5 metri \u2013 cena 29 eur<\/li>\n<li>platums 28 mm, 33 metri \u2013 cena 75 eur<\/li>\n<li>platums 38 mm, 6,5 metri \u2013 cena 45 eur<\/li>\n<li>platums 38 mm, 33 metri \u2013 cena 95 eur<\/li>\n<\/ul>\n<p>U veida sloksne 6 mm polikarbon\u0101tam lentes aizsardz\u012bbai, garums 2100 mm \u2013 6 EUR<\/p>\n<div>Noteikti iesak\u0101m vienm\u0113r piel\u012bm\u0113t polikarbon\u0101ta pane\u013cu va\u013c\u0113jos galus uz siltumn\u012bcas, lai putek\u013ci, net\u012brumi, kukai\u0146i un jebk\u0101di savva\u013cas dz\u012bvnieki, kas var\u0113tu iedz\u012bvoties, nevar\u0113tu iek\u013c\u016bt un pane\u013ci kalpos ilgi un izskat\u012btos skaisti.<\/div>\n<div>M\u0113s iesak\u0101m aug\u0161\u0113jos galus aizz\u012bmogot ar neelpojo\u0161u lenti un apak\u0161\u0113jos ar <span class=\"il\">perfor\u0113tu<\/span> un elpojo\u0161u lenti (lai mitrums var\u0113tu izk\u013c\u016bt).<br \/>\n M\u0113s iesak\u0101m ar\u012b novietot U-veida sloksni apak\u0161\u0101 un elpojo\u0161u lenti aizsardz\u012bbai.<\/div>\n<div><\/div>\n<p><a href=\"https:\/\/www.pinterest.com\/mwlconstruct\/kasvuhoone\/\">Pinterest<\/a><br \/>\n<a href=\"http:\/\/www.vitavia.ee\/\" rel=\"nofollow\">Vitavia<\/a><\/p>\n","protected":false},"excerpt":{"rendered":"<p>Ventil\u0101cijas perfor\u0113t\u0101 lente \u2013 lamin\u0113tas plastmasas apak\u0161\u0113j\u0101 atv\u0113rt\u0101 gala bl\u012bv\u0113\u0161anai: platums 25 mm, 33 metri \u2013 cena 45 eur platums 28 mm, 6,5 metri \u2013 cena 29 eur platums 28 mm, 33 metri \u2013 cena 75 eur platums 38 mm, 6,5 metri \u2013 cena 45 eur platums 38 mm, 33 metri \u2013 cena 95 eur &#8230; <\/p>\n<p class=\"read-more-container\"><a title=\"Perfor\u0113ta gala lenta lamin\u0113tai plastmasai\" class=\"read-more button\" href=\"https:\/\/vitavia.lv\/kasvuhoone\/toode\/perforeta-gala-lenta-laminetai-plastmasai\/#more-29707\" aria-label=\"Read more about Perfor\u0113ta gala lenta lamin\u0113tai plastmasai\">Read more<\/a><\/p>\n","protected":false},"featured_media":14468,"comment_status":"closed","ping_status":"closed","template":"","meta":[],"product_brand":[],"product_cat":[992],"product_tag":[],"class_list":{"0":"post-29707","1":"product","2":"type-product","3":"status-publish","4":"has-post-thumbnail","6":"product_cat-siltumnicas-aksesuars","7":"infinite-scroll-item","8":"no-featured-image-padding","9":"sales-flash-overlay","10":"woocommerce-text-align-left","11":"woocommerce-image-align-center","12":"do-quantity-buttons","14":"first","15":"instock","16":"shipping-taxable","17":"purchasable","18":"product-type-simple"},"_links":{"self":[{"href":"https:\/\/vitavia.lv\/kasvuhoone\/wp-json\/wp\/v2\/product\/29707","targetHints":{"allow":["GET"]}}],"collection":[{"href":"https:\/\/vitavia.lv\/kasvuhoone\/wp-json\/wp\/v2\/product"}],"about":[{"href":"https:\/\/vitavia.lv\/kasvuhoone\/wp-json\/wp\/v2\/types\/product"}],"replies":[{"embeddable":true,"href":"https:\/\/vitavia.lv\/kasvuhoone\/wp-json\/wp\/v2\/comments?post=29707"}],"wp:featuredmedia":[{"embeddable":true,"href":"https:\/\/vitavia.lv\/kasvuhoone\/wp-json\/wp\/v2\/media\/14468"}],"wp:attachment":[{"href":"https:\/\/vitavia.lv\/kasvuhoone\/wp-json\/wp\/v2\/media?parent=29707"}],"wp:term":[{"taxonomy":"product_brand","embeddable":true,"href":"https:\/\/vitavia.lv\/kasvuhoone\/wp-json\/wp\/v2\/product_brand?post=29707"},{"taxonomy":"product_cat","embeddable":true,"href":"https:\/\/vitavia.lv\/kasvuhoone\/wp-json\/wp\/v2\/product_cat?post=29707"},{"taxonomy":"product_tag","embeddable":true,"href":"https:\/\/vitavia.lv\/kasvuhoone\/wp-json\/wp\/v2\/product_tag?post=29707"}],"curies":[{"name":"wp","href":"https:\/\/api.w.org\/{rel}","templated":true}]}}