{"id":29718,"date":"2021-02-11T16:13:36","date_gmt":"2025-02-11T18:12:00","guid":{"rendered":"https:\/\/vitavia.ee\/kasvuhoone\/toode\/parvads-brauksanai-pari-siltumnicas-pamatnes-karkasam\/"},"modified":"2025-02-11T21:12:00","modified_gmt":"2025-02-11T18:12:00","slug":"parvads-brauksanai-pari-siltumnicas-pamatnes-karkasam","status":"publish","type":"product","link":"https:\/\/vitavia.lv\/kasvuhoone\/toode\/parvads-brauksanai-pari-siltumnicas-pamatnes-karkasam\/","title":{"rendered":"P\u0101rvads brauk\u0161anai p\u0101ri siltumn\u012bcas pamatnes karkasam"},"content":{"rendered":"<p>Paredz\u0113ts iek\u013c\u016b\u0161anai siltumn\u012bc\u0101 ar d\u0101rza rati\u0146iem virs pamatnes r\u0101mja. Piem\u0113rots <a href=\"https:\/\/vitavia.ee\/kasvuhoone\/tootekategooria\/kasvuhooned\/prestige\/\">Prestige<\/a> un Star siltumn\u012bcu mode\u013ciem. 2 da\u013cas vien\u0101 komplekt\u0101.  <\/p>\n","protected":false},"excerpt":{"rendered":"<p>Paredz\u0113ts iek\u013c\u016b\u0161anai siltumn\u012bc\u0101 ar d\u0101rza rati\u0146iem virs pamatnes r\u0101mja. Piem\u0113rots Prestige un Star siltumn\u012bcu mode\u013ciem. 2 da\u013cas vien\u0101 komplekt\u0101.<\/p>\n","protected":false},"featured_media":14547,"comment_status":"closed","ping_status":"closed","template":"","meta":[],"product_brand":[],"product_cat":[992],"product_tag":[],"class_list":{"0":"post-29718","1":"product","2":"type-product","3":"status-publish","4":"has-post-thumbnail","6":"product_cat-siltumnicas-aksesuars","7":"infinite-scroll-item","8":"no-featured-image-padding","9":"sales-flash-overlay","10":"woocommerce-text-align-left","11":"woocommerce-image-align-center","12":"do-quantity-buttons","14":"first","15":"instock","16":"shipping-taxable","17":"purchasable","18":"product-type-simple"},"_links":{"self":[{"href":"https:\/\/vitavia.lv\/kasvuhoone\/wp-json\/wp\/v2\/product\/29718","targetHints":{"allow":["GET"]}}],"collection":[{"href":"https:\/\/vitavia.lv\/kasvuhoone\/wp-json\/wp\/v2\/product"}],"about":[{"href":"https:\/\/vitavia.lv\/kasvuhoone\/wp-json\/wp\/v2\/types\/product"}],"replies":[{"embeddable":true,"href":"https:\/\/vitavia.lv\/kasvuhoone\/wp-json\/wp\/v2\/comments?post=29718"}],"wp:featuredmedia":[{"embeddable":true,"href":"https:\/\/vitavia.lv\/kasvuhoone\/wp-json\/wp\/v2\/media\/14547"}],"wp:attachment":[{"href":"https:\/\/vitavia.lv\/kasvuhoone\/wp-json\/wp\/v2\/media?parent=29718"}],"wp:term":[{"taxonomy":"product_brand","embeddable":true,"href":"https:\/\/vitavia.lv\/kasvuhoone\/wp-json\/wp\/v2\/product_brand?post=29718"},{"taxonomy":"product_cat","embeddable":true,"href":"https:\/\/vitavia.lv\/kasvuhoone\/wp-json\/wp\/v2\/product_cat?post=29718"},{"taxonomy":"product_tag","embeddable":true,"href":"https:\/\/vitavia.lv\/kasvuhoone\/wp-json\/wp\/v2\/product_tag?post=29718"}],"curies":[{"name":"wp","href":"https:\/\/api.w.org\/{rel}","templated":true}]}}