{"id":29788,"date":"2017-03-03T09:49:12","date_gmt":"2025-02-11T19:20:42","guid":{"rendered":"https:\/\/vitavia.ee\/kasvuhoone\/toode\/saules-ventilators\/"},"modified":"2025-02-11T22:20:42","modified_gmt":"2025-02-11T19:20:42","slug":"saules-ventilators","status":"publish","type":"product","link":"https:\/\/vitavia.lv\/kasvuhoone\/toode\/saules-ventilators\/","title":{"rendered":"Saules ventilators"},"content":{"rendered":"<p>Ar saules ener\u0123iju darbin\u0101ma piespiedu ventil\u0101cijas sist\u0113ma. Jo sp\u0113c\u012bg\u0101k sp\u012bd saule, jo vair\u0101k gaisa tiek izp\u016bsts no iek\u0161puses. Ir iesp\u0113ja to izsl\u0113gt. Piem\u0113rots siltumn\u012bcai, kad nav iesp\u0113jas atv\u0113rt durvis ventil\u0101cijai.  <\/p>\n<p><a href=\"https:\/\/www.pinterest.com\/mwlconstruct\/kasvuhoone\/\">Pinterest<\/a><br \/>\n<a href=\"http:\/\/www.vitavia.ee\/\" rel=\"nofollow\">Vitavia<\/a><\/p>\n","protected":false},"excerpt":{"rendered":"<p>Saules pane\u013cu darbin\u0101ma ventil\u0101cijas sist\u0113ma.<\/p>\n","protected":false},"featured_media":14111,"comment_status":"closed","ping_status":"closed","template":"","meta":[],"product_brand":[],"product_cat":[992],"product_tag":[],"class_list":{"0":"post-29788","1":"product","2":"type-product","3":"status-publish","4":"has-post-thumbnail","6":"product_cat-siltumnicas-aksesuars","7":"infinite-scroll-item","8":"no-featured-image-padding","9":"sales-flash-overlay","10":"woocommerce-text-align-left","11":"woocommerce-image-align-center","12":"do-quantity-buttons","14":"first","15":"instock","16":"shipping-taxable","17":"purchasable","18":"product-type-simple"},"_links":{"self":[{"href":"https:\/\/vitavia.lv\/kasvuhoone\/wp-json\/wp\/v2\/product\/29788","targetHints":{"allow":["GET"]}}],"collection":[{"href":"https:\/\/vitavia.lv\/kasvuhoone\/wp-json\/wp\/v2\/product"}],"about":[{"href":"https:\/\/vitavia.lv\/kasvuhoone\/wp-json\/wp\/v2\/types\/product"}],"replies":[{"embeddable":true,"href":"https:\/\/vitavia.lv\/kasvuhoone\/wp-json\/wp\/v2\/comments?post=29788"}],"wp:featuredmedia":[{"embeddable":true,"href":"https:\/\/vitavia.lv\/kasvuhoone\/wp-json\/wp\/v2\/media\/14111"}],"wp:attachment":[{"href":"https:\/\/vitavia.lv\/kasvuhoone\/wp-json\/wp\/v2\/media?parent=29788"}],"wp:term":[{"taxonomy":"product_brand","embeddable":true,"href":"https:\/\/vitavia.lv\/kasvuhoone\/wp-json\/wp\/v2\/product_brand?post=29788"},{"taxonomy":"product_cat","embeddable":true,"href":"https:\/\/vitavia.lv\/kasvuhoone\/wp-json\/wp\/v2\/product_cat?post=29788"},{"taxonomy":"product_tag","embeddable":true,"href":"https:\/\/vitavia.lv\/kasvuhoone\/wp-json\/wp\/v2\/product_tag?post=29788"}],"curies":[{"name":"wp","href":"https:\/\/api.w.org\/{rel}","templated":true}]}}