{"id":29799,"date":"2017-03-03T10:55:12","date_gmt":"2025-02-11T19:20:47","guid":{"rendered":"https:\/\/vitavia.ee\/kasvuhoone\/toode\/min-max-termometrs\/"},"modified":"2025-02-11T22:20:47","modified_gmt":"2025-02-11T19:20:47","slug":"min-max-termometrs","status":"publish","type":"product","link":"https:\/\/vitavia.lv\/kasvuhoone\/toode\/min-max-termometrs\/","title":{"rendered":"Min-max termometrs"},"content":{"rendered":"<p><strong>Min-max termometrs temperat\u016bras m\u0113r\u012b\u0161anai siltumn\u012bc\u0101.<\/strong><\/p>\n<p>Audz\u0113jot augus, ir \u013coti svar\u012bgi zin\u0101t temperat\u016bru siltumn\u012bc\u0101. Termometram j\u0101b\u016bt katr\u0101 siltumn\u012bc\u0101. <\/p>\n<p><a href=\"https:\/\/www.pinterest.com\/mwlconstruct\/kasvuhoone\/\">Pinterest<\/a><br \/>\n<a href=\"http:\/\/www.vitavia.ee\/\">Vitavia<\/a><\/p>\n","protected":false},"excerpt":{"rendered":"<p>Min-max termometrs temperat\u016bras m\u0113r\u012b\u0161anai siltumn\u012bc\u0101. Audz\u0113jot augus, ir \u013coti svar\u012bgi zin\u0101t temperat\u016bru siltumn\u012bc\u0101. Termometram j\u0101b\u016bt katr\u0101 siltumn\u012bc\u0101. Pinterest Vitavia<\/p>\n","protected":false},"featured_media":14101,"comment_status":"closed","ping_status":"closed","template":"","meta":[],"product_brand":[],"product_cat":[992],"product_tag":[],"class_list":{"0":"post-29799","1":"product","2":"type-product","3":"status-publish","4":"has-post-thumbnail","6":"product_cat-siltumnicas-aksesuars","7":"infinite-scroll-item","8":"no-featured-image-padding","9":"sales-flash-overlay","10":"woocommerce-text-align-left","11":"woocommerce-image-align-center","12":"do-quantity-buttons","14":"first","15":"instock","16":"shipping-taxable","17":"purchasable","18":"product-type-simple"},"_links":{"self":[{"href":"https:\/\/vitavia.lv\/kasvuhoone\/wp-json\/wp\/v2\/product\/29799","targetHints":{"allow":["GET"]}}],"collection":[{"href":"https:\/\/vitavia.lv\/kasvuhoone\/wp-json\/wp\/v2\/product"}],"about":[{"href":"https:\/\/vitavia.lv\/kasvuhoone\/wp-json\/wp\/v2\/types\/product"}],"replies":[{"embeddable":true,"href":"https:\/\/vitavia.lv\/kasvuhoone\/wp-json\/wp\/v2\/comments?post=29799"}],"wp:featuredmedia":[{"embeddable":true,"href":"https:\/\/vitavia.lv\/kasvuhoone\/wp-json\/wp\/v2\/media\/14101"}],"wp:attachment":[{"href":"https:\/\/vitavia.lv\/kasvuhoone\/wp-json\/wp\/v2\/media?parent=29799"}],"wp:term":[{"taxonomy":"product_brand","embeddable":true,"href":"https:\/\/vitavia.lv\/kasvuhoone\/wp-json\/wp\/v2\/product_brand?post=29799"},{"taxonomy":"product_cat","embeddable":true,"href":"https:\/\/vitavia.lv\/kasvuhoone\/wp-json\/wp\/v2\/product_cat?post=29799"},{"taxonomy":"product_tag","embeddable":true,"href":"https:\/\/vitavia.lv\/kasvuhoone\/wp-json\/wp\/v2\/product_tag?post=29799"}],"curies":[{"name":"wp","href":"https:\/\/api.w.org\/{rel}","templated":true}]}}