{"id":29835,"date":"2018-04-02T11:41:47","date_gmt":"2025-02-11T19:26:41","guid":{"rendered":"https:\/\/vitavia.ee\/kasvuhoone\/toode\/varsts-udens-daudzuma-regulesanai\/"},"modified":"2025-02-11T22:26:41","modified_gmt":"2025-02-11T19:26:41","slug":"varsts-udens-daudzuma-regulesanai","status":"publish","type":"product","link":"https:\/\/vitavia.lv\/kasvuhoone\/toode\/varsts-udens-daudzuma-regulesanai\/","title":{"rendered":"V\u0101rsts \u016bdens daudzuma regul\u0113\u0161anai"},"content":{"rendered":"<p>V\u0101rsts \u016bdens daudzuma regul\u0113\u0161anai starp ap\u016bde\u0146o\u0161anas sist\u0113mu un \u016bdensvadu.<br \/>\n V\u0101rsts \u013cauj regul\u0113t \u016bdens daudzumu no \u016bdensvada uz ap\u016bde\u0146o\u0161anas sist\u0113mu. Ir iesp\u0113jams regul\u0113t laist\u012b\u0161anu no 10 l\u012bdz 100 litriem \u016bdens dien\u0101.<\/p>\n","protected":false},"excerpt":{"rendered":"<p>V\u0101rsts \u016bdens daudzuma regul\u0113\u0161anai starp ap\u016bde\u0146o\u0161anas sist\u0113mu un \u016bdensvadu. V\u0101rsts \u013cauj regul\u0113t \u016bdens daudzumu no \u016bdensvada uz ap\u016bde\u0146o\u0161anas sist\u0113mu. Ir iesp\u0113jams regul\u0113t laist\u012b\u0161anu no 10 l\u012bdz 100 litriem \u016bdens dien\u0101.<\/p>\n","protected":false},"featured_media":14192,"comment_status":"closed","ping_status":"closed","template":"","meta":[],"product_brand":[],"product_cat":[992],"product_tag":[],"class_list":{"0":"post-29835","1":"product","2":"type-product","3":"status-publish","4":"has-post-thumbnail","6":"product_cat-siltumnicas-aksesuars","7":"infinite-scroll-item","8":"no-featured-image-padding","9":"sales-flash-overlay","10":"woocommerce-text-align-left","11":"woocommerce-image-align-center","12":"do-quantity-buttons","14":"first","15":"instock","16":"sale","17":"shipping-taxable","18":"purchasable","19":"product-type-simple"},"_links":{"self":[{"href":"https:\/\/vitavia.lv\/kasvuhoone\/wp-json\/wp\/v2\/product\/29835","targetHints":{"allow":["GET"]}}],"collection":[{"href":"https:\/\/vitavia.lv\/kasvuhoone\/wp-json\/wp\/v2\/product"}],"about":[{"href":"https:\/\/vitavia.lv\/kasvuhoone\/wp-json\/wp\/v2\/types\/product"}],"replies":[{"embeddable":true,"href":"https:\/\/vitavia.lv\/kasvuhoone\/wp-json\/wp\/v2\/comments?post=29835"}],"wp:featuredmedia":[{"embeddable":true,"href":"https:\/\/vitavia.lv\/kasvuhoone\/wp-json\/wp\/v2\/media\/14192"}],"wp:attachment":[{"href":"https:\/\/vitavia.lv\/kasvuhoone\/wp-json\/wp\/v2\/media?parent=29835"}],"wp:term":[{"taxonomy":"product_brand","embeddable":true,"href":"https:\/\/vitavia.lv\/kasvuhoone\/wp-json\/wp\/v2\/product_brand?post=29835"},{"taxonomy":"product_cat","embeddable":true,"href":"https:\/\/vitavia.lv\/kasvuhoone\/wp-json\/wp\/v2\/product_cat?post=29835"},{"taxonomy":"product_tag","embeddable":true,"href":"https:\/\/vitavia.lv\/kasvuhoone\/wp-json\/wp\/v2\/product_tag?post=29835"}],"curies":[{"name":"wp","href":"https:\/\/api.w.org\/{rel}","templated":true}]}}