{"id":29839,"date":"2021-02-21T12:51:49","date_gmt":"2025-02-11T19:27:14","guid":{"rendered":"https:\/\/vitavia.ee\/kasvuhoone\/toode\/augu-iekarinasanas-cilpas\/"},"modified":"2025-02-11T22:27:14","modified_gmt":"2025-02-11T19:27:14","slug":"augu-iekarinasanas-cilpas","status":"publish","type":"product","link":"https:\/\/vitavia.lv\/kasvuhoone\/toode\/augu-iekarinasanas-cilpas\/","title":{"rendered":"Augu iekarin\u0101\u0161anas cilpas"},"content":{"rendered":"","protected":false},"excerpt":{"rendered":"<p>Komplekt\u0101 10 gab.<\/p>\n","protected":false},"featured_media":14557,"comment_status":"closed","ping_status":"closed","template":"","meta":[],"product_brand":[],"product_cat":[992],"product_tag":[385,386,1072],"class_list":{"0":"post-29839","1":"product","2":"type-product","3":"status-publish","4":"has-post-thumbnail","6":"product_cat-siltumnicas-aksesuars","7":"product_tag-siltumnica","8":"product_tag-siltumnicas","9":"product_tag-augu-pakaramie","10":"infinite-scroll-item","11":"no-featured-image-padding","12":"sales-flash-overlay","13":"woocommerce-text-align-left","14":"woocommerce-image-align-center","15":"do-quantity-buttons","17":"first","18":"instock","19":"shipping-taxable","20":"purchasable","21":"product-type-simple"},"_links":{"self":[{"href":"https:\/\/vitavia.lv\/kasvuhoone\/wp-json\/wp\/v2\/product\/29839","targetHints":{"allow":["GET"]}}],"collection":[{"href":"https:\/\/vitavia.lv\/kasvuhoone\/wp-json\/wp\/v2\/product"}],"about":[{"href":"https:\/\/vitavia.lv\/kasvuhoone\/wp-json\/wp\/v2\/types\/product"}],"replies":[{"embeddable":true,"href":"https:\/\/vitavia.lv\/kasvuhoone\/wp-json\/wp\/v2\/comments?post=29839"}],"wp:featuredmedia":[{"embeddable":true,"href":"https:\/\/vitavia.lv\/kasvuhoone\/wp-json\/wp\/v2\/media\/14557"}],"wp:attachment":[{"href":"https:\/\/vitavia.lv\/kasvuhoone\/wp-json\/wp\/v2\/media?parent=29839"}],"wp:term":[{"taxonomy":"product_brand","embeddable":true,"href":"https:\/\/vitavia.lv\/kasvuhoone\/wp-json\/wp\/v2\/product_brand?post=29839"},{"taxonomy":"product_cat","embeddable":true,"href":"https:\/\/vitavia.lv\/kasvuhoone\/wp-json\/wp\/v2\/product_cat?post=29839"},{"taxonomy":"product_tag","embeddable":true,"href":"https:\/\/vitavia.lv\/kasvuhoone\/wp-json\/wp\/v2\/product_tag?post=29839"}],"curies":[{"name":"wp","href":"https:\/\/api.w.org\/{rel}","templated":true}]}}