{"id":29843,"date":"2018-12-28T19:08:06","date_gmt":"2025-02-11T19:27:15","guid":{"rendered":"https:\/\/vitavia.ee\/kasvuhoone\/toode\/siltumnicu-bidamo-durvju-rullisi\/"},"modified":"2025-02-11T22:27:15","modified_gmt":"2025-02-11T19:27:15","slug":"siltumnicu-bidamo-durvju-rullisi","status":"publish","type":"product","link":"https:\/\/vitavia.lv\/kasvuhoone\/toode\/siltumnicu-bidamo-durvju-rullisi\/","title":{"rendered":"Siltumn\u012bcu b\u012bd\u0101mo durvju rull\u012b\u0161i"},"content":{"rendered":"<p>Papildu plastmasas b\u012bd\u0101mo durvju rull\u012b\u0161u komplekts gad\u012bjumam, ja vecie ru\u013c\u013ci nolietojas.<br \/>\n Komplekt\u0101 divi rull\u012b\u0161i + uzgrie\u017e\u0146i\/bultskr\u016bves<\/p>\n","protected":false},"excerpt":{"rendered":"<p>Papildu plastmasas b\u012bd\u0101mo durvju rull\u012b\u0161u komplekts gad\u012bjumam, ja vecie ru\u013c\u013ci nolietojas. Komplekt\u0101 divi rull\u012b\u0161i + uzgrie\u017e\u0146i\/bultskr\u016bves<\/p>\n","protected":false},"featured_media":14166,"comment_status":"closed","ping_status":"closed","template":"","meta":[],"product_brand":[],"product_cat":[992],"product_tag":[],"class_list":{"0":"post-29843","1":"product","2":"type-product","3":"status-publish","4":"has-post-thumbnail","6":"product_cat-siltumnicas-aksesuars","7":"infinite-scroll-item","8":"no-featured-image-padding","9":"sales-flash-overlay","10":"woocommerce-text-align-left","11":"woocommerce-image-align-center","12":"do-quantity-buttons","14":"first","15":"instock","16":"shipping-taxable","17":"purchasable","18":"product-type-simple"},"_links":{"self":[{"href":"https:\/\/vitavia.lv\/kasvuhoone\/wp-json\/wp\/v2\/product\/29843","targetHints":{"allow":["GET"]}}],"collection":[{"href":"https:\/\/vitavia.lv\/kasvuhoone\/wp-json\/wp\/v2\/product"}],"about":[{"href":"https:\/\/vitavia.lv\/kasvuhoone\/wp-json\/wp\/v2\/types\/product"}],"replies":[{"embeddable":true,"href":"https:\/\/vitavia.lv\/kasvuhoone\/wp-json\/wp\/v2\/comments?post=29843"}],"wp:featuredmedia":[{"embeddable":true,"href":"https:\/\/vitavia.lv\/kasvuhoone\/wp-json\/wp\/v2\/media\/14166"}],"wp:attachment":[{"href":"https:\/\/vitavia.lv\/kasvuhoone\/wp-json\/wp\/v2\/media?parent=29843"}],"wp:term":[{"taxonomy":"product_brand","embeddable":true,"href":"https:\/\/vitavia.lv\/kasvuhoone\/wp-json\/wp\/v2\/product_brand?post=29843"},{"taxonomy":"product_cat","embeddable":true,"href":"https:\/\/vitavia.lv\/kasvuhoone\/wp-json\/wp\/v2\/product_cat?post=29843"},{"taxonomy":"product_tag","embeddable":true,"href":"https:\/\/vitavia.lv\/kasvuhoone\/wp-json\/wp\/v2\/product_tag?post=29843"}],"curies":[{"name":"wp","href":"https:\/\/api.w.org\/{rel}","templated":true}]}}